{"id":1726,"date":"2022-12-08T15:23:57","date_gmt":"2022-12-08T12:23:57","guid":{"rendered":"http:\/\/www.edituraunmb.ro\/?post_type=product&#038;p=1726"},"modified":"2024-02-08T16:05:50","modified_gmt":"2024-02-08T13:05:50","slug":"genul-concertant-in-romania-intre-1950-2020","status":"publish","type":"product","link":"https:\/\/www.edituraunmb.ro\/?product=genul-concertant-in-romania-intre-1950-2020","title":{"rendered":"Genul concertant \u00een Rom\u00e2nia \u00eentre 1950-2020"},"content":{"rendered":"<h5>Amplitudinea crea\u021biei concertante rom\u00e2ne\u0219ti de dup\u0103 1950 a r\u0103mas complet necunoscut\u0103 p\u00e2n\u0103 recent, c\u00e2nd, \u00een cadrul proiectului <em>Arhiva rom\u00e2n\u0103 a concertelor pentru solist\/soli\u0219ti \u0219i orchestr\u0103 (Romanian Archive of Concertos)<\/em> &#8211; su\u021binut de Universitatea Na\u021bional\u0103 de Muzic\u0103 Bucure\u0219ti \u0219i de CNFIS prin Fondul de Dezvoltare Institu\u021bional\u0103 &#8211; au fost identificate \u0219i catalogate nu mai pu\u021bin de 725 de concerte rom\u00e2ne\u0219ti, \u00eentr-o varietate de formule solistice, semnate de circa 200 de compozitori.<\/h5>\n<h5 class=\"noindent\">Parte a aceluia\u0219i proiect, volumul de fa\u021b\u0103 promoveaz\u0103, prin zece studii muzicologice, \u201emostre\u201d din acest repertoriu &#8211; de la ipostaze ale unor genuri hibride, precum simfonie concertant\u0103 sau concert-oper\u0103, la lucr\u0103ri solistice pentru vioar\u0103, violoncel, pian, saxofon \u0219i flaut. Exemplaritatea este un atribut comun tuturor crea\u021biilor investigate, apar\u021bin\u00e2nd unor compozitori de prim-plan ai muzicii rom\u00e2ne\u0219ti: Dumitru Capoianu, Dan Dediu, C\u0103lin Ioachimescu, \u0218tefan Niculescu, Radu Paladi, Doina Rotaru, Aurel Stroe, Ede Ter\u00e9nyi, Anatol Vieru. (Florinela Popa)<\/h5>\n","protected":false},"excerpt":{"rendered":"<p>de Florinela Popa (editor) <a href=\"https:\/\/www.edituraunmb.ro\/?product=genul-concertant-in-romania-intre-1950-2020\" style=\"padding-left:10px;\">Mai multe detalii<\/a><\/p>\n","protected":false},"featured_media":1728,"comment_status":"closed","ping_status":"closed","template":"","meta":{"_acf_changed":false},"product_brand":[],"product_cat":[821],"product_tag":[707,853,835,760,712],"class_list":{"0":"post-1726","1":"product","2":"type-product","3":"status-publish","4":"has-post-thumbnail","6":"product_cat-821","7":"product_tag-analiza-muzicala","8":"product_tag-concert","9":"product_tag-muzica-contemporana","10":"product_tag-muzica-moderna","11":"product_tag-muzicologie","12":"p_author-antigona-radulescu","13":"p_author-catalin-cretu","14":"p_author-dan-dediu","15":"p_author-diana-rotaru","16":"p_author-florin-neagoe","17":"p_author-gabriela-bejan","18":"p_author-oana-andreica","19":"p_author-olguta-lupu","20":"p_author-viniciu-moroianu","21":"p_author-vlad-ghinea","22":"t_lucrare-carte","24":"first","25":"instock","26":"shipping-taxable","27":"product-type-simple"},"acf":[],"_links":{"self":[{"href":"https:\/\/www.edituraunmb.ro\/index.php?rest_route=\/wp\/v2\/product\/1726","targetHints":{"allow":["GET"]}}],"collection":[{"href":"https:\/\/www.edituraunmb.ro\/index.php?rest_route=\/wp\/v2\/product"}],"about":[{"href":"https:\/\/www.edituraunmb.ro\/index.php?rest_route=\/wp\/v2\/types\/product"}],"replies":[{"embeddable":true,"href":"https:\/\/www.edituraunmb.ro\/index.php?rest_route=%2Fwp%2Fv2%2Fcomments&post=1726"}],"wp:featuredmedia":[{"embeddable":true,"href":"https:\/\/www.edituraunmb.ro\/index.php?rest_route=\/wp\/v2\/media\/1728"}],"wp:attachment":[{"href":"https:\/\/www.edituraunmb.ro\/index.php?rest_route=%2Fwp%2Fv2%2Fmedia&parent=1726"}],"wp:term":[{"taxonomy":"product_brand","embeddable":true,"href":"https:\/\/www.edituraunmb.ro\/index.php?rest_route=%2Fwp%2Fv2%2Fproduct_brand&post=1726"},{"taxonomy":"product_cat","embeddable":true,"href":"https:\/\/www.edituraunmb.ro\/index.php?rest_route=%2Fwp%2Fv2%2Fproduct_cat&post=1726"},{"taxonomy":"product_tag","embeddable":true,"href":"https:\/\/www.edituraunmb.ro\/index.php?rest_route=%2Fwp%2Fv2%2Fproduct_tag&post=1726"}],"curies":[{"name":"wp","href":"https:\/\/api.w.org\/{rel}","templated":true}]}}