{"id":1729,"date":"2021-09-09T11:38:59","date_gmt":"2021-09-09T08:38:59","guid":{"rendered":"http:\/\/www.edituraunmb.ro\/?post_type=product&#038;p=1729"},"modified":"2024-02-09T11:44:40","modified_gmt":"2024-02-09T08:44:40","slug":"repere-stilistice-si-interpretative-in-creatia-pentru-pian-a-lui-john-ireland","status":"publish","type":"product","link":"https:\/\/www.edituraunmb.ro\/?product=repere-stilistice-si-interpretative-in-creatia-pentru-pian-a-lui-john-ireland","title":{"rendered":"Repere stilistice \u0219i interpretative \u00een crea\u021bia pentru pian a lui John Ireland"},"content":{"rendered":"<h5>Prin acest studiu dar \u0219i prin contribu\u021bia personal\u0103 \u2013 activitatea de concert desf\u0103\u0219urat\u0103 \u00een sezonul 2016-2017, ce a prilejuit colaborarea \u00een concert \u0219i pe disc cu mari arti\u0219ti ai scenei interna\u021bionale \u2013, am \u00eencercat s\u0103 fac cunoscut\u0103 \u0219ipublicului din Rom\u00e2nia crea\u021bia pentru pian a compozitorului englez John Ireland. O cercetare am\u0103nun\u021bit\u0103 a lucr\u0103rilor a generat descoperirea unui univers sonor ce exploateaz\u0103 \u00eentreaga palet\u0103 coloristic\u0103 \u0219i timbral\u0103 a pianului, cre\u00e2nd noi posibilit\u0103\u021bi de exprimare \u0219i o provocare pentru tehnica pianistic\u0103 modern\u0103.<\/h5>\n<h5 class=\"noindent\">\u0218i totu\u0219i&#8230; de ce John Ireland nu a devenit un compozitor de talie interna\u021bional\u0103? Aceast\u0103 \u00eentrebare devine s\u00e2mburele pe care se construie\u0219te \u00eentregul demers al acestei lucr\u0103ri. Cartea de fa\u021b\u0103 este \u00eemp\u0103r\u021bit\u0103 \u00een patru capitole construite \u00een jurul subiectului cercet\u0103rii \u2013 fiecare capitol av\u00e2nd misiunea de a deschide un drum de cunoa\u0219tere \u0219i de descoperire \u2013, \u0219i \u00eel prezint\u0103 pe John Ireland \u00een contextul muzical britanic contemporan, \u00eenf\u0103\u021bi\u0219\u00e2nd pianul ca nucleul central al crea\u021biei sale \u00een trei ipostaze diferite: solistic\u0103, cameral\u0103 \u0219i concertant\u0103. Volumul include \u0219i analizele comparate ale unor \u00eenregistr\u0103ri semnificative, \u0219i interviuri cu figuri de seam\u0103, realizate \u00een vederea includerii unor perspective interpretative a unor muzicieni aviza\u021bi, precum violoncelistul britanic Julian Lloyd Webber \u0219i pianistul britanic Mark Bebbington, nume de referin\u021b\u0103 \u00een interpretarea muzicii britanice. (Rebeca Omordia)<\/h5>\n","protected":false},"excerpt":{"rendered":"<p>Prin acest studiu dar \u0219i prin contribu\u021bia personal\u0103 \u2013 activitatea de concert desf\u0103\u0219urat\u0103 \u00een sezonul 2016-2017, ce a prilejuit colaborarea \u00een concert \u0219i pe disc cu mari arti\u0219ti ai scenei interna\u021bionale \u2013, am \u00eencercat s\u0103 fac cunoscut\u0103 \u0219ipublicului din Rom\u00e2nia &hellip; <a href=\"https:\/\/www.edituraunmb.ro\/?product=repere-stilistice-si-interpretative-in-creatia-pentru-pian-a-lui-john-ireland\" style=\"padding-left:10px;\">Mai multe detalii<\/a><\/p>\n","protected":false},"featured_media":1731,"comment_status":"closed","ping_status":"closed","template":"","meta":{"_acf_changed":false},"product_brand":[],"product_cat":[815],"product_tag":[707,863,862,93],"class_list":{"0":"post-1729","1":"product","2":"type-product","3":"status-publish","4":"has-post-thumbnail","6":"product_cat-815","7":"product_tag-analiza-muzicala","8":"product_tag-interpretare","9":"product_tag-muzica-britanica","10":"product_tag-pian","11":"p_author-rebeca-omordia","12":"t_lucrare-carte","14":"first","15":"instock","16":"shipping-taxable","17":"product-type-simple"},"acf":[],"_links":{"self":[{"href":"https:\/\/www.edituraunmb.ro\/index.php?rest_route=\/wp\/v2\/product\/1729","targetHints":{"allow":["GET"]}}],"collection":[{"href":"https:\/\/www.edituraunmb.ro\/index.php?rest_route=\/wp\/v2\/product"}],"about":[{"href":"https:\/\/www.edituraunmb.ro\/index.php?rest_route=\/wp\/v2\/types\/product"}],"replies":[{"embeddable":true,"href":"https:\/\/www.edituraunmb.ro\/index.php?rest_route=%2Fwp%2Fv2%2Fcomments&post=1729"}],"wp:featuredmedia":[{"embeddable":true,"href":"https:\/\/www.edituraunmb.ro\/index.php?rest_route=\/wp\/v2\/media\/1731"}],"wp:attachment":[{"href":"https:\/\/www.edituraunmb.ro\/index.php?rest_route=%2Fwp%2Fv2%2Fmedia&parent=1729"}],"wp:term":[{"taxonomy":"product_brand","embeddable":true,"href":"https:\/\/www.edituraunmb.ro\/index.php?rest_route=%2Fwp%2Fv2%2Fproduct_brand&post=1729"},{"taxonomy":"product_cat","embeddable":true,"href":"https:\/\/www.edituraunmb.ro\/index.php?rest_route=%2Fwp%2Fv2%2Fproduct_cat&post=1729"},{"taxonomy":"product_tag","embeddable":true,"href":"https:\/\/www.edituraunmb.ro\/index.php?rest_route=%2Fwp%2Fv2%2Fproduct_tag&post=1729"}],"curies":[{"name":"wp","href":"https:\/\/api.w.org\/{rel}","templated":true}]}}