{"id":1741,"date":"2021-12-15T16:50:11","date_gmt":"2021-12-15T13:50:11","guid":{"rendered":"http:\/\/www.edituraunmb.ro\/?post_type=product&#038;p=1741"},"modified":"2024-03-11T12:29:36","modified_gmt":"2024-03-11T09:29:36","slug":"noi-istorii-ale-muzicilor-romanesti-i-de-la-vechi-manuscrise-la-perioada-moderna-a-muzicii-romanesti","status":"publish","type":"product","link":"https:\/\/www.edituraunmb.ro\/?product=noi-istorii-ale-muzicilor-romanesti-i-de-la-vechi-manuscrise-la-perioada-moderna-a-muzicii-romanesti","title":{"rendered":"Noi istorii ale muzicilor rom\u00e2ne\u0219ti I. De la vechi manuscrise la perioada modern\u0103 a muzicii rom\u00e2ne\u0219ti"},"content":{"rendered":"<h5 class=\"noindent\">\u00cen florilegiul apari\u021biilor muzicologice \u00eenscrise sub cupola<strong> Centenarului Uniunii Compozitorilor \u0219i Muzicologilor din Rom\u00e2nia<\/strong>, negre\u0219it locul principal revine celor dou\u0103 volume dedicate istoriei muzicii na\u021bionale, ce acoper\u0103 perioada de la \u00eenceputul secolului al XVI-lea p\u00e2n\u0103 \u00een prezent. Este vorba despre un demers \u0219tiin\u021bific de o anvergur\u0103 \u0219i o consisten\u021b\u0103 excep\u021bionale, la care au contribuit colegial numero\u0219i membri ai breslei, sub coordonarea doamnei Valentina Sandu-Dediu \u0219i a domnului Nicolae Gheorghi\u021b\u0103. Tuturor le adresez, \u00een nume personal \u0219i \u00een numele instutu\u021biei, mul\u021bumiri \u0219i felicit\u0103ri, pentru finalizarea acestui proiect, pe c\u00e2t de amplu, pe at\u00e2t de dificil de realizat, at\u00e2t sub raport hermeneutic, c\u00e2t \u0219i conceptual.<\/h5>\n<h5 class=\"noindent\">Lucrarea etaleaz\u0103 \u00eentr-o manier\u0103 sintetic\u0103 unitar\u0103, \u00eentr-un stil modern \u0219i alert &#8211; degisur, \u00eentr-o derulare etapizat\u0103 &#8211; o perspectiv\u0103 novatoare asupra evolu\u021biei fenomenului sonor autohton, indiferent c\u0103 se refer\u0103 la vechi muzici sacre ori profane, la folclor, la institu\u021bii de profil sau la principalele direc\u021bii de crea\u021bie din sfera praxisului artistic aferent patrimoniului fonic de factur\u0103 savant\u0103, de divertisment, de jazz. Un lucru demn de semnalat vizeaz\u0103 \u00eemprejurarea c\u0103 analizele, cercet\u0103rile, exegezele subiacente nu r\u0103m\u00e2n cantonate \u00een trecutul mai apropiat sau mai dep\u0103rtat, ci se proiecteaz\u0103 conving\u0103tor \u00een actualitatea imediat\u0103, ceea ce le confer\u0103 un grad sporit de interes \u0219i func\u021bionalitate.<\/h5>\n<h5 class=\"noindent\">Nutresc convingere ferm\u0103 c\u0103 tratarea \u00een spe\u021b\u0103, intitulat\u0103 generic <em><strong>Noi istorii ale muzicilor rom\u00e2ne\u0219ti<\/strong><\/em>, va reprezenta cu siguran\u021b\u0103, de acum \u00eenainte, un reper fundamental \u00een sfera istoriografiei noastre, \u0219i totodat\u0103 un instrument de lucru deosebit de util aflat la dispozi\u021bia speciali\u0219tilor din domeniu, deopotriv\u0103 a profesorilor, studen\u021bilor, masteranzilor, doctoranzilor din \u021bar\u0103 \u0219i din str\u0103in\u0103tate, \u00eentru cunoa\u0219terea \u0219i aprecierea corect\u0103 a tezaurului apar\u021bin\u0103tor lumii Euterpei din arealul geografic, cultural \u0219i spiritual carpato-danubiano-pontic. (Adrian Iorgulescu)<\/h5>\n","protected":false},"excerpt":{"rendered":"<h5>de Valentina Sandu-Dediu \u0219i Nicolae Gheorghi\u021b\u0103 (coordonatori)<\/h5>\n<h5>Edi\u021bia a doua rev\u0103zut\u0103<\/h5>\n<h5 class=\"noindent\">Volum \u00een colaborare cu Editura Muzical\u0103<\/h5>\n<p>&nbsp; <a href=\"https:\/\/www.edituraunmb.ro\/?product=noi-istorii-ale-muzicilor-romanesti-i-de-la-vechi-manuscrise-la-perioada-moderna-a-muzicii-romanesti\" style=\"padding-left:10px;\">Mai multe detalii<\/a><\/p>\n","protected":false},"featured_media":1743,"comment_status":"closed","ping_status":"closed","template":"","meta":{"_acf_changed":false},"product_brand":[],"product_cat":[815],"product_tag":[871,872,113,873],"class_list":{"0":"post-1741","1":"product","2":"type-product","3":"status-publish","4":"has-post-thumbnail","6":"product_cat-815","7":"product_tag-istoriografie","8":"product_tag-manuscrise","9":"product_tag-muzica-romaneasca","10":"product_tag-perioada-moderna","11":"p_author-costin-moisil","12":"p_author-florinela-popa","13":"p_author-haiganus-preda-schimek","14":"p_author-nicolae-gheorghita","15":"p_author-valentina-sandu-dediu","16":"p_author-vlad-vaidean","17":"t_lucrare-carte","19":"first","20":"instock","21":"featured","22":"shipping-taxable","23":"product-type-simple"},"acf":[],"_links":{"self":[{"href":"https:\/\/www.edituraunmb.ro\/index.php?rest_route=\/wp\/v2\/product\/1741","targetHints":{"allow":["GET"]}}],"collection":[{"href":"https:\/\/www.edituraunmb.ro\/index.php?rest_route=\/wp\/v2\/product"}],"about":[{"href":"https:\/\/www.edituraunmb.ro\/index.php?rest_route=\/wp\/v2\/types\/product"}],"replies":[{"embeddable":true,"href":"https:\/\/www.edituraunmb.ro\/index.php?rest_route=%2Fwp%2Fv2%2Fcomments&post=1741"}],"wp:featuredmedia":[{"embeddable":true,"href":"https:\/\/www.edituraunmb.ro\/index.php?rest_route=\/wp\/v2\/media\/1743"}],"wp:attachment":[{"href":"https:\/\/www.edituraunmb.ro\/index.php?rest_route=%2Fwp%2Fv2%2Fmedia&parent=1741"}],"wp:term":[{"taxonomy":"product_brand","embeddable":true,"href":"https:\/\/www.edituraunmb.ro\/index.php?rest_route=%2Fwp%2Fv2%2Fproduct_brand&post=1741"},{"taxonomy":"product_cat","embeddable":true,"href":"https:\/\/www.edituraunmb.ro\/index.php?rest_route=%2Fwp%2Fv2%2Fproduct_cat&post=1741"},{"taxonomy":"product_tag","embeddable":true,"href":"https:\/\/www.edituraunmb.ro\/index.php?rest_route=%2Fwp%2Fv2%2Fproduct_tag&post=1741"}],"curies":[{"name":"wp","href":"https:\/\/api.w.org\/{rel}","templated":true}]}}