{"id":1747,"date":"2022-11-11T17:16:36","date_gmt":"2022-11-11T14:16:36","guid":{"rendered":"http:\/\/www.edituraunmb.ro\/?post_type=product&#038;p=1747"},"modified":"2024-02-11T17:22:02","modified_gmt":"2024-02-11T14:22:02","slug":"muzica-gorjului-de-altadata-cu-privire-la-cercetarile-de-folclor-intreprinse-si-valorificate-de-constantin-brailoiu","status":"publish","type":"product","link":"https:\/\/www.edituraunmb.ro\/?product=muzica-gorjului-de-altadata-cu-privire-la-cercetarile-de-folclor-intreprinse-si-valorificate-de-constantin-brailoiu","title":{"rendered":"Muzica Gorjului de alt\u0103dat\u0103. Cu privire la cercet\u0103rile de folclor \u00eentreprinse \u0219i valorificate de Constantin Br\u0103iloiu"},"content":{"rendered":"<p>Una dintre apari\u021biile editoriale care m-au impresionat profund \u00een timpul studen\u021biei a fost monumentala monografie semnat\u0103 de Mariana Kahane \u0219i Lucilia Georgescu-St\u0103nculeanu, intitulat\u0103 <em>C\u00e2ntecul zorilor \u0219i bradului<\/em> (Editura Muzical\u0103, 1988). De\u0219i av\u00e2nd cuno\u0219tin\u021be sumare \u00een domeniul etnomuzicologiei (pentru care \u00eei r\u0103m\u00e2n mereu recunosc\u0103toare profesoarei mele, regretata Cristina R\u0103dulescu-Pa\u0219cu), am putut admira cu mult entuziasm profunzimea cercet\u0103rii \u0219i modernitatea metodelor \u0219i tehnicilor pe care le-am g\u0103sit \u00een acest volum. Dup\u0103 decenii bune, faptul c\u0103 Lavinia Gheorghe a preluat rapid, cu seriozitate \u0219i \u00eensufle\u021bire, sugestia mea de a se ocupa de mo\u0219tenirea Marianei Kahane \u00een decursul stagiului s\u0103u doctoral, mi-a \u00eentrecut a\u0219tept\u0103rile. T\u00e2n\u0103ra etnomuzicolog\u0103 a descoperit mici comori \u00een Arhiva Institutului de Etnografie \u0219i Folclor \u201eConstantin Br\u0103iloiu\u201d, \u0219i le valorific\u0103 acum \u00eentr-un proiect editorial unic, de restituire, care \u00eei dezv\u0103luie discret dar elocvent abilit\u0103\u021bile de cercetare, spiritul managerial \u0219i respectul fa\u021b\u0103 de tradi\u021bii. (Valentina Sandu-Dediu)<\/p>\n","protected":false},"excerpt":{"rendered":"<p>Edi\u021bie \u00eengrijit\u0103 de Lavinia Gheorghe <a href=\"https:\/\/www.edituraunmb.ro\/?product=muzica-gorjului-de-altadata-cu-privire-la-cercetarile-de-folclor-intreprinse-si-valorificate-de-constantin-brailoiu\" style=\"padding-left:10px;\">Mai multe detalii<\/a><\/p>\n","protected":false},"featured_media":1749,"comment_status":"closed","ping_status":"closed","template":"","meta":{"_acf_changed":false},"product_brand":[],"product_cat":[821],"product_tag":[707,886,884,885],"class_list":{"0":"post-1747","1":"product","2":"type-product","3":"status-publish","4":"has-post-thumbnail","6":"product_cat-821","7":"product_tag-analiza-muzicala","8":"product_tag-cercetare","9":"product_tag-etnomuzicologie","10":"product_tag-folclor","11":"p_author-mariana-kahane","12":"t_lucrare-carte","14":"first","15":"instock","16":"shipping-taxable","17":"product-type-simple"},"acf":[],"_links":{"self":[{"href":"https:\/\/www.edituraunmb.ro\/index.php?rest_route=\/wp\/v2\/product\/1747","targetHints":{"allow":["GET"]}}],"collection":[{"href":"https:\/\/www.edituraunmb.ro\/index.php?rest_route=\/wp\/v2\/product"}],"about":[{"href":"https:\/\/www.edituraunmb.ro\/index.php?rest_route=\/wp\/v2\/types\/product"}],"replies":[{"embeddable":true,"href":"https:\/\/www.edituraunmb.ro\/index.php?rest_route=%2Fwp%2Fv2%2Fcomments&post=1747"}],"wp:featuredmedia":[{"embeddable":true,"href":"https:\/\/www.edituraunmb.ro\/index.php?rest_route=\/wp\/v2\/media\/1749"}],"wp:attachment":[{"href":"https:\/\/www.edituraunmb.ro\/index.php?rest_route=%2Fwp%2Fv2%2Fmedia&parent=1747"}],"wp:term":[{"taxonomy":"product_brand","embeddable":true,"href":"https:\/\/www.edituraunmb.ro\/index.php?rest_route=%2Fwp%2Fv2%2Fproduct_brand&post=1747"},{"taxonomy":"product_cat","embeddable":true,"href":"https:\/\/www.edituraunmb.ro\/index.php?rest_route=%2Fwp%2Fv2%2Fproduct_cat&post=1747"},{"taxonomy":"product_tag","embeddable":true,"href":"https:\/\/www.edituraunmb.ro\/index.php?rest_route=%2Fwp%2Fv2%2Fproduct_tag&post=1747"}],"curies":[{"name":"wp","href":"https:\/\/api.w.org\/{rel}","templated":true}]}}