{"id":1750,"date":"2022-10-11T17:42:51","date_gmt":"2022-10-11T14:42:51","guid":{"rendered":"http:\/\/www.edituraunmb.ro\/?post_type=product&#038;p=1750"},"modified":"2024-09-03T18:55:41","modified_gmt":"2024-09-03T15:55:41","slug":"music-and-lithographies-from-the-19th-and-20th-centuries-muzici-si-litografii-din-secolele-xix-xx","status":"publish","type":"product","link":"https:\/\/www.edituraunmb.ro\/?product=music-and-lithographies-from-the-19th-and-20th-centuries-muzici-si-litografii-din-secolele-xix-xx","title":{"rendered":"Music and Lithographies from the 19th and 20th Centuries \/ Muzici \u0219i litografii din secolele XIX-XX"},"content":{"rendered":"<p>The idea to introduce in 2022 a project based on unknown scores from the 19th century was born out of Karina \u0218abac\u2019s discovery of a number of papers and scores during her PhD research at the Centre for Nineteenth Century Music Studies (CSMSN) of the UNMB under the tutelage of Professor Nicolae Gheorghi\u021b\u0103. CSMSN thus runs, from July through November of this year, the project \u201cMusics and Lithographs from the 19th and 20th Centuries\u201d. The scores \u2013 among them, some works for piano dedicated to the Romanian Royal Family by famous composers such as Iosif Ivanovici, Johann Strauss II or Ignaz Friedman, will have their historical and artistic value restored to them via the bilingual album comprising expositional studies and pictures of lithographs and the accompanying CD with their world premiere recordings on a Streicher piano from 1870 in the Vienna studio of Gert Hecher\u2019s workshop and on a Steinway Spirio from 2018 at the UNMB.<\/p>\n<p class=\"noindent\">Ideea de a realiza \u00een 2022 un proiect bazat pe partituri inedite din secolul XIX a venit \u00een urma descoperirii unor documente \u015fi partituri de c\u0103tre Karina \u0218abac, \u00een cadrul cercet\u0103rilor doctorale de la UNMB \u0219i al s\u0103u Centru de Studii asupra Muzicilor Secolului XIX (CSMSN), av\u00e2ndu-l pe profesorul Nicolae Gheorghi\u021b\u0103 ca \u00eendrum\u0103tor de doctorat. CSMSN este \u0219i gazda derul\u0103rii proiectului AFCN, \u201eMuzici \u0219i litografii din secolele XIX-XX\u201d (iulie-noiembrie 2022). Partiturilor descoperite (printre care se afl\u0103 \u0219i piese de pian dedicate Familiei regale a Rom\u00e2niei de c\u0103tre compozitori celebri precum Iosif Ivanovici, Johann Strauss II sau Ignaz Friedman) le este redat\u0103 valoarea istoric\u0103 \u015fi artistic\u0103 printr-un album bilingv cu studii explicative \u015fi imagini cu litografii. Albumului i-a fost ata\u015fat un CD cu piese \u00eenregistrate pentru prima dat\u0103 pe un pian Streicher 1870 \u00een studioul din Viena al celebrului atelier Gert Hecher, \u0219i \u00een Bucure\u0219ti, \u00een studioul UNMB, pe un pian Steinway Spirio 2018.<\/p>\n","protected":false},"excerpt":{"rendered":"<h5>Volum bilingv<\/h5>\n<h5 class=\"noindent\">edited by Karina \u0218abac<\/h5>\n<p>&nbsp; <a href=\"https:\/\/www.edituraunmb.ro\/?product=music-and-lithographies-from-the-19th-and-20th-centuries-muzici-si-litografii-din-secolele-xix-xx\" style=\"padding-left:10px;\">Mai multe detalii<\/a><\/p>\n","protected":false},"featured_media":1752,"comment_status":"closed","ping_status":"closed","template":"","meta":{"_acf_changed":false},"product_brand":[],"product_cat":[821],"product_tag":[896,895,894,893],"class_list":{"0":"post-1750","1":"product","2":"type-product","3":"status-publish","4":"has-post-thumbnail","6":"product_cat-821","7":"product_tag-historically-informed-performance","8":"product_tag-interpretare-informata-istoric","9":"product_tag-lithographies","10":"product_tag-litografii","11":"p_author-gert-hecher","12":"p_author-karina-sabac","13":"p_author-madalin-ghigeanu","14":"p_author-maria-camelia-ene","15":"p_author-narcis-dorin-ion","16":"t_lucrare-carte","18":"first","19":"instock","20":"shipping-taxable","21":"product-type-simple"},"acf":[],"_links":{"self":[{"href":"https:\/\/www.edituraunmb.ro\/index.php?rest_route=\/wp\/v2\/product\/1750","targetHints":{"allow":["GET"]}}],"collection":[{"href":"https:\/\/www.edituraunmb.ro\/index.php?rest_route=\/wp\/v2\/product"}],"about":[{"href":"https:\/\/www.edituraunmb.ro\/index.php?rest_route=\/wp\/v2\/types\/product"}],"replies":[{"embeddable":true,"href":"https:\/\/www.edituraunmb.ro\/index.php?rest_route=%2Fwp%2Fv2%2Fcomments&post=1750"}],"wp:featuredmedia":[{"embeddable":true,"href":"https:\/\/www.edituraunmb.ro\/index.php?rest_route=\/wp\/v2\/media\/1752"}],"wp:attachment":[{"href":"https:\/\/www.edituraunmb.ro\/index.php?rest_route=%2Fwp%2Fv2%2Fmedia&parent=1750"}],"wp:term":[{"taxonomy":"product_brand","embeddable":true,"href":"https:\/\/www.edituraunmb.ro\/index.php?rest_route=%2Fwp%2Fv2%2Fproduct_brand&post=1750"},{"taxonomy":"product_cat","embeddable":true,"href":"https:\/\/www.edituraunmb.ro\/index.php?rest_route=%2Fwp%2Fv2%2Fproduct_cat&post=1750"},{"taxonomy":"product_tag","embeddable":true,"href":"https:\/\/www.edituraunmb.ro\/index.php?rest_route=%2Fwp%2Fv2%2Fproduct_tag&post=1750"}],"curies":[{"name":"wp","href":"https:\/\/api.w.org\/{rel}","templated":true}]}}