{"id":1753,"date":"2023-06-15T17:54:54","date_gmt":"2023-06-15T14:54:54","guid":{"rendered":"http:\/\/www.edituraunmb.ro\/?post_type=product&#038;p=1753"},"modified":"2024-09-25T17:26:04","modified_gmt":"2024-09-25T14:26:04","slug":"mic-indrumar-pentru-lucrarea-de-licenta","status":"publish","type":"product","link":"https:\/\/www.edituraunmb.ro\/?product=mic-indrumar-pentru-lucrarea-de-licenta","title":{"rendered":"Mic \u00eendrumar pentru lucrarea de licen\u021b\u0103"},"content":{"rendered":"<h5 class=\"noindent\">Dac\u0103 tinerii nu sunt preg\u0103ti\u021bi \u00een liceu s\u0103 scrie un mic text, ei vor trebui s\u0103 \u00eenve\u021be acest lucru la facultate. Din acest motiv, din anul 2015, planul de \u00eenv\u0103\u021b\u0103m\u00e2nt al programelor muzic\u0103 \u0219i muzic\u0103 religioas\u0103 din Universitatea Na\u021bional\u0103 de Muzic\u0103 din Bucure\u0219ti include \u2013 dup\u0103 cum se \u00eent\u00e2mpl\u0103 la universit\u0103\u021bi din \u00eentreaga lume \u2013 \u0219i un curs practic de scriere academic\u0103 (principii de cercetare \u0219i redactare). Cartea de fa\u021b\u0103 reprezint\u0103 un ajutor pentru studen\u021bii acestui curs, care sunt uneori cople\u0219i\u021bi de lucrurile noi pe care trebuie s\u0103 le \u00eenve\u021be \u00eentr-un timp destul de scurt. Ea este, cu siguran\u021b\u0103, folositoare \u0219i studen\u021bilor de la cursul de etic\u0103 \u0219i integritate academic\u0103, pe care \u00eel parcurg studen\u021bii de la toate programele de master \u0219i care dedic\u0103 un spa\u021biu important problemei plagiatului. (Costin Moisil)<\/h5>\n","protected":false},"excerpt":{"rendered":"<p>Dac\u0103 tinerii nu sunt preg\u0103ti\u021bi \u00een liceu s\u0103 scrie un mic text, ei vor trebui s\u0103 \u00eenve\u021be acest lucru la facultate. Din acest motiv, din anul 2015, planul de \u00eenv\u0103\u021b\u0103m\u00e2nt al programelor muzic\u0103 \u0219i muzic\u0103 religioas\u0103 din Universitatea Na\u021bional\u0103 de &hellip; <a href=\"https:\/\/www.edituraunmb.ro\/?product=mic-indrumar-pentru-lucrarea-de-licenta\" style=\"padding-left:10px;\">Mai multe detalii<\/a><\/p>\n","protected":false},"featured_media":1755,"comment_status":"closed","ping_status":"closed","template":"","meta":{"_acf_changed":false},"product_brand":[],"product_cat":[830],"product_tag":[774,41,712],"class_list":{"0":"post-1753","1":"product","2":"type-product","3":"status-publish","4":"has-post-thumbnail","6":"product_cat-830","7":"product_tag-ghid-pedagogic","8":"product_tag-licenta","9":"product_tag-muzicologie","10":"p_author-costin-moisil","11":"t_lucrare-carte","12":"t_lucrare-free","14":"first","15":"instock","16":"downloadable","17":"shipping-taxable","18":"product-type-simple"},"acf":[],"_links":{"self":[{"href":"https:\/\/www.edituraunmb.ro\/index.php?rest_route=\/wp\/v2\/product\/1753","targetHints":{"allow":["GET"]}}],"collection":[{"href":"https:\/\/www.edituraunmb.ro\/index.php?rest_route=\/wp\/v2\/product"}],"about":[{"href":"https:\/\/www.edituraunmb.ro\/index.php?rest_route=\/wp\/v2\/types\/product"}],"replies":[{"embeddable":true,"href":"https:\/\/www.edituraunmb.ro\/index.php?rest_route=%2Fwp%2Fv2%2Fcomments&post=1753"}],"wp:featuredmedia":[{"embeddable":true,"href":"https:\/\/www.edituraunmb.ro\/index.php?rest_route=\/wp\/v2\/media\/1755"}],"wp:attachment":[{"href":"https:\/\/www.edituraunmb.ro\/index.php?rest_route=%2Fwp%2Fv2%2Fmedia&parent=1753"}],"wp:term":[{"taxonomy":"product_brand","embeddable":true,"href":"https:\/\/www.edituraunmb.ro\/index.php?rest_route=%2Fwp%2Fv2%2Fproduct_brand&post=1753"},{"taxonomy":"product_cat","embeddable":true,"href":"https:\/\/www.edituraunmb.ro\/index.php?rest_route=%2Fwp%2Fv2%2Fproduct_cat&post=1753"},{"taxonomy":"product_tag","embeddable":true,"href":"https:\/\/www.edituraunmb.ro\/index.php?rest_route=%2Fwp%2Fv2%2Fproduct_tag&post=1753"}],"curies":[{"name":"wp","href":"https:\/\/api.w.org\/{rel}","templated":true}]}}