{"id":1768,"date":"2023-11-12T12:29:39","date_gmt":"2023-11-12T09:29:39","guid":{"rendered":"http:\/\/www.edituraunmb.ro\/?post_type=product&#038;p=1768"},"modified":"2024-02-12T12:49:20","modified_gmt":"2024-02-12T09:49:20","slug":"antologhion-i","status":"publish","type":"product","link":"https:\/\/www.edituraunmb.ro\/?product=antologhion-i","title":{"rendered":"Antologhion I"},"content":{"rendered":"<h5>\u00cen 2023, Asocia\u021bia REVIVART, \u00een parteneriat cu UNMB \u0219i Centrul de studii asupra muzicilor secolului al XIX-lea (CNCMS), a continuat eforturile de investigare a fondurilor muzicale \u0219i de popularizare a pieselor greu accesibile. Astfel, \u00eentre lunile<br \/>\niunie \u0219i noiembrie 2023, entit\u0103\u021bile men\u021bionate au derulat proiectul Sisteme ermetice muzicale \u0219i necesit\u0103\u021bi ermeneutice (SEMNE), care a avut ca finalitate dezambiguizarea \u0219i reintroducerea \u00een circuitul interpretativ a unor repertorii captive \u00een trei sisteme de nota\u021bie muzical\u0103 utilizate \u00eentre sf\u00e2r\u0219itul sec. XVII \u0219i jum\u0103tatea sec. XIX (nota\u021bia kievean\u0103, nota\u021bia alfabetic\u0103 a lui Petru Efesiul \u0219i nota\u021bia neumatic\u0103 a lui GheorghiosLesvios).<\/h5>\n<h5 class=\"noindent\">Obiectivul principal al cercet\u0103rii l-a reprezentat exighisirea \u0219i popularizarea unor c\u00e2nt\u0103ri din Antologhionul alfabetic al lui Petru Efesiul, tip\u0103rit \u00een 1832 la Bucure\u0219ti. Cu toate c\u0103 o parte din repertoriile prezente \u00een volum au fost publicate \u00een anul 2019 de c\u0103tre muzicologul Emmanouil Giannopoulos, versiunile alfabetice sunt u\u0219or distincte de cele din sursele chrysantice, Efesiul opt\u00e2nd pentru notarea analitic\u0103 a formulelor muzicale \u0219i, uneori, pentru rescrierea unor pasaje ample. Colec\u021bia este deosebit de important\u0103 at\u00e2t pentru \u00een\u021belegerea unor preferin\u021be de ornamentare, pe care se pare c\u0103 Efesiul le-a transmis \u0219i discipolilor s\u0103i, c\u00e2t \u0219i pentru observarea modului de raportare a unui muzician important la structurile muzicii bizantine. \u00cen cadrul proiectului SEMNE au fost descifrate c\u00e2nt\u0103rile dintre filele 4 \u0219i 140 ale tip\u0103riturii, reprezent\u00e2nd aproximativ 274 de pagini muzicale exighisite, ortografiate \u0219i transcrise din sistemul alfabetic \u00een cel chrysanthic. Am ales s\u0103 transpun c\u00e2nt\u0103rile alfabetice \u00een Noua Metod\u0103 mai \u00eent\u00e2i fiindc\u0103 publicul c\u0103ruia i se adreseaz\u0103 volumul este familiarizat cu acest din urm\u0103 sistem de nota\u021bie, apoi fiindc\u0103 Efesiul \u00eensu\u0219i a revenit \u00een ultimii ani ai vie\u021bii la<br \/>\nnota\u021bia promovat\u0103 de cei Trei Dasc\u0103li. (C\u0103t\u0103lin Cern\u0103tescu, editor)<\/h5>\n","protected":false},"excerpt":{"rendered":"<p>Edi\u021bie \u00eengrijit\u0103 \u0219i studiu introductiv de C\u0103t\u0103lin Cern\u0103tescu <a href=\"https:\/\/www.edituraunmb.ro\/?product=antologhion-i\" style=\"padding-left:10px;\">Mai multe detalii<\/a><\/p>\n","protected":false},"featured_media":1769,"comment_status":"closed","ping_status":"closed","template":"","meta":{"_acf_changed":false},"product_brand":[],"product_cat":[830],"product_tag":[839,932,841],"class_list":{"0":"post-1768","1":"product","2":"type-product","3":"status-publish","4":"has-post-thumbnail","6":"product_cat-830","7":"product_tag-bizantinologie","8":"product_tag-exighisire","9":"product_tag-notatie-psaltica","10":"p_author-petru-manuil-efesiul","11":"t_lucrare-carte","13":"first","14":"instock","15":"shipping-taxable","16":"product-type-simple"},"acf":[],"_links":{"self":[{"href":"https:\/\/www.edituraunmb.ro\/index.php?rest_route=\/wp\/v2\/product\/1768","targetHints":{"allow":["GET"]}}],"collection":[{"href":"https:\/\/www.edituraunmb.ro\/index.php?rest_route=\/wp\/v2\/product"}],"about":[{"href":"https:\/\/www.edituraunmb.ro\/index.php?rest_route=\/wp\/v2\/types\/product"}],"replies":[{"embeddable":true,"href":"https:\/\/www.edituraunmb.ro\/index.php?rest_route=%2Fwp%2Fv2%2Fcomments&post=1768"}],"wp:featuredmedia":[{"embeddable":true,"href":"https:\/\/www.edituraunmb.ro\/index.php?rest_route=\/wp\/v2\/media\/1769"}],"wp:attachment":[{"href":"https:\/\/www.edituraunmb.ro\/index.php?rest_route=%2Fwp%2Fv2%2Fmedia&parent=1768"}],"wp:term":[{"taxonomy":"product_brand","embeddable":true,"href":"https:\/\/www.edituraunmb.ro\/index.php?rest_route=%2Fwp%2Fv2%2Fproduct_brand&post=1768"},{"taxonomy":"product_cat","embeddable":true,"href":"https:\/\/www.edituraunmb.ro\/index.php?rest_route=%2Fwp%2Fv2%2Fproduct_cat&post=1768"},{"taxonomy":"product_tag","embeddable":true,"href":"https:\/\/www.edituraunmb.ro\/index.php?rest_route=%2Fwp%2Fv2%2Fproduct_tag&post=1768"}],"curies":[{"name":"wp","href":"https:\/\/api.w.org\/{rel}","templated":true}]}}