{"id":1771,"date":"2023-11-12T12:50:00","date_gmt":"2023-11-12T09:50:00","guid":{"rendered":"http:\/\/www.edituraunmb.ro\/?post_type=product&#038;p=1771"},"modified":"2024-02-12T13:09:13","modified_gmt":"2024-02-12T10:09:13","slug":"irmologhion-calofonicon","status":"publish","type":"product","link":"https:\/\/www.edituraunmb.ro\/?product=irmologhion-calofonicon","title":{"rendered":"Irmologhion Calofonicon"},"content":{"rendered":"<p>\u00cen anul 2023, proclamat de Sf\u00e2ntul Sinod al Bisericii Ortodoxe Rom\u00e2ne drept <em>An comemorativ al imnografilor \u0219i c\u00e2nt\u0103re\u021bilor biserice\u0219ti<\/em>, vede lumina tiparului o carte mult a\u0219teptat\u0103 de c\u00e2nt\u0103ri psaltice, <em>Irmologhionul Calofonicon<\/em> al p\u0103rintelui Macarie Ieromonahul (1750\/63-1836). Acest volum de imnuri apare la 190 de ani de la definitivarea primului manuscris complex al <em>Calofoniconului<\/em> de limb\u0103 rom\u00e2n\u0103 (ms. rom. 1685 din Biblioteca Academiei Rom\u00e2ne din Bucure\u0219ti, anul 1833) de c\u0103tre Macarie, iscusit psalt, teoretician, c\u0103rturar \u0219i tipograf. Prin demersul nostru se \u00eempline\u0219te dezideratul monahului muzician, care avusese \u00een plan s\u0103 tip\u0103reasc\u0103 colec\u021bia de fa\u021b\u0103 \u00eentr-o form\u0103 unitar\u0103, de sine st\u0103t\u0103toare, \u00eens\u0103 deteriorarea progresiv\u0103 \u0219i ireversibil\u0103 a st\u0103rii de s\u0103n\u0103tate l-a \u00eempiedicat s\u0103-\u0219i vad\u0103 ini\u021biativa dus\u0103 la bun sf\u00e2r\u0219it. La aniversarea bicentenarului tip\u0103ririi primelor c\u0103r\u021bi de psaltichie \u00een grai na\u021bional de c\u0103tre acela\u0219i Macarie (1823), \u00eel omagiem pe neobositul ieromonah prin publicare postum\u0103. (C\u0103t\u0103lin Cern\u0103tescu, editor)<\/p>\n<p>&nbsp;<\/p>\n","protected":false},"excerpt":{"rendered":"<p>Edi\u021bie \u00eengrijit\u0103 \u015fi studiu introductiv de C\u0103t\u0103lin Cern\u0103tescu <a href=\"https:\/\/www.edituraunmb.ro\/?product=irmologhion-calofonicon\" style=\"padding-left:10px;\">Mai multe detalii<\/a><\/p>\n","protected":false},"featured_media":1772,"comment_status":"closed","ping_status":"closed","template":"","meta":{"_acf_changed":false},"product_brand":[],"product_cat":[830],"product_tag":[839,838,841],"class_list":{"0":"post-1771","1":"product","2":"type-product","3":"status-publish","4":"has-post-thumbnail","6":"product_cat-830","7":"product_tag-bizantinologie","8":"product_tag-irmoasele-calofonice","9":"product_tag-notatie-psaltica","10":"p_author-macarie-ieromonahul","11":"t_lucrare-carte","13":"first","14":"instock","15":"shipping-taxable","16":"product-type-simple"},"acf":[],"_links":{"self":[{"href":"https:\/\/www.edituraunmb.ro\/index.php?rest_route=\/wp\/v2\/product\/1771","targetHints":{"allow":["GET"]}}],"collection":[{"href":"https:\/\/www.edituraunmb.ro\/index.php?rest_route=\/wp\/v2\/product"}],"about":[{"href":"https:\/\/www.edituraunmb.ro\/index.php?rest_route=\/wp\/v2\/types\/product"}],"replies":[{"embeddable":true,"href":"https:\/\/www.edituraunmb.ro\/index.php?rest_route=%2Fwp%2Fv2%2Fcomments&post=1771"}],"wp:featuredmedia":[{"embeddable":true,"href":"https:\/\/www.edituraunmb.ro\/index.php?rest_route=\/wp\/v2\/media\/1772"}],"wp:attachment":[{"href":"https:\/\/www.edituraunmb.ro\/index.php?rest_route=%2Fwp%2Fv2%2Fmedia&parent=1771"}],"wp:term":[{"taxonomy":"product_brand","embeddable":true,"href":"https:\/\/www.edituraunmb.ro\/index.php?rest_route=%2Fwp%2Fv2%2Fproduct_brand&post=1771"},{"taxonomy":"product_cat","embeddable":true,"href":"https:\/\/www.edituraunmb.ro\/index.php?rest_route=%2Fwp%2Fv2%2Fproduct_cat&post=1771"},{"taxonomy":"product_tag","embeddable":true,"href":"https:\/\/www.edituraunmb.ro\/index.php?rest_route=%2Fwp%2Fv2%2Fproduct_tag&post=1771"}],"curies":[{"name":"wp","href":"https:\/\/api.w.org\/{rel}","templated":true}]}}