{"id":1774,"date":"2021-02-12T13:10:27","date_gmt":"2021-02-12T10:10:27","guid":{"rendered":"http:\/\/www.edituraunmb.ro\/?post_type=product&#038;p=1774"},"modified":"2024-03-18T09:22:23","modified_gmt":"2024-03-18T06:22:23","slug":"musicology-today-volume-11-jan-dec-2020","status":"publish","type":"product","link":"https:\/\/www.edituraunmb.ro\/?product=musicology-today-volume-11-jan-dec-2020","title":{"rendered":"Musicology Today, Volume 11 (Jan-Dec 2020)"},"content":{"rendered":"<p>Volume 11. Issues 41-44, January-December 2020. Coord. Florinela Popa<\/p>\n<h5 class=\"noindent\">Studies by: Vjera Katalini\u0107, Stanislav Tuksar, Antigona R\u0103dulescu, Nicolae Gheorghi\u021b\u0103, Speran\u021ba R\u0103dulescu,<\/h5>\n<h5 class=\"noindent\">Dan Racoveanu, Mihai M\u0103niceanu, Costin Filipoiu, Ana Diaconu, Larisa Scumpu, Csala Orb\u00e1n, Ana Maria Cazacu,<\/h5>\n<h5 class=\"noindent\">Walter Zev Feldman, Thomas Apostolopoulos, Kyriakos Kalaitzidis, Zaal Tsereteli.<\/h5>\n<h5 class=\"noindent\">Book reviews by: Mihai Murariu, Alice Tacu, John Plemmenos.<\/h5>\n<h5 class=\"noindent\">Interview by: Ana Diaconu.<\/h5>\n","protected":false},"excerpt":{"rendered":"<p>Volume 11. Issues 41-44, January-December 2020. Coord. Florinela Popa Studies by: Vjera Katalini\u0107, Stanislav Tuksar, Antigona R\u0103dulescu, Nicolae Gheorghi\u021b\u0103, Speran\u021ba R\u0103dulescu, Dan Racoveanu, Mihai M\u0103niceanu, Costin Filipoiu, Ana Diaconu, Larisa Scumpu, Csala Orb\u00e1n, Ana Maria Cazacu, Walter Zev Feldman, Thomas &hellip; <a href=\"https:\/\/www.edituraunmb.ro\/?product=musicology-today-volume-11-jan-dec-2020\" style=\"padding-left:10px;\">Mai multe detalii<\/a><\/p>\n","protected":false},"featured_media":1775,"comment_status":"closed","ping_status":"closed","template":"","meta":{"_acf_changed":false},"product_brand":[],"product_cat":[815],"product_tag":[712,711,710],"class_list":{"0":"post-1774","1":"product","2":"type-product","3":"status-publish","4":"has-post-thumbnail","6":"product_cat-815","7":"product_tag-muzicologie","8":"product_tag-periodic","9":"product_tag-revista","10":"p_author-volum-colectiv","11":"t_lucrare-musicology-today","13":"first","14":"instock","15":"shipping-taxable","16":"product-type-simple"},"acf":[],"_links":{"self":[{"href":"https:\/\/www.edituraunmb.ro\/index.php?rest_route=\/wp\/v2\/product\/1774","targetHints":{"allow":["GET"]}}],"collection":[{"href":"https:\/\/www.edituraunmb.ro\/index.php?rest_route=\/wp\/v2\/product"}],"about":[{"href":"https:\/\/www.edituraunmb.ro\/index.php?rest_route=\/wp\/v2\/types\/product"}],"replies":[{"embeddable":true,"href":"https:\/\/www.edituraunmb.ro\/index.php?rest_route=%2Fwp%2Fv2%2Fcomments&post=1774"}],"wp:featuredmedia":[{"embeddable":true,"href":"https:\/\/www.edituraunmb.ro\/index.php?rest_route=\/wp\/v2\/media\/1775"}],"wp:attachment":[{"href":"https:\/\/www.edituraunmb.ro\/index.php?rest_route=%2Fwp%2Fv2%2Fmedia&parent=1774"}],"wp:term":[{"taxonomy":"product_brand","embeddable":true,"href":"https:\/\/www.edituraunmb.ro\/index.php?rest_route=%2Fwp%2Fv2%2Fproduct_brand&post=1774"},{"taxonomy":"product_cat","embeddable":true,"href":"https:\/\/www.edituraunmb.ro\/index.php?rest_route=%2Fwp%2Fv2%2Fproduct_cat&post=1774"},{"taxonomy":"product_tag","embeddable":true,"href":"https:\/\/www.edituraunmb.ro\/index.php?rest_route=%2Fwp%2Fv2%2Fproduct_tag&post=1774"}],"curies":[{"name":"wp","href":"https:\/\/api.w.org\/{rel}","templated":true}]}}