{"id":1780,"date":"2024-02-12T15:54:34","date_gmt":"2024-02-12T12:54:34","guid":{"rendered":"http:\/\/www.edituraunmb.ro\/?post_type=product&#038;p=1780"},"modified":"2025-10-28T14:03:12","modified_gmt":"2025-10-28T11:03:12","slug":"encore","status":"publish","type":"product","link":"https:\/\/www.edituraunmb.ro\/?product=encore","title":{"rendered":"ENCORE. Bisuri contemporane"},"content":{"rendered":"<h3 id=\"headline-106-10\" class=\"ct-headline aos-init aos-animate\" data-aos=\"fade-up\" data-aos-duration=\"600\"><em>Encore<\/em> promoveaz\u0103 patrimoniul existent al compozi\u021biilor contemporane, pune \u00een valoare compozitori tineri consacra\u021bi \u0219i descoper\u0103 noi talente.<\/h3>\n<p class=\"noindent\"><i>Encore<\/i> este un proiect dedicat muzicii contemporane rom\u00e2ne\u0219ti de pianista Adriana Toacsen, o fervent\u0103 sus\u021bin\u0103toare a acesteia. Proiectul se define\u0219te ca o ac\u021biune de pionierat care aduce \u00eempreun\u0103 muzicienii \u0219i melomanii prin intermediul unui tip de crea\u021bie pu\u021bin promovat\u0103 \u00een ultimii ani &#8211; muzica rom\u00e2neasc\u0103 pentru pian. Proiectul pune bis-ul, o esen\u021b\u0103 a pl\u0103cerii muzicale \u00een slujba rela\u021biei dintre public \u0219i muzica contemporan\u0103. (<a href=\"http:\/\/encoremusic.ro\">http:\/\/encoremusic.ro<\/a>)<\/p>\n<h6>Sebastian Androne-Nakanishi, <em>Lip of fate<\/em><br \/>\nCristian Bence-Muk, <em>Schizophrenia<\/em><br \/>\nC\u0103t\u0103lin Cre\u021bu, <em>Mechanism 4.<\/em> <em>Pendulum<\/em><br \/>\nDan Dediu, <em>Le vent de Transylvanie<\/em><br \/>\nGabriel M\u0103l\u0103ncioiu, <em>Typoncello<\/em><br \/>\n\u015eerban Marcu, <em>Mirror spiders<\/em><br \/>\nGeorge-loan P\u0103i\u0219, <em>Interfon stricat<\/em><br \/>\nIrina Pernes, <em>Old Women Falling Out<\/em><br \/>\nAndrei Petrache, <em>Vertij<\/em><br \/>\nAndrei Virgil Popescu, <em>Allemande \u00e0 la Chopin<\/em><br \/>\nDiana Rotaru, <em>Debumessquisse<\/em><br \/>\nRubin Szab\u00f3 B\u00e1zsa Lov\u00e1sz, <em>Malneirophrenia<\/em><br \/>\nSabina Ulubeanu, <em>Sturm und Drang<\/em><br \/>\nOana Vardianu, <em>Danse orientale<\/em><\/h6>\n","protected":false},"excerpt":{"rendered":"<p>Edi\u021bie \u00eengrijit\u0103 de Adriana Toacsen-Ponta<\/p>\n<p class=\"noindent\"><a href=\"http:\/\/encoremusic.ro\">http:\/\/encoremusic.ro<\/a><\/p>\n<p> <a href=\"https:\/\/www.edituraunmb.ro\/?product=encore\" style=\"padding-left:10px;\">Mai multe detalii<\/a><\/p>\n","protected":false},"featured_media":1783,"comment_status":"closed","ping_status":"closed","template":"","meta":{"_acf_changed":false},"product_brand":[],"product_cat":[830],"product_tag":[938,835,93],"class_list":{"0":"post-1780","1":"product","2":"type-product","3":"status-publish","4":"has-post-thumbnail","6":"product_cat-830","7":"product_tag-bis","8":"product_tag-muzica-contemporana","9":"product_tag-pian","10":"p_author-andrei-petrache","11":"p_author-andrei-virgil-popescu","12":"p_author-catalin-cretu","13":"p_author-cristian-bence-muk","14":"p_author-dan-dediu","15":"p_author-diana-rotaru","16":"p_author-gabriel-malancioiu","17":"p_author-george-ioan-pais","18":"p_author-irina-pernes","19":"p_author-oana-vardianu","20":"p_author-rubin-szabo-bazsa-lovasz","21":"p_author-sabina-ulubeanu","22":"p_author-sebastian-androne-nakanishi","23":"p_author-serban-marcu","24":"t_lucrare-partitura","26":"first","27":"instock","28":"shipping-taxable","29":"product-type-simple"},"acf":[],"_links":{"self":[{"href":"https:\/\/www.edituraunmb.ro\/index.php?rest_route=\/wp\/v2\/product\/1780","targetHints":{"allow":["GET"]}}],"collection":[{"href":"https:\/\/www.edituraunmb.ro\/index.php?rest_route=\/wp\/v2\/product"}],"about":[{"href":"https:\/\/www.edituraunmb.ro\/index.php?rest_route=\/wp\/v2\/types\/product"}],"replies":[{"embeddable":true,"href":"https:\/\/www.edituraunmb.ro\/index.php?rest_route=%2Fwp%2Fv2%2Fcomments&post=1780"}],"wp:featuredmedia":[{"embeddable":true,"href":"https:\/\/www.edituraunmb.ro\/index.php?rest_route=\/wp\/v2\/media\/1783"}],"wp:attachment":[{"href":"https:\/\/www.edituraunmb.ro\/index.php?rest_route=%2Fwp%2Fv2%2Fmedia&parent=1780"}],"wp:term":[{"taxonomy":"product_brand","embeddable":true,"href":"https:\/\/www.edituraunmb.ro\/index.php?rest_route=%2Fwp%2Fv2%2Fproduct_brand&post=1780"},{"taxonomy":"product_cat","embeddable":true,"href":"https:\/\/www.edituraunmb.ro\/index.php?rest_route=%2Fwp%2Fv2%2Fproduct_cat&post=1780"},{"taxonomy":"product_tag","embeddable":true,"href":"https:\/\/www.edituraunmb.ro\/index.php?rest_route=%2Fwp%2Fv2%2Fproduct_tag&post=1780"}],"curies":[{"name":"wp","href":"https:\/\/api.w.org\/{rel}","templated":true}]}}