{"id":1786,"date":"2022-07-15T16:11:50","date_gmt":"2022-07-15T13:11:50","guid":{"rendered":"http:\/\/www.edituraunmb.ro\/?post_type=product&#038;p=1786"},"modified":"2024-02-15T16:33:50","modified_gmt":"2024-02-15T13:33:50","slug":"concert-pentru-orchestra-mare-op-17-nr-1","status":"publish","type":"product","link":"https:\/\/www.edituraunmb.ro\/?product=concert-pentru-orchestra-mare-op-17-nr-1","title":{"rendered":"Concert pentru orchestr\u0103 mare op. 17, nr. 1"},"content":{"rendered":"<h5>\u00cemprejur\u0103rile genezei Concertului pentru orchestr\u0103 mare op. 17 nr. 1 de Constantin Silvestri r\u0103m\u00e2n, \u00een mare parte, necunoscute. \u00cen jurul anului 1940, Constantin Silvestri finaliza partitura Toccatei pentru orchestr\u0103 mare op. 17a nr. 2. Lucrarea a fost interpretat\u0103 \u00een prim\u0103 audi\u021bie absolut\u0103 \u00een luna aprilie a anului 1945, pe scena Ateneului Rom\u00e2n din Bucure\u0219ti, la pupitrul Filarmonicii afl\u00e2ndu-se George Enescu.<\/h5>\n<h5 class=\"noindent\">Conform m\u0103rturiilor lui Eugen Pricope, lucrarea a fost precedat\u0103 de schi\u021barea a patru sau chiar opt preludii \u0219i fugi pentru orchestr\u0103, toate afl\u00e2ndu-\u0219i originea \u00een Toccata pentru pian op. 17 nr. 2, scris\u0103 \u00een 1937. Partitura de orchestr\u0103 \u2013 de o factur\u0103 inedit\u0103 \u2013 prezentat\u0103 \u00een acest volum a fost descoperit\u0103 de c\u0103tre Constantin Ionescu-Vovu \u00een biblioteca Filarmonicii din T\u00e2rgu-Mure\u0219, sub forma unor \u0219time de orchestr\u0103 purt\u00e2nd diferite adnot\u0103ri \u0219i \u00eensemn\u0103ri, indic\u00e2nd posibilitatea parcurgerii materialului \u00een cadrul unor repeti\u021bii. Partitura general\u0103 a fost reconstituit\u0103 din coroborarea acestor \u0219time. Toate indiciile conduc c\u0103tre ipoteza conform c\u0103reia, undeva c\u0103tre sf\u00e2r\u0219itul anilor \u201930, Silvestri cocheta cu ideea compunerii unui concert pentru orchestr\u0103 mare \u00een patru p\u0103r\u021bi, Preludiul \u0219i Fuga constituindu-se drept nucleul proiectatei lucr\u0103ri. (Tiberiu Soare)<\/h5>\n","protected":false},"excerpt":{"rendered":"<p>\u00cemprejur\u0103rile genezei Concertului pentru orchestr\u0103 mare op. 17 nr. 1 de Constantin Silvestri r\u0103m\u00e2n, \u00een mare parte, necunoscute. \u00cen jurul anului 1940, Constantin Silvestri finaliza partitura Toccatei pentru orchestr\u0103 mare op. 17a nr. 2. Lucrarea a fost interpretat\u0103 \u00een prim\u0103 &hellip; <a href=\"https:\/\/www.edituraunmb.ro\/?product=concert-pentru-orchestra-mare-op-17-nr-1\" style=\"padding-left:10px;\">Mai multe detalii<\/a><\/p>\n","protected":false},"featured_media":1788,"comment_status":"closed","ping_status":"closed","template":"","meta":{"_acf_changed":false},"product_brand":[],"product_cat":[821],"product_tag":[853,113,952],"class_list":{"0":"post-1786","1":"product","2":"type-product","3":"status-publish","4":"has-post-thumbnail","6":"product_cat-821","7":"product_tag-concert","8":"product_tag-muzica-romaneasca","9":"product_tag-orchestra","10":"p_author-constantin-silvestri","11":"t_lucrare-partitura","13":"first","14":"instock","15":"shipping-taxable","16":"product-type-simple"},"acf":[],"_links":{"self":[{"href":"https:\/\/www.edituraunmb.ro\/index.php?rest_route=\/wp\/v2\/product\/1786","targetHints":{"allow":["GET"]}}],"collection":[{"href":"https:\/\/www.edituraunmb.ro\/index.php?rest_route=\/wp\/v2\/product"}],"about":[{"href":"https:\/\/www.edituraunmb.ro\/index.php?rest_route=\/wp\/v2\/types\/product"}],"replies":[{"embeddable":true,"href":"https:\/\/www.edituraunmb.ro\/index.php?rest_route=%2Fwp%2Fv2%2Fcomments&post=1786"}],"wp:featuredmedia":[{"embeddable":true,"href":"https:\/\/www.edituraunmb.ro\/index.php?rest_route=\/wp\/v2\/media\/1788"}],"wp:attachment":[{"href":"https:\/\/www.edituraunmb.ro\/index.php?rest_route=%2Fwp%2Fv2%2Fmedia&parent=1786"}],"wp:term":[{"taxonomy":"product_brand","embeddable":true,"href":"https:\/\/www.edituraunmb.ro\/index.php?rest_route=%2Fwp%2Fv2%2Fproduct_brand&post=1786"},{"taxonomy":"product_cat","embeddable":true,"href":"https:\/\/www.edituraunmb.ro\/index.php?rest_route=%2Fwp%2Fv2%2Fproduct_cat&post=1786"},{"taxonomy":"product_tag","embeddable":true,"href":"https:\/\/www.edituraunmb.ro\/index.php?rest_route=%2Fwp%2Fv2%2Fproduct_tag&post=1786"}],"curies":[{"name":"wp","href":"https:\/\/api.w.org\/{rel}","templated":true}]}}