{"id":1792,"date":"2021-02-14T16:40:50","date_gmt":"2021-02-14T13:40:50","guid":{"rendered":"http:\/\/www.edituraunmb.ro\/?post_type=product&#038;p=1792"},"modified":"2024-02-16T13:32:45","modified_gmt":"2024-02-16T10:32:45","slug":"hamlet","status":"publish","type":"product","link":"https:\/\/www.edituraunmb.ro\/?product=hamlet","title":{"rendered":"Hamlet"},"content":{"rendered":"<p>Libretul la acest <em>Hamlet<\/em> nu este deci piesa lui Shakespeare, el e doar inspirat de celebra tragedie, pe care o redeseneaz\u0103 &#8211; pentru scopuri muzicale &#8211; \u00eentr-o form\u0103 mult simplificat\u0103. Temele mari r\u0103m\u00e2n \u00eens\u0103 denudate, scuturate de poezie, aproape abstracte. Muzica vine \u0219i \u00eencearc\u0103 s\u0103 re-creeze &#8211; d\u0103c\u0103 poate &#8211; poezia, ad\u00e2ncimea psihologic\u0103, vehemen\u021ba dramatic\u0103, semnifica\u021bia uman\u0103 \u0219i filosofic\u0103. Autorul propune deci nu muzic\u0103 ilustrativ\u0103 la Hamlet, ci o dram\u0103 muzical\u0103 constituind o interpretare actual\u0103 a temei shakespeare-iene. (Pascal Bentoiu)<\/p>\n","protected":false},"excerpt":{"rendered":"<h5>Reduc\u021bie pentru voci \u0219i pian<\/h5>\n<h5 class=\"noindent\">Partitur\u0103 pentru cor<\/h5>\n<p> <a href=\"https:\/\/www.edituraunmb.ro\/?product=hamlet\" style=\"padding-left:10px;\">Mai multe detalii<\/a><\/p>\n","protected":false},"featured_media":1793,"comment_status":"closed","ping_status":"closed","template":"","meta":{"_acf_changed":false},"product_brand":[],"product_cat":[815],"product_tag":[179,113,168],"class_list":{"0":"post-1792","1":"product","2":"type-product","3":"status-publish","4":"has-post-thumbnail","6":"product_cat-815","7":"product_tag-cor","8":"product_tag-muzica-romaneasca","9":"product_tag-opera","10":"p_author-pascal-bentoiu","11":"t_lucrare-partitura","13":"first","14":"instock","15":"shipping-taxable","16":"product-type-simple"},"acf":[],"_links":{"self":[{"href":"https:\/\/www.edituraunmb.ro\/index.php?rest_route=\/wp\/v2\/product\/1792","targetHints":{"allow":["GET"]}}],"collection":[{"href":"https:\/\/www.edituraunmb.ro\/index.php?rest_route=\/wp\/v2\/product"}],"about":[{"href":"https:\/\/www.edituraunmb.ro\/index.php?rest_route=\/wp\/v2\/types\/product"}],"replies":[{"embeddable":true,"href":"https:\/\/www.edituraunmb.ro\/index.php?rest_route=%2Fwp%2Fv2%2Fcomments&post=1792"}],"wp:featuredmedia":[{"embeddable":true,"href":"https:\/\/www.edituraunmb.ro\/index.php?rest_route=\/wp\/v2\/media\/1793"}],"wp:attachment":[{"href":"https:\/\/www.edituraunmb.ro\/index.php?rest_route=%2Fwp%2Fv2%2Fmedia&parent=1792"}],"wp:term":[{"taxonomy":"product_brand","embeddable":true,"href":"https:\/\/www.edituraunmb.ro\/index.php?rest_route=%2Fwp%2Fv2%2Fproduct_brand&post=1792"},{"taxonomy":"product_cat","embeddable":true,"href":"https:\/\/www.edituraunmb.ro\/index.php?rest_route=%2Fwp%2Fv2%2Fproduct_cat&post=1792"},{"taxonomy":"product_tag","embeddable":true,"href":"https:\/\/www.edituraunmb.ro\/index.php?rest_route=%2Fwp%2Fv2%2Fproduct_tag&post=1792"}],"curies":[{"name":"wp","href":"https:\/\/api.w.org\/{rel}","templated":true}]}}