{"id":1795,"date":"2022-12-15T16:46:24","date_gmt":"2022-12-15T13:46:24","guid":{"rendered":"http:\/\/www.edituraunmb.ro\/?post_type=product&#038;p=1795"},"modified":"2024-02-16T11:48:09","modified_gmt":"2024-02-16T08:48:09","slug":"simfonia-concertanta-pentru-flaut-clarinet-si-orchestra-de-coarde","status":"publish","type":"product","link":"https:\/\/www.edituraunmb.ro\/?product=simfonia-concertanta-pentru-flaut-clarinet-si-orchestra-de-coarde","title":{"rendered":"Simfonia concertant\u0103 pentru flaut, clarinet \u0219i orchestr\u0103 de coarde"},"content":{"rendered":"<p><em>Simfonia concertant\u0103<\/em> pentru flaut, clarinet \u0219i orchestr\u0103 de coarde (1989\/1990) de Tiberiu Olah este un opus ascetic \u0219i diamantin. Pe c\u00e2t de alunecos \u0219i zvelt, pe at\u00e2t de fragmentar \u0219i ermetic este discursul sonor, dispersat \u00een figuri melodice curioase, spasmodice, flancate de sunete lungi \u0219i rupturi narative. Flautul \u0219i clarinetul constituie \u00een fapt un singur instrument \u00een aceast\u0103 lucrare, un instrument cu dou\u0103 fe\u021be, un fel de <em>Ianus bifrons<\/em>, iar orchestra desf\u0103\u0219oar\u0103 cu rafinament rezonan\u021be &#8211; lapidare sau extinse &#8211; ale meandrelor solistice ori izbucniri fulgurante ce contribuie la o dialectic\u0103 subtil\u0103 \u00eentre pedalele \u021binute (mai ales \u00een registrul acut, chiar flageolete) \u0219i gesturile unghiulare, aproape epileptice ale soli\u0219tilor. Avem \u00een fa\u021b\u0103 o lucrare de o for\u021b\u0103 interioar\u0103 exploziv\u0103, deloc deschis\u0103 spectacolului, ci mai degrab\u0103 introvertit\u0103 \u0219i chinuit\u0103; o capodoper\u0103 \u201ebarbar\u0103\u201d, dar \u00een acela\u0219i timp o ruin\u0103 construit\u0103 inten\u021bionat, \u00eentr-un mod meticulos \u0219i rezistent; un fel de mu\u0219uroi de insecte nemaiv\u0103zute, ridicat cu precizie \u0219i calcul, \u0219i muzeificat \u00eentr-un mediu aseptic. (Dan Dediu)<\/p>\n<p>&nbsp;<\/p>\n","protected":false},"excerpt":{"rendered":"<p>Edi\u021bie \u00eengrijit\u0103 de Dan Dediu <a href=\"https:\/\/www.edituraunmb.ro\/?product=simfonia-concertanta-pentru-flaut-clarinet-si-orchestra-de-coarde\" style=\"padding-left:10px;\">Mai multe detalii<\/a><\/p>\n","protected":false},"featured_media":1797,"comment_status":"closed","ping_status":"closed","template":"","meta":{"_acf_changed":false},"product_brand":[],"product_cat":[821],"product_tag":[113,650,957],"class_list":{"0":"post-1795","1":"product","2":"type-product","3":"status-publish","4":"has-post-thumbnail","6":"product_cat-821","7":"product_tag-muzica-romaneasca","8":"product_tag-orchestra-de-coarde","9":"product_tag-simfonie-concertanta","10":"p_author-tiberiu-olah","11":"t_lucrare-partitura","13":"first","14":"instock","15":"shipping-taxable","16":"product-type-simple"},"acf":[],"_links":{"self":[{"href":"https:\/\/www.edituraunmb.ro\/index.php?rest_route=\/wp\/v2\/product\/1795","targetHints":{"allow":["GET"]}}],"collection":[{"href":"https:\/\/www.edituraunmb.ro\/index.php?rest_route=\/wp\/v2\/product"}],"about":[{"href":"https:\/\/www.edituraunmb.ro\/index.php?rest_route=\/wp\/v2\/types\/product"}],"replies":[{"embeddable":true,"href":"https:\/\/www.edituraunmb.ro\/index.php?rest_route=%2Fwp%2Fv2%2Fcomments&post=1795"}],"wp:featuredmedia":[{"embeddable":true,"href":"https:\/\/www.edituraunmb.ro\/index.php?rest_route=\/wp\/v2\/media\/1797"}],"wp:attachment":[{"href":"https:\/\/www.edituraunmb.ro\/index.php?rest_route=%2Fwp%2Fv2%2Fmedia&parent=1795"}],"wp:term":[{"taxonomy":"product_brand","embeddable":true,"href":"https:\/\/www.edituraunmb.ro\/index.php?rest_route=%2Fwp%2Fv2%2Fproduct_brand&post=1795"},{"taxonomy":"product_cat","embeddable":true,"href":"https:\/\/www.edituraunmb.ro\/index.php?rest_route=%2Fwp%2Fv2%2Fproduct_cat&post=1795"},{"taxonomy":"product_tag","embeddable":true,"href":"https:\/\/www.edituraunmb.ro\/index.php?rest_route=%2Fwp%2Fv2%2Fproduct_tag&post=1795"}],"curies":[{"name":"wp","href":"https:\/\/api.w.org\/{rel}","templated":true}]}}