{"id":1804,"date":"2022-02-16T12:29:41","date_gmt":"2022-02-16T09:29:41","guid":{"rendered":"http:\/\/www.edituraunmb.ro\/?post_type=product&#038;p=1804"},"modified":"2024-02-16T12:33:59","modified_gmt":"2024-02-16T09:33:59","slug":"goldberg-variation","status":"publish","type":"product","link":"https:\/\/www.edituraunmb.ro\/?product=goldberg-variation","title":{"rendered":"Goldberg Variation"},"content":{"rendered":"<p>Lucrarea <em>Goldberg Variation<\/em> face parte dintr-un proiect ini\u021biat \u00een cadrul Universit\u00e4t Oldenburg, Institut f\u00fcr Musik (Germania) de c\u0103tre compozitoarea \u0219i profesoara Violeta Dinescu, \u00een care au fost inclu\u0219i compozitori contemporani din ultimele genera\u021bii. Ideea a fost ca, pornind de la materialul muzical furnizat de <em>Goldberg Variationen<\/em> de Johann Sebastian Bach, s\u0103 apar\u0103 o serie de scurte lucr\u0103ri sub forma unor comentarii \u0219i alc\u0103tuiri muzicale diverse. Proiectul a fost dedicat ansamblului <em>Trio Contraste<\/em> din Timi\u0219oara (Rom\u00e2nia), \u0219i r\u0103m\u00e2ne deschis oric\u0103ror ad\u0103ugiri sau dezvolt\u0103ri ulterioare.<br \/>\nDedic aceasta lucrare eminentei autoare a proiectului. (Nicolae Br\u00e2ndu\u0219)<\/p>\n","protected":false},"excerpt":{"rendered":"<p>Lucrarea Goldberg Variation face parte dintr-un proiect ini\u021biat \u00een cadrul Universit\u00e4t Oldenburg, Institut f\u00fcr Musik (Germania) de c\u0103tre compozitoarea \u0219i profesoara Violeta Dinescu, \u00een care au fost inclu\u0219i compozitori contemporani din ultimele genera\u021bii. Ideea a fost ca, pornind de la &hellip; <a href=\"https:\/\/www.edituraunmb.ro\/?product=goldberg-variation\" style=\"padding-left:10px;\">Mai multe detalii<\/a><\/p>\n","protected":false},"featured_media":1805,"comment_status":"closed","ping_status":"closed","template":"","meta":{"_acf_changed":false},"product_brand":[],"product_cat":[821],"product_tag":[89,113,963],"class_list":{"0":"post-1804","1":"product","2":"type-product","3":"status-publish","4":"has-post-thumbnail","6":"product_cat-821","7":"product_tag-muzica-de-camera","8":"product_tag-muzica-romaneasca","9":"product_tag-variatiuni","10":"p_author-nicolae-brandus","11":"t_lucrare-partitura","13":"first","14":"instock","15":"shipping-taxable","16":"product-type-simple"},"acf":[],"_links":{"self":[{"href":"https:\/\/www.edituraunmb.ro\/index.php?rest_route=\/wp\/v2\/product\/1804","targetHints":{"allow":["GET"]}}],"collection":[{"href":"https:\/\/www.edituraunmb.ro\/index.php?rest_route=\/wp\/v2\/product"}],"about":[{"href":"https:\/\/www.edituraunmb.ro\/index.php?rest_route=\/wp\/v2\/types\/product"}],"replies":[{"embeddable":true,"href":"https:\/\/www.edituraunmb.ro\/index.php?rest_route=%2Fwp%2Fv2%2Fcomments&post=1804"}],"wp:featuredmedia":[{"embeddable":true,"href":"https:\/\/www.edituraunmb.ro\/index.php?rest_route=\/wp\/v2\/media\/1805"}],"wp:attachment":[{"href":"https:\/\/www.edituraunmb.ro\/index.php?rest_route=%2Fwp%2Fv2%2Fmedia&parent=1804"}],"wp:term":[{"taxonomy":"product_brand","embeddable":true,"href":"https:\/\/www.edituraunmb.ro\/index.php?rest_route=%2Fwp%2Fv2%2Fproduct_brand&post=1804"},{"taxonomy":"product_cat","embeddable":true,"href":"https:\/\/www.edituraunmb.ro\/index.php?rest_route=%2Fwp%2Fv2%2Fproduct_cat&post=1804"},{"taxonomy":"product_tag","embeddable":true,"href":"https:\/\/www.edituraunmb.ro\/index.php?rest_route=%2Fwp%2Fv2%2Fproduct_tag&post=1804"}],"curies":[{"name":"wp","href":"https:\/\/api.w.org\/{rel}","templated":true}]}}