{"id":1808,"date":"2022-02-16T12:34:58","date_gmt":"2022-02-16T09:34:58","guid":{"rendered":"http:\/\/www.edituraunmb.ro\/?post_type=product&#038;p=1808"},"modified":"2024-02-16T12:43:17","modified_gmt":"2024-02-16T09:43:17","slug":"melopedia-fuga","status":"publish","type":"product","link":"https:\/\/www.edituraunmb.ro\/?product=melopedia-fuga","title":{"rendered":"Melopedia &#038; Fuga"},"content":{"rendered":"<p>Lucrarea <em>Melopedia &amp; Fuga<\/em> a fost scris\u0103 la ini\u021biativa profesorului Gheorghe Cuciureanu, care a adus instrumentului (fagot) o serie de \u00eembun\u0103t\u0103\u021biri importante de ordin tehnic si interpretativ.<br \/>\nMuzica folose\u0219te ca material de baz\u0103 dou\u0103 lucr\u0103ri emblematice din literatura fagotului, \u0219i anume fragmente din <em>Sfin\u021birea prim\u0103verii<\/em> de Stravinski \u0219i <em>Ucenicul Vr\u0103jitor<\/em> de Paul Dukas. Ambele motive muzicale au fost tratate liber componistic, \u00een prima parte sub form\u0103 de <em>melopee<\/em> liber\u0103, \u0219i \u00een cea de a doua parte sub forma unui <em>fugato<\/em>. Fragmentele citate sunt \u00eentret\u0103iate de modele muzicale imaginate de prof. Cuciureanu, care se pot executa f\u0103r\u0103 probleme tehnice la fagotul perfec\u021bionat pe care \u00eel propune. Dincolo de aceste elemente de ordin tehnic lucrarea apare ca o pies\u0103 de \u00eenalt\u0103 virtuozitate destinat\u0103 ca atare interpretului \u0219i publicului. (Nicolae Br\u00e2ndu\u0219)<\/p>\n","protected":false},"excerpt":{"rendered":"<p>pentru fagot <a href=\"https:\/\/www.edituraunmb.ro\/?product=melopedia-fuga\" style=\"padding-left:10px;\">Mai multe detalii<\/a><\/p>\n","protected":false},"featured_media":1809,"comment_status":"closed","ping_status":"closed","template":"","meta":{"_acf_changed":false},"product_brand":[],"product_cat":[821],"product_tag":[965,967,966,113],"class_list":{"0":"post-1808","1":"product","2":"type-product","3":"status-publish","4":"has-post-thumbnail","6":"product_cat-821","7":"product_tag-fagot","8":"product_tag-fugato","9":"product_tag-melopee","10":"product_tag-muzica-romaneasca","11":"p_author-nicolae-brandus","12":"t_lucrare-partitura","14":"first","15":"instock","16":"shipping-taxable","17":"product-type-simple"},"acf":[],"_links":{"self":[{"href":"https:\/\/www.edituraunmb.ro\/index.php?rest_route=\/wp\/v2\/product\/1808","targetHints":{"allow":["GET"]}}],"collection":[{"href":"https:\/\/www.edituraunmb.ro\/index.php?rest_route=\/wp\/v2\/product"}],"about":[{"href":"https:\/\/www.edituraunmb.ro\/index.php?rest_route=\/wp\/v2\/types\/product"}],"replies":[{"embeddable":true,"href":"https:\/\/www.edituraunmb.ro\/index.php?rest_route=%2Fwp%2Fv2%2Fcomments&post=1808"}],"wp:featuredmedia":[{"embeddable":true,"href":"https:\/\/www.edituraunmb.ro\/index.php?rest_route=\/wp\/v2\/media\/1809"}],"wp:attachment":[{"href":"https:\/\/www.edituraunmb.ro\/index.php?rest_route=%2Fwp%2Fv2%2Fmedia&parent=1808"}],"wp:term":[{"taxonomy":"product_brand","embeddable":true,"href":"https:\/\/www.edituraunmb.ro\/index.php?rest_route=%2Fwp%2Fv2%2Fproduct_brand&post=1808"},{"taxonomy":"product_cat","embeddable":true,"href":"https:\/\/www.edituraunmb.ro\/index.php?rest_route=%2Fwp%2Fv2%2Fproduct_cat&post=1808"},{"taxonomy":"product_tag","embeddable":true,"href":"https:\/\/www.edituraunmb.ro\/index.php?rest_route=%2Fwp%2Fv2%2Fproduct_tag&post=1808"}],"curies":[{"name":"wp","href":"https:\/\/api.w.org\/{rel}","templated":true}]}}