{"id":1811,"date":"2022-11-16T12:51:37","date_gmt":"2022-11-16T09:51:37","guid":{"rendered":"http:\/\/www.edituraunmb.ro\/?post_type=product&#038;p=1811"},"modified":"2024-02-16T13:31:23","modified_gmt":"2024-02-16T10:31:23","slug":"noua-piese-pentru-pian","status":"publish","type":"product","link":"https:\/\/www.edituraunmb.ro\/?product=noua-piese-pentru-pian","title":{"rendered":"Nou\u0103 piese pentru pian"},"content":{"rendered":"<p>Cele <em>Nou\u0103 piese pentru pian<\/em> (<em>Discours<\/em>, <em>Fluiere<\/em>, <em>Mirabilis<\/em>, <em>\u021aestoase<\/em>, <em>D\u00e9bordement<\/em>, <em>Ricercare<\/em>, <em>Pentru degete moi<\/em>, <em>Cortegiu<\/em>, <em>Fulgere<\/em>) au fost scrise \u00een 1998; lucra \u00eenc\u0103 la ele chiar \u00een ultimele sale zile. Din p\u0103cate, dou\u0103 dintre piese au r\u0103mas neterminate.<br \/>\nTehnicile modale ale lui Anatol Vieru, procedeele extrem de riguroase, adesea bazate pe legi matematice \u00een folosirea modurilor \u0219i periodicit\u0103\u021bilor ritmice nu au vreun efect restrictiv \u00een planul expresiei; dimpotriv\u0103, felul \u00een care Anatol Vieru ridic\u0103 expresia, imaginea, ideea la un nivel de for\u021b\u0103 maxim\u0103 prin procedee matematice \u00eel plaseaz\u0103 \u00eentr-o continuitate pitagoreic\u0103 a secolului XX. Forma fuzioneaz\u0103 cu con\u021binutul ideatic, \u00eentr-o variant\u0103 ideal\u0103. \u201eA spune mult prin mijloace c\u00e2t mai simple\u201d, unul din principiile sale fundamentale, d\u0103 na\u0219tere, \u00een aceste piese, unor partituri de virtuozitate, \u00een care pianistul va descoperi empiric puterea propriului s\u0103u auz modal: o scriitur\u0103 vizual \u00eenc\u0103rcat\u0103 va \u201eintra \u00een degete\u201d rapid tocmai datorit\u0103 logicii intrinsece a conglomeratelor sonore, a universalit\u0103\u021bii organiz\u0103rilor modale. Auzul va respinge automat sunetele care nu apar\u021bin modului, degetele vor g\u0103si pozi\u021biile acordurilor \u0219i arpegiilor dup\u0103 necesitatea auditiv\u0103 \u0219i tactil\u0103 dictate de structur\u0103. Fiecare configura\u021bie sonor\u0103 sugereaz\u0103 o stare complex\u0103, inefabil\u0103; permut\u0103rile din cadrul modurilor, r\u0103sturn\u0103rile acordurilor-mod, selec\u021bia sunetelor din totalul cromatic confirm\u0103 puternica leg\u0103tur\u0103 dintre mod \u0219i emo\u021bie, a\u0219a cum a fost intuit\u0103 de pitagoricieni, dar cu infinit mai multe nuan\u021be. Pianistul care a c\u00e2ntat Debussy, Ravel, Skriabin, Messiaen va fi probabil avantajat, dar, studiind aceste piese, orice pianist va descoperi calit\u0103\u021bi neb\u0103nuite ale propriului s\u0103u auz, \u00ee\u0219i va dezvolta sim\u021bul ritmic \u0219i \u00ee\u0219i va a\u0219eza g\u00e2ndirea pe noi coordonate. (Lena Vieru Conta)<\/p>\n","protected":false},"excerpt":{"rendered":"<p>Cele Nou\u0103 piese pentru pian (Discours, Fluiere, Mirabilis, \u021aestoase, D\u00e9bordement, Ricercare, Pentru degete moi, Cortegiu, Fulgere) au fost scrise \u00een 1998; lucra \u00eenc\u0103 la ele chiar \u00een ultimele sale zile. Din p\u0103cate, dou\u0103 dintre piese au r\u0103mas neterminate. Tehnicile modale &hellip; <a href=\"https:\/\/www.edituraunmb.ro\/?product=noua-piese-pentru-pian\" style=\"padding-left:10px;\">Mai multe detalii<\/a><\/p>\n","protected":false},"featured_media":1812,"comment_status":"closed","ping_status":"closed","template":"","meta":{"_acf_changed":false},"product_brand":[],"product_cat":[821],"product_tag":[113,93,834],"class_list":{"0":"post-1811","1":"product","2":"type-product","3":"status-publish","4":"has-post-thumbnail","6":"product_cat-821","7":"product_tag-muzica-romaneasca","8":"product_tag-pian","9":"product_tag-tehnici-de-compozitie","10":"p_author-anatol-vieru","11":"t_lucrare-partitura","13":"first","14":"instock","15":"shipping-taxable","16":"product-type-simple"},"acf":[],"_links":{"self":[{"href":"https:\/\/www.edituraunmb.ro\/index.php?rest_route=\/wp\/v2\/product\/1811","targetHints":{"allow":["GET"]}}],"collection":[{"href":"https:\/\/www.edituraunmb.ro\/index.php?rest_route=\/wp\/v2\/product"}],"about":[{"href":"https:\/\/www.edituraunmb.ro\/index.php?rest_route=\/wp\/v2\/types\/product"}],"replies":[{"embeddable":true,"href":"https:\/\/www.edituraunmb.ro\/index.php?rest_route=%2Fwp%2Fv2%2Fcomments&post=1811"}],"wp:featuredmedia":[{"embeddable":true,"href":"https:\/\/www.edituraunmb.ro\/index.php?rest_route=\/wp\/v2\/media\/1812"}],"wp:attachment":[{"href":"https:\/\/www.edituraunmb.ro\/index.php?rest_route=%2Fwp%2Fv2%2Fmedia&parent=1811"}],"wp:term":[{"taxonomy":"product_brand","embeddable":true,"href":"https:\/\/www.edituraunmb.ro\/index.php?rest_route=%2Fwp%2Fv2%2Fproduct_brand&post=1811"},{"taxonomy":"product_cat","embeddable":true,"href":"https:\/\/www.edituraunmb.ro\/index.php?rest_route=%2Fwp%2Fv2%2Fproduct_cat&post=1811"},{"taxonomy":"product_tag","embeddable":true,"href":"https:\/\/www.edituraunmb.ro\/index.php?rest_route=%2Fwp%2Fv2%2Fproduct_tag&post=1811"}],"curies":[{"name":"wp","href":"https:\/\/api.w.org\/{rel}","templated":true}]}}