{"id":1824,"date":"2022-06-16T13:24:21","date_gmt":"2022-06-16T10:24:21","guid":{"rendered":"http:\/\/www.edituraunmb.ro\/?post_type=product&#038;p=1824"},"modified":"2024-02-16T13:30:49","modified_gmt":"2024-02-16T10:30:49","slug":"sonata-pentru-pian-op-1","status":"publish","type":"product","link":"https:\/\/www.edituraunmb.ro\/?product=sonata-pentru-pian-op-1","title":{"rendered":"Sonata pentru pian op. 1"},"content":{"rendered":"<h5>Publicarea Sonatei pentru pian op. 1 vine s\u0103 restituie patrimoniului muzical rom\u00e2nesc \u0219i universal singurul num\u0103r de opus r\u0103mas netip\u0103rit din crea\u021bia lui Pascal Bentoiu.<\/h5>\n<h5 class=\"noindent\">Lucrarea a f\u0103cut parte din programele de recital pe care le-am sus\u021binut la Ateneul Rom\u00e2n pe 23 noiembrie 2002 \u0219i 25 aprilie 2007. Am f\u0103cut-o auzit\u0103, de asemenea, \u00een mai multe ora\u0219e din \u021bar\u0103, precum \u0219i la Aula Palatului Cantacuzino, pe 26 februarie 2007 (\u00een proiectul Arte Novi ini\u021biat de Radio Rom\u00e2nia Cultural). Cu acel prilej mi-am notat o observa\u021bie a compozitorului, potrivit c\u0103reia \u00een interpretarea mea a prevalat <em>puterea<\/em><br \/>\n<em>ritmic\u0103 exorbitant\u0103 \u00een defavoarea melodicului, care este continuu \u00een aceast\u0103 muzic\u0103<\/em>. (Viniciu Moroianu)<\/h5>\n","protected":false},"excerpt":{"rendered":"<p>Publicarea Sonatei pentru pian op. 1 vine s\u0103 restituie patrimoniului muzical rom\u00e2nesc \u0219i universal singurul num\u0103r de opus r\u0103mas netip\u0103rit din crea\u021bia lui Pascal Bentoiu. Lucrarea a f\u0103cut parte din programele de recital pe care le-am sus\u021binut la Ateneul Rom\u00e2n &hellip; <a href=\"https:\/\/www.edituraunmb.ro\/?product=sonata-pentru-pian-op-1\" style=\"padding-left:10px;\">Mai multe detalii<\/a><\/p>\n","protected":false},"featured_media":1825,"comment_status":"closed","ping_status":"closed","template":"","meta":{"_acf_changed":false},"product_brand":[],"product_cat":[821],"product_tag":[113,93,85],"class_list":{"0":"post-1824","1":"product","2":"type-product","3":"status-publish","4":"has-post-thumbnail","6":"product_cat-821","7":"product_tag-muzica-romaneasca","8":"product_tag-pian","9":"product_tag-sonata","10":"p_author-pascal-bentoiu","11":"t_lucrare-partitura","13":"first","14":"instock","15":"shipping-taxable","16":"product-type-simple"},"acf":[],"_links":{"self":[{"href":"https:\/\/www.edituraunmb.ro\/index.php?rest_route=\/wp\/v2\/product\/1824","targetHints":{"allow":["GET"]}}],"collection":[{"href":"https:\/\/www.edituraunmb.ro\/index.php?rest_route=\/wp\/v2\/product"}],"about":[{"href":"https:\/\/www.edituraunmb.ro\/index.php?rest_route=\/wp\/v2\/types\/product"}],"replies":[{"embeddable":true,"href":"https:\/\/www.edituraunmb.ro\/index.php?rest_route=%2Fwp%2Fv2%2Fcomments&post=1824"}],"wp:featuredmedia":[{"embeddable":true,"href":"https:\/\/www.edituraunmb.ro\/index.php?rest_route=\/wp\/v2\/media\/1825"}],"wp:attachment":[{"href":"https:\/\/www.edituraunmb.ro\/index.php?rest_route=%2Fwp%2Fv2%2Fmedia&parent=1824"}],"wp:term":[{"taxonomy":"product_brand","embeddable":true,"href":"https:\/\/www.edituraunmb.ro\/index.php?rest_route=%2Fwp%2Fv2%2Fproduct_brand&post=1824"},{"taxonomy":"product_cat","embeddable":true,"href":"https:\/\/www.edituraunmb.ro\/index.php?rest_route=%2Fwp%2Fv2%2Fproduct_cat&post=1824"},{"taxonomy":"product_tag","embeddable":true,"href":"https:\/\/www.edituraunmb.ro\/index.php?rest_route=%2Fwp%2Fv2%2Fproduct_tag&post=1824"}],"curies":[{"name":"wp","href":"https:\/\/api.w.org\/{rel}","templated":true}]}}