{"id":1838,"date":"2023-11-16T14:31:59","date_gmt":"2023-11-16T11:31:59","guid":{"rendered":"http:\/\/www.edituraunmb.ro\/?post_type=product&#038;p=1838"},"modified":"2024-02-16T15:09:48","modified_gmt":"2024-02-16T12:09:48","slug":"noul-doxastar-ii","status":"publish","type":"product","link":"https:\/\/www.edituraunmb.ro\/?product=noul-doxastar-ii","title":{"rendered":"Noul Doxastar II"},"content":{"rendered":"<h5>Biografia ieromonahului Amfilohie Iord\u0103nescu constituie un subiect de interes pentru cercet\u0103torii \u0219i interpre\u021bii de muzic\u0103 bizantin\u0103, fiind unul dintre cei mai prolifici autori \u0219i traduc\u0103tori de c\u00e2nt\u0103ri psaltice.<\/h5>\n<h5 class=\"noindent\">Tip\u0103rirea ms. 28.945 II B.N.R.B. \u00een edi\u021bie anastatic\u0103 reprezint\u0103, \u00een primul r\u00e2nd, un gest de recuno\u0219tin\u021b\u0103 adus ieromonahului Amfilohie (Athanasie) Iord\u0103nescu, iar \u00een al doilea r\u00e2nd, un act de promovare a c\u00e2nt\u0103rii psaltice rom\u00e2ne\u0219ti. Scopul principal al acestei edit\u0103ri este de a consolida rela\u021bia omului cu Dumnezeu, prin c\u00e2nt\u0103rile din cadrul Slujbelor Bisericii Ortodoxe, iar scopul secundar este de a \u00eembog\u0103\u021bi repertoriul actual de stran\u0103. Pe l\u00e2ng\u0103 acestea, mai putem admite \u0219i un al treilea scop, de a ne bucura de frumuse\u021bea \u0219i elegan\u021ba muzical\u0103 rezultat\u0103 din interpretarea c\u00e2nt\u0103rilor psaltice con\u021binute \u00een acest manuscris. (\u0218erban Marius-Nicolae)<\/h5>\n","protected":false},"excerpt":{"rendered":"<div>\n<h5>Coordonare \u0219tiin\u021bific\u0103:<\/h5>\n<h5>prof. univ. dr. habil. Nicolae Gheorghi\u021b\u0103<\/h5>\n<h5>cs III dr. C\u0103t\u0103lin Cern\u0103tescu<\/h5>\n<p>&nbsp;<\/p>\n<p class=\"noindent\">Edi\u021bie facsimil \u00eengrijit\u0103 de: George Matei, George Antoneac, Dragan Olariu \u0219i Mihai Dobre<\/p>\n<\/div>\n<div class=\"product_meta\"><\/div>\n<p> <a href=\"https:\/\/www.edituraunmb.ro\/?product=noul-doxastar-ii\" style=\"padding-left:10px;\">Mai multe detalii<\/a><\/p>\n","protected":false},"featured_media":1839,"comment_status":"closed","ping_status":"closed","template":"","meta":{"_acf_changed":false},"product_brand":[],"product_cat":[830],"product_tag":[839,629],"class_list":{"0":"post-1838","1":"product","2":"type-product","3":"status-publish","4":"has-post-thumbnail","6":"product_cat-830","7":"product_tag-bizantinologie","8":"product_tag-muzica-bisericeasca","9":"p_author-amfilohie-iordanescu","10":"t_lucrare-partitura","12":"first","13":"instock","14":"shipping-taxable","15":"product-type-simple"},"acf":[],"_links":{"self":[{"href":"https:\/\/www.edituraunmb.ro\/index.php?rest_route=\/wp\/v2\/product\/1838","targetHints":{"allow":["GET"]}}],"collection":[{"href":"https:\/\/www.edituraunmb.ro\/index.php?rest_route=\/wp\/v2\/product"}],"about":[{"href":"https:\/\/www.edituraunmb.ro\/index.php?rest_route=\/wp\/v2\/types\/product"}],"replies":[{"embeddable":true,"href":"https:\/\/www.edituraunmb.ro\/index.php?rest_route=%2Fwp%2Fv2%2Fcomments&post=1838"}],"wp:featuredmedia":[{"embeddable":true,"href":"https:\/\/www.edituraunmb.ro\/index.php?rest_route=\/wp\/v2\/media\/1839"}],"wp:attachment":[{"href":"https:\/\/www.edituraunmb.ro\/index.php?rest_route=%2Fwp%2Fv2%2Fmedia&parent=1838"}],"wp:term":[{"taxonomy":"product_brand","embeddable":true,"href":"https:\/\/www.edituraunmb.ro\/index.php?rest_route=%2Fwp%2Fv2%2Fproduct_brand&post=1838"},{"taxonomy":"product_cat","embeddable":true,"href":"https:\/\/www.edituraunmb.ro\/index.php?rest_route=%2Fwp%2Fv2%2Fproduct_cat&post=1838"},{"taxonomy":"product_tag","embeddable":true,"href":"https:\/\/www.edituraunmb.ro\/index.php?rest_route=%2Fwp%2Fv2%2Fproduct_tag&post=1838"}],"curies":[{"name":"wp","href":"https:\/\/api.w.org\/{rel}","templated":true}]}}