{"id":1949,"date":"2024-05-17T14:23:21","date_gmt":"2024-05-17T11:23:21","guid":{"rendered":"http:\/\/www.edituraunmb.ro\/?post_type=product&#038;p=1949"},"modified":"2025-06-03T15:52:18","modified_gmt":"2025-06-03T12:52:18","slug":"istorii-si-ideologii-filarmonica-din-bucuresti-1868-2018","status":"publish","type":"product","link":"https:\/\/www.edituraunmb.ro\/?product=istorii-si-ideologii-filarmonica-din-bucuresti-1868-2018","title":{"rendered":"Istorii \u0219i ideologii: Filarmonica din Bucure\u0219ti (1868-2018)"},"content":{"rendered":"<div id=\":ox\" class=\"a3s aiL \">\n<div>\n<div><span lang=\"RO\">Cum se poate scrie ast\u0103zi, la peste 150 de ani de la \u00eenfiin\u021bare, despre Filarmonica bucure\u0219tean\u0103? Am apelat la mai multe texte \u0219i surse, pe care le-am \u00eembinat pentru a pune reflectorul pe diferite momente semnificative. Regretata Elena Zottoviceanu sintetiza \u00eenc\u0103 din 2010, \u00eentr-un ton obiectiv, atractiv \u0219i modern, istoria institu\u021biei \u00eentre 1868 \u0219i 1944; eu am \u00eencercat s\u0103 continui acest fir narativ p\u00e2n\u0103 \u00een 2018, observ\u00e2nd meandrele ideologice complicate ale contextului rom\u00e2nesc; pentru a oglindi\u00a0 nout\u0103\u021bi din ultimii ani, Cristina S\u00e2rbu a relatat \u00een acest volum dou\u0103 proiecte \u00een care s-a implicat cu entuziasm. Am considerat, de asemenea, c\u0103 istoria oral\u0103 va completa \u00een mod binevenit peisajul, cu m\u0103rturii, amintiri, comentarii ale unor personalit\u0103\u021bi implicate timp \u00eendelungat \u0219i \u00een diverse ipostaze \u00een istoria recent\u0103 a Filarmonicii. Interviurile realizate \u0219i transcrise \u00een acest scop de Ioana Marghita aduc, al\u0103turi de informa\u021bii pre\u021bioase, c\u0103ldur\u0103, subiectivitate \u0219i emo\u021bie acestui volum. \u00cen fine, documenta\u021bia propriu-zis\u0103 a repertoriului simfonic al Filarmonicii (1968-2018) a constituit o munc\u0103 dificil\u0103 \u0219i mig\u0103loas\u0103, dus\u0103 la cap\u0103t cu succes de trei tineri colegi: Desiela Ion, Benedicta Pavel \u0219i Vlad Ghinea. \u00cen acest fel, mai multe genera\u021bii de muzicologi v\u0103 propun spre lectur\u0103 un volum amplu, din care cititorul \u00ee\u0219i poate alege oric\u00e2nd propriul traseu. (<\/span><span lang=\"RO\">Valentina Sandu-Dediu)<\/span><\/div>\n<\/div>\n<\/div>\n","protected":false},"excerpt":{"rendered":"<p>Volum coordonat de Valentina Sandu-Dediu <a href=\"https:\/\/www.edituraunmb.ro\/?product=istorii-si-ideologii-filarmonica-din-bucuresti-1868-2018\" style=\"padding-left:10px;\">Mai multe detalii<\/a><\/p>\n","protected":false},"featured_media":1956,"comment_status":"closed","ping_status":"closed","template":"","meta":{"_acf_changed":false},"product_brand":[],"product_cat":[830],"product_tag":[876,992,993],"class_list":{"0":"post-1949","1":"product","2":"type-product","3":"status-publish","4":"has-post-thumbnail","6":"product_cat-830","7":"product_tag-ideologii","8":"product_tag-institutii","9":"product_tag-istorii","10":"p_author-benedicta-pavel-colab","11":"p_author-cristina-maria-sarbu","12":"p_author-desiela-ion-colab","13":"p_author-elena-zottoviceanu","14":"p_author-ioana-marghita","15":"p_author-valentina-sandu-dediu","16":"p_author-vlad-ghinea-colab","17":"t_lucrare-carte","19":"first","20":"instock","21":"featured","22":"shipping-taxable","23":"product-type-simple"},"acf":[],"_links":{"self":[{"href":"https:\/\/www.edituraunmb.ro\/index.php?rest_route=\/wp\/v2\/product\/1949","targetHints":{"allow":["GET"]}}],"collection":[{"href":"https:\/\/www.edituraunmb.ro\/index.php?rest_route=\/wp\/v2\/product"}],"about":[{"href":"https:\/\/www.edituraunmb.ro\/index.php?rest_route=\/wp\/v2\/types\/product"}],"replies":[{"embeddable":true,"href":"https:\/\/www.edituraunmb.ro\/index.php?rest_route=%2Fwp%2Fv2%2Fcomments&post=1949"}],"wp:featuredmedia":[{"embeddable":true,"href":"https:\/\/www.edituraunmb.ro\/index.php?rest_route=\/wp\/v2\/media\/1956"}],"wp:attachment":[{"href":"https:\/\/www.edituraunmb.ro\/index.php?rest_route=%2Fwp%2Fv2%2Fmedia&parent=1949"}],"wp:term":[{"taxonomy":"product_brand","embeddable":true,"href":"https:\/\/www.edituraunmb.ro\/index.php?rest_route=%2Fwp%2Fv2%2Fproduct_brand&post=1949"},{"taxonomy":"product_cat","embeddable":true,"href":"https:\/\/www.edituraunmb.ro\/index.php?rest_route=%2Fwp%2Fv2%2Fproduct_cat&post=1949"},{"taxonomy":"product_tag","embeddable":true,"href":"https:\/\/www.edituraunmb.ro\/index.php?rest_route=%2Fwp%2Fv2%2Fproduct_tag&post=1949"}],"curies":[{"name":"wp","href":"https:\/\/api.w.org\/{rel}","templated":true}]}}