{"id":1982,"date":"2021-12-09T12:59:47","date_gmt":"2021-12-09T09:59:47","guid":{"rendered":"http:\/\/www.edituraunmb.ro\/?post_type=product&#038;p=1982"},"modified":"2024-07-18T11:54:24","modified_gmt":"2024-07-18T08:54:24","slug":"tema-cu-variatiuni-pentru-pian-la-robert-schumann-si-johannes-brahms","status":"publish","type":"product","link":"https:\/\/www.edituraunmb.ro\/?product=tema-cu-variatiuni-pentru-pian-la-robert-schumann-si-johannes-brahms","title":{"rendered":"Tema cu varia\u0163iuni pentru pian la Robert Schumann \u0219i Johannes Brahms"},"content":{"rendered":"<p>\u00cen cartea de fa\u021b\u0103 inten\u021bionez s\u0103 eviden\u021biez aspecte semnificative ale temei cu varia\u021biuni, aduc\u00e2nd at\u00e2t o privire cronologic\u0103, c\u00e2t \u0219i o tratare analitic\u0103. Doi factori m-au determinat s\u0103 dezbat \u0219i s\u0103 dezvolt acest subiect: 1) relevan\u021ba genului \u0219i formei de tem\u0103 cu varia\u021biuni manifestat\u0103 de-a lungul timpului; 2) am \u00een repertoriu mai multe crea\u021bii de gen ale celor doi mari compozitori romantici germani, Robert Schumann \u0219i Johannes Brahms, \u0219i mi-am dorit s\u0103 aprofundez aceste lucr\u0103ri. \u00cen paginile ce urmeaz\u0103 voi analiza, din punct de vedere structural \u0219i interpretativ, <em>Studiile simfonice<\/em> op. 13 de Robert Schumann \u0219i Varia\u021biunile pe o tem\u0103 de Paganini op. 35 de Johannes Brahms. (Costin Filipoiu)<\/p>\n","protected":false},"excerpt":{"rendered":"<p>\u00cen cartea de fa\u021b\u0103 inten\u021bionez s\u0103 eviden\u021biez aspecte semnificative ale temei cu varia\u021biuni, aduc\u00e2nd at\u00e2t o privire cronologic\u0103, c\u00e2t \u0219i o tratare analitic\u0103. Doi factori m-au determinat s\u0103 dezbat \u0219i s\u0103 dezvolt acest subiect: 1) relevan\u021ba genului \u0219i formei de &hellip; <a href=\"https:\/\/www.edituraunmb.ro\/?product=tema-cu-variatiuni-pentru-pian-la-robert-schumann-si-johannes-brahms\" style=\"padding-left:10px;\">Mai multe detalii<\/a><\/p>\n","protected":false},"featured_media":1984,"comment_status":"closed","ping_status":"closed","template":"","meta":{"_acf_changed":false},"product_brand":[],"product_cat":[815],"product_tag":[707,614,93,615,639],"class_list":{"0":"post-1982","1":"product","2":"type-product","3":"status-publish","4":"has-post-thumbnail","6":"product_cat-815","7":"product_tag-analiza-muzicala","8":"product_tag-brahms","9":"product_tag-pian","10":"product_tag-schumann","11":"product_tag-tema-cu-variatiuni","12":"p_author-costin-filipoiu","13":"t_lucrare-carte","15":"first","16":"instock","17":"shipping-taxable","18":"product-type-simple"},"acf":[],"_links":{"self":[{"href":"https:\/\/www.edituraunmb.ro\/index.php?rest_route=\/wp\/v2\/product\/1982","targetHints":{"allow":["GET"]}}],"collection":[{"href":"https:\/\/www.edituraunmb.ro\/index.php?rest_route=\/wp\/v2\/product"}],"about":[{"href":"https:\/\/www.edituraunmb.ro\/index.php?rest_route=\/wp\/v2\/types\/product"}],"replies":[{"embeddable":true,"href":"https:\/\/www.edituraunmb.ro\/index.php?rest_route=%2Fwp%2Fv2%2Fcomments&post=1982"}],"wp:featuredmedia":[{"embeddable":true,"href":"https:\/\/www.edituraunmb.ro\/index.php?rest_route=\/wp\/v2\/media\/1984"}],"wp:attachment":[{"href":"https:\/\/www.edituraunmb.ro\/index.php?rest_route=%2Fwp%2Fv2%2Fmedia&parent=1982"}],"wp:term":[{"taxonomy":"product_brand","embeddable":true,"href":"https:\/\/www.edituraunmb.ro\/index.php?rest_route=%2Fwp%2Fv2%2Fproduct_brand&post=1982"},{"taxonomy":"product_cat","embeddable":true,"href":"https:\/\/www.edituraunmb.ro\/index.php?rest_route=%2Fwp%2Fv2%2Fproduct_cat&post=1982"},{"taxonomy":"product_tag","embeddable":true,"href":"https:\/\/www.edituraunmb.ro\/index.php?rest_route=%2Fwp%2Fv2%2Fproduct_tag&post=1982"}],"curies":[{"name":"wp","href":"https:\/\/api.w.org\/{rel}","templated":true}]}}