{"id":2006,"date":"2019-07-22T16:22:04","date_gmt":"2019-07-22T13:22:04","guid":{"rendered":"http:\/\/www.edituraunmb.ro\/?post_type=product&#038;p=2006"},"modified":"2024-09-25T17:25:51","modified_gmt":"2024-09-25T14:25:51","slug":"constructia-unei-identitati-romanesti-in-muzica-bisericeasca-2","status":"publish","type":"product","link":"https:\/\/www.edituraunmb.ro\/?product=constructia-unei-identitati-romanesti-in-muzica-bisericeasca-2","title":{"rendered":"Construc\u021bia unei identit\u0103\u021bi rom\u00e2ne\u0219ti \u00een muzica bisericeasc\u0103"},"content":{"rendered":"<p>\u00cen volumul s\u0103u din 2016, \u201eGeniul rom\u00e2nesc vs. tradi\u021bie bizantin\u0103. Imaginea c\u00e2nt\u0103rii biserice\u0219ti \u00een muzicologia rom\u00e2neasc\u0103&#8221;, Costin Moisil schimb\u0103 neostentativ dar decisiv tonul disciplinei sale. P\u00e2n\u0103 la el, nu existase o analiz\u0103 a caracterului na\u021bional al muzicologiei referitoare la c\u00e2nt\u0103rile biserice\u0219ti, evocat \u00een diverse moduri \u0219i cu diferite accente, \u00een func\u021bie de ideologiile \u0219i politica societ\u0103\u021bii rom\u00e2ne\u0219ti dintr-un moment dat. Eseurile cuprinse \u00een cartea pe care o ave\u021bi \u00een m\u00e2n\u0103 completeaz\u0103 perspectiva asupra na\u021bionalismelor rom\u00e2ne\u0219ti, at\u00e2t de necesar\u0103 ast\u0103zi, \u00een redimensionarea modern\u0103 a tuturor compartimentelor din istoria muzicii autohtone. Concepte \u0219i lecturi interdisciplinare, comentarii personale clare \u0219i concise, stilul atr\u0103g\u0103tor \u0219i perfect cizelat ne conving acum de \u201eConstruc\u021bia unei identit\u0103\u021bi rom\u00e2ne\u0219ti \u00een muzica bisericeasc\u0103&#8221;. (Valentina Sandu-Dediu)<\/p>\n","protected":false},"excerpt":{"rendered":"<p>\u00cen volumul s\u0103u din 2016, \u201eGeniul rom\u00e2nesc vs. tradi\u021bie bizantin\u0103. Imaginea c\u00e2nt\u0103rii biserice\u0219ti \u00een muzicologia rom\u00e2neasc\u0103&#8221;, Costin Moisil schimb\u0103 neostentativ dar decisiv tonul disciplinei sale. P\u00e2n\u0103 la el, nu existase o analiz\u0103 a caracterului na\u021bional al muzicologiei referitoare la c\u00e2nt\u0103rile &hellip; <a href=\"https:\/\/www.edituraunmb.ro\/?product=constructia-unei-identitati-romanesti-in-muzica-bisericeasca-2\" style=\"padding-left:10px;\">Mai multe detalii<\/a><\/p>\n","protected":false},"featured_media":2007,"comment_status":"closed","ping_status":"closed","template":"","meta":{"_acf_changed":false},"product_brand":[],"product_cat":[601],"product_tag":[630,629,631],"class_list":{"0":"post-2006","1":"product","2":"type-product","3":"status-publish","4":"has-post-thumbnail","6":"product_cat-601","7":"product_tag-identitate","8":"product_tag-muzica-bisericeasca","9":"product_tag-nationalism","10":"p_author-costin-moisil","11":"t_lucrare-carte","12":"t_lucrare-free","14":"first","15":"instock","16":"downloadable","17":"shipping-taxable","18":"product-type-simple"},"acf":[],"_links":{"self":[{"href":"https:\/\/www.edituraunmb.ro\/index.php?rest_route=\/wp\/v2\/product\/2006","targetHints":{"allow":["GET"]}}],"collection":[{"href":"https:\/\/www.edituraunmb.ro\/index.php?rest_route=\/wp\/v2\/product"}],"about":[{"href":"https:\/\/www.edituraunmb.ro\/index.php?rest_route=\/wp\/v2\/types\/product"}],"replies":[{"embeddable":true,"href":"https:\/\/www.edituraunmb.ro\/index.php?rest_route=%2Fwp%2Fv2%2Fcomments&post=2006"}],"wp:featuredmedia":[{"embeddable":true,"href":"https:\/\/www.edituraunmb.ro\/index.php?rest_route=\/wp\/v2\/media\/2007"}],"wp:attachment":[{"href":"https:\/\/www.edituraunmb.ro\/index.php?rest_route=%2Fwp%2Fv2%2Fmedia&parent=2006"}],"wp:term":[{"taxonomy":"product_brand","embeddable":true,"href":"https:\/\/www.edituraunmb.ro\/index.php?rest_route=%2Fwp%2Fv2%2Fproduct_brand&post=2006"},{"taxonomy":"product_cat","embeddable":true,"href":"https:\/\/www.edituraunmb.ro\/index.php?rest_route=%2Fwp%2Fv2%2Fproduct_cat&post=2006"},{"taxonomy":"product_tag","embeddable":true,"href":"https:\/\/www.edituraunmb.ro\/index.php?rest_route=%2Fwp%2Fv2%2Fproduct_tag&post=2006"}],"curies":[{"name":"wp","href":"https:\/\/api.w.org\/{rel}","templated":true}]}}