{"id":2101,"date":"2021-12-10T10:58:45","date_gmt":"2021-12-10T07:58:45","guid":{"rendered":"http:\/\/www.edituraunmb.ro\/?post_type=product&#038;p=2101"},"modified":"2025-02-26T12:24:06","modified_gmt":"2025-02-26T09:24:06","slug":"wilhelm-georg-berger-si-sonatele-sale-pentru-viola-repere-ale-creatiei-romanesti-in-universul-muzicii-secolului-xx","status":"publish","type":"product","link":"https:\/\/www.edituraunmb.ro\/?product=wilhelm-georg-berger-si-sonatele-sale-pentru-viola-repere-ale-creatiei-romanesti-in-universul-muzicii-secolului-xx","title":{"rendered":"Wilhelm Georg Berger \u0219i sonatele sale pentru viol\u0103. Repere ale crea\u021biei rom\u00e2ne\u0219ti \u00een universul muzicii secolului XX"},"content":{"rendered":"<h6 class=\"p1\">Lucrarea de fa\u021b\u0103 vine \u00een \u00eent\u00e2mpinarea celor care doresc s\u0103 cunoasc\u0103 c\u00e2teva din tainele muzicii secolului XX, prin<\/h6>\n<h6 class=\"p1\">cunoa\u0219terea unor sinteze referitoare la limbajul, dinamismul \u0219i expresivitatea ei. Am considerat demersul cercet\u0103rii sonatelor bergeriene\u00a0pentru viol\u0103 o datorie. Mi-am dorit s\u0103 fac muzica acestui compozitor mai cunoscut\u0103 \u0219i, \u00een acela\u0219i timp, mai accesibil\u0103 violi\u0219tilor, s\u0103-i conving astfel s\u0103 adauge aceste opusuri de valoare incontestabil\u0103 \u00een repertoriul lor. Privite din perspectiva interpretului, sonatele pentru \u0219i cu viol\u0103 reprezint\u0103 o provocare, care incit\u0103 fiecare nou\u0103 abordare. Reu\u0219ita impune standarde \u00eenalte, ce implic\u0103 o sensibilitate aparte. Sonatele lui Wilhelm Georg Berger prezint\u0103 nenum\u0103rate dificult\u0103\u021bi legate de tehnica instrumental\u0103, amplificate de caracterul concertant, virtuozitate, dinamic\u0103 \u0219i expresie muzical\u0103. (Leona Claudia Varvarichi)<\/h6>\n","protected":false},"excerpt":{"rendered":"<p>Lucrarea de fa\u021b\u0103 vine \u00een \u00eent\u00e2mpinarea celor care doresc s\u0103 cunoasc\u0103 c\u00e2teva din tainele muzicii secolului XX, prin cunoa\u0219terea unor sinteze referitoare la limbajul, dinamismul \u0219i expresivitatea ei. Am considerat demersul cercet\u0103rii sonatelor bergeriene\u00a0pentru viol\u0103 o datorie. Mi-am dorit s\u0103 &hellip; <a href=\"https:\/\/www.edituraunmb.ro\/?product=wilhelm-georg-berger-si-sonatele-sale-pentru-viola-repere-ale-creatiei-romanesti-in-universul-muzicii-secolului-xx\" style=\"padding-left:10px;\">Mai multe detalii<\/a><\/p>\n","protected":false},"featured_media":2105,"comment_status":"closed","ping_status":"closed","template":"","meta":{"_acf_changed":false},"product_brand":[],"product_cat":[815],"product_tag":[89,85,679],"class_list":{"0":"post-2101","1":"product","2":"type-product","3":"status-publish","4":"has-post-thumbnail","6":"product_cat-815","7":"product_tag-muzica-de-camera","8":"product_tag-sonata","9":"product_tag-viola","10":"p_author-leona-claudia-varvarichi","11":"t_lucrare-carte","13":"first","14":"instock","15":"shipping-taxable","16":"product-type-simple"},"acf":[],"_links":{"self":[{"href":"https:\/\/www.edituraunmb.ro\/index.php?rest_route=\/wp\/v2\/product\/2101","targetHints":{"allow":["GET"]}}],"collection":[{"href":"https:\/\/www.edituraunmb.ro\/index.php?rest_route=\/wp\/v2\/product"}],"about":[{"href":"https:\/\/www.edituraunmb.ro\/index.php?rest_route=\/wp\/v2\/types\/product"}],"replies":[{"embeddable":true,"href":"https:\/\/www.edituraunmb.ro\/index.php?rest_route=%2Fwp%2Fv2%2Fcomments&post=2101"}],"wp:featuredmedia":[{"embeddable":true,"href":"https:\/\/www.edituraunmb.ro\/index.php?rest_route=\/wp\/v2\/media\/2105"}],"wp:attachment":[{"href":"https:\/\/www.edituraunmb.ro\/index.php?rest_route=%2Fwp%2Fv2%2Fmedia&parent=2101"}],"wp:term":[{"taxonomy":"product_brand","embeddable":true,"href":"https:\/\/www.edituraunmb.ro\/index.php?rest_route=%2Fwp%2Fv2%2Fproduct_brand&post=2101"},{"taxonomy":"product_cat","embeddable":true,"href":"https:\/\/www.edituraunmb.ro\/index.php?rest_route=%2Fwp%2Fv2%2Fproduct_cat&post=2101"},{"taxonomy":"product_tag","embeddable":true,"href":"https:\/\/www.edituraunmb.ro\/index.php?rest_route=%2Fwp%2Fv2%2Fproduct_tag&post=2101"}],"curies":[{"name":"wp","href":"https:\/\/api.w.org\/{rel}","templated":true}]}}