{"id":2107,"date":"2024-02-26T12:41:47","date_gmt":"2024-02-26T09:41:47","guid":{"rendered":"http:\/\/www.edituraunmb.ro\/?post_type=product&#038;p=2107"},"modified":"2025-02-26T13:03:13","modified_gmt":"2025-02-26T10:03:13","slug":"constantin-silvestri-repere-stilistice-in-creatia-pentru-pian","status":"publish","type":"product","link":"https:\/\/www.edituraunmb.ro\/?product=constantin-silvestri-repere-stilistice-in-creatia-pentru-pian","title":{"rendered":"Constantin Silvestri. Repere stilistice \u00een crea\u021bia pentru pian"},"content":{"rendered":"<p>Volumul lui Marius Boldea adopt\u0103 un traseu ideatic clar \u0219i pragmatic, propun\u00e2nd din partea unui practician dedicat portofoliului pianistic modern o imersiune \u00een muzica pentru pian a lui Constantin Silvestri. Opusuri emblematice sunt astfel abordate din diferite puncte de vedere \u2013 descriptiv-estetic, analitic-formal, tehnico-pianistic \u0219i interpretativ-hermeneutic \u2013 ce se completeaz\u0103 \u0219i converg \u00eentru ob\u021binerea unei cunoa\u0219teri detaliate a materialului muzical folosit de compozitorul rom\u00e2n. Mai cu seam\u0103, volumul de fa\u021b\u0103 se remarc\u0103 printr-o aprofundare a limbajului armonic utilizat de Constantin Silvestri, descoperind c\u0103i inedite prin care acesta a reu\u0219it constituirea unui stil personal conving\u0103tor \u0219i recognoscibil. Dezv\u0103luite cu inteligen\u021b\u0103 analitic\u0103 \u0219i filtrate prin experien\u021ba de interpret, opusurile pentru pian ale lui Silvestri beneficiaz\u0103 \u00een paginile de fa\u021b\u0103 de o privire teoretic\u0103 proasp\u0103t\u0103 \u0219i de o expunere practic\u0103 perspicace \u0219i elegant\u0103.<br \/>\n(Dan Dediu)<\/p>\n<h6>O exegez\u0103 a crea\u021biei pentru pian de altitudinea acestui volum este binevenit\u0103 \u0219i marcheaz\u0103 benefic peisajul muzicologic. Autorul s-a angajat \u00een acest demers cu curajul, dedicarea \u0219i acribia muzicianului \u2013 interpret capabil s\u0103 ofere versiuni pianistice viabile, care s\u0103 impun\u0103 prin rigoare \u0219i str\u0103lucire, prob\u00e2nd, totodat\u0103, capacitate de analiz\u0103 \u0219i sintez\u0103. Realizarea de fa\u021b\u0103 impune prin seriozitate \u0219i temeinicie, justific\u00e2nd publicarea, traducerea \u0219i difuzarea corespunz\u0103toare.<br \/>\n(Viniciu Moroianu)<\/h6>\n","protected":false},"excerpt":{"rendered":"<p>Volumul lui Marius Boldea adopt\u0103 un traseu ideatic clar \u0219i pragmatic, propun\u00e2nd din partea unui practician dedicat portofoliului pianistic modern o imersiune \u00een muzica pentru pian a lui Constantin Silvestri. Opusuri emblematice sunt astfel abordate din diferite puncte de vedere &hellip; <a href=\"https:\/\/www.edituraunmb.ro\/?product=constantin-silvestri-repere-stilistice-in-creatia-pentru-pian\" style=\"padding-left:10px;\">Mai multe detalii<\/a><\/p>\n","protected":false},"featured_media":2108,"comment_status":"closed","ping_status":"closed","template":"","meta":{"_acf_changed":false},"product_brand":[],"product_cat":[830],"product_tag":[93,603],"class_list":{"0":"post-2107","1":"product","2":"type-product","3":"status-publish","4":"has-post-thumbnail","6":"product_cat-830","7":"product_tag-pian","8":"product_tag-stilistica","9":"p_author-marius-boldea","10":"t_lucrare-carte","12":"first","13":"instock","14":"shipping-taxable","15":"product-type-simple"},"acf":[],"_links":{"self":[{"href":"https:\/\/www.edituraunmb.ro\/index.php?rest_route=\/wp\/v2\/product\/2107","targetHints":{"allow":["GET"]}}],"collection":[{"href":"https:\/\/www.edituraunmb.ro\/index.php?rest_route=\/wp\/v2\/product"}],"about":[{"href":"https:\/\/www.edituraunmb.ro\/index.php?rest_route=\/wp\/v2\/types\/product"}],"replies":[{"embeddable":true,"href":"https:\/\/www.edituraunmb.ro\/index.php?rest_route=%2Fwp%2Fv2%2Fcomments&post=2107"}],"wp:featuredmedia":[{"embeddable":true,"href":"https:\/\/www.edituraunmb.ro\/index.php?rest_route=\/wp\/v2\/media\/2108"}],"wp:attachment":[{"href":"https:\/\/www.edituraunmb.ro\/index.php?rest_route=%2Fwp%2Fv2%2Fmedia&parent=2107"}],"wp:term":[{"taxonomy":"product_brand","embeddable":true,"href":"https:\/\/www.edituraunmb.ro\/index.php?rest_route=%2Fwp%2Fv2%2Fproduct_brand&post=2107"},{"taxonomy":"product_cat","embeddable":true,"href":"https:\/\/www.edituraunmb.ro\/index.php?rest_route=%2Fwp%2Fv2%2Fproduct_cat&post=2107"},{"taxonomy":"product_tag","embeddable":true,"href":"https:\/\/www.edituraunmb.ro\/index.php?rest_route=%2Fwp%2Fv2%2Fproduct_tag&post=2107"}],"curies":[{"name":"wp","href":"https:\/\/api.w.org\/{rel}","templated":true}]}}