{"id":2201,"date":"2025-06-03T11:40:15","date_gmt":"2025-06-03T08:40:15","guid":{"rendered":"http:\/\/www.edituraunmb.ro\/?post_type=product&#038;p=2201"},"modified":"2025-09-25T15:20:00","modified_gmt":"2025-09-25T12:20:00","slug":"incursiuni-muzicale-in-transilvania-premoderna","status":"publish","type":"product","link":"https:\/\/www.edituraunmb.ro\/?product=incursiuni-muzicale-in-transilvania-premoderna","title":{"rendered":"Incursiuni muzicale \u00een Transilvania premodern\u0103"},"content":{"rendered":"<h6>Receptez acest volum drept primul dintr-o serie care trebuie neap\u0103rat s\u0103 ajung\u0103 la Transilvania modern\u0103 (de ce nu, chiar \u0219i postmodern\u0103). Este o sintez\u0103 excep\u021bional\u0103, aflat\u0103 la grani\u021ba fluid\u0103 \u00eentre studii culturale \u0219i muzicologie, scris\u0103 cu temeinicia \u0219i meticulozitatea cercet\u0103torului cobor\u00e2t de la Baia Mare la Bucure\u0219ti. Cititorul este provocat \u0219i \u00eenc\u00e2ntat de volutele stilului inconfundabil al lui Vlad V\u0103idean, de argumentele ra\u021bionale \u0219i de bun sim\u021b care construiesc discursul despre localism, cosmopolitism \u0219i un posibil specific (muzical) transilvan.<br \/>\n<strong>Valentina Sandu-Dediu<\/strong><\/h6>\n<p>&nbsp;<\/p>\n<h6>O carte despre muzicile unui \u021binut de la marginea Europei secolelor X-XVIII. O carte care pune muzica \u00een leg\u0103tur\u0103 cu istoria \u0219i cu societatea \u0219i care urm\u0103re\u0219te cum muzicile diverselor confesiuni se amestecau \u00eentre ele. O carte, \u00eens\u0103 nu una obi\u0219nuit\u0103: o carte scris\u0103 de Vlad V\u0103idean. Prima!<\/h6>\n<h6><strong>Costin Moisil<\/strong><\/h6>\n<p>&nbsp;<\/p>\n<h5><\/h5>\n<h5>Volumul lui Vlad V\u0103idean constituie o revigorant\u0103 \u0219i mult a\u0219teptat\u0103 cercetare muzicologic\u0103 asupra Transilvaniei \u0219i universului ei sonor medieval \u0219i post-medieval.<\/h5>\n<h5><strong>Nicolae Gheorghi\u021b\u0103<\/strong><\/h5>\n","protected":false},"excerpt":{"rendered":"<p>Receptez acest volum drept primul dintr-o serie care trebuie neap\u0103rat s\u0103 ajung\u0103 la Transilvania modern\u0103 (de ce nu, chiar \u0219i postmodern\u0103). Este o sintez\u0103 excep\u021bional\u0103, aflat\u0103 la grani\u021ba fluid\u0103 \u00eentre studii culturale \u0219i muzicologie, scris\u0103 cu temeinicia \u0219i meticulozitatea cercet\u0103torului &hellip; <a href=\"https:\/\/www.edituraunmb.ro\/?product=incursiuni-muzicale-in-transilvania-premoderna\" style=\"padding-left:10px;\">Mai multe detalii<\/a><\/p>\n","protected":false},"featured_media":2203,"comment_status":"closed","ping_status":"closed","template":"","meta":{"_acf_changed":false},"product_brand":[],"product_cat":[1004],"product_tag":[1023,1025,1024],"class_list":{"0":"post-2201","1":"product","2":"type-product","3":"status-publish","4":"has-post-thumbnail","6":"product_cat-1004","7":"product_tag-istorie","8":"product_tag-perioada-medievala","9":"product_tag-transilvania","10":"p_author-vlad-vaidean","11":"t_lucrare-carte","13":"first","14":"instock","15":"featured","16":"shipping-taxable","17":"product-type-simple"},"acf":[],"_links":{"self":[{"href":"https:\/\/www.edituraunmb.ro\/index.php?rest_route=\/wp\/v2\/product\/2201","targetHints":{"allow":["GET"]}}],"collection":[{"href":"https:\/\/www.edituraunmb.ro\/index.php?rest_route=\/wp\/v2\/product"}],"about":[{"href":"https:\/\/www.edituraunmb.ro\/index.php?rest_route=\/wp\/v2\/types\/product"}],"replies":[{"embeddable":true,"href":"https:\/\/www.edituraunmb.ro\/index.php?rest_route=%2Fwp%2Fv2%2Fcomments&post=2201"}],"wp:featuredmedia":[{"embeddable":true,"href":"https:\/\/www.edituraunmb.ro\/index.php?rest_route=\/wp\/v2\/media\/2203"}],"wp:attachment":[{"href":"https:\/\/www.edituraunmb.ro\/index.php?rest_route=%2Fwp%2Fv2%2Fmedia&parent=2201"}],"wp:term":[{"taxonomy":"product_brand","embeddable":true,"href":"https:\/\/www.edituraunmb.ro\/index.php?rest_route=%2Fwp%2Fv2%2Fproduct_brand&post=2201"},{"taxonomy":"product_cat","embeddable":true,"href":"https:\/\/www.edituraunmb.ro\/index.php?rest_route=%2Fwp%2Fv2%2Fproduct_cat&post=2201"},{"taxonomy":"product_tag","embeddable":true,"href":"https:\/\/www.edituraunmb.ro\/index.php?rest_route=%2Fwp%2Fv2%2Fproduct_tag&post=2201"}],"curies":[{"name":"wp","href":"https:\/\/api.w.org\/{rel}","templated":true}]}}