{"id":2207,"date":"2025-06-03T12:11:21","date_gmt":"2025-06-03T09:11:21","guid":{"rendered":"http:\/\/www.edituraunmb.ro\/?post_type=product&#038;p=2207"},"modified":"2025-06-03T12:11:21","modified_gmt":"2025-06-03T09:11:21","slug":"doua-viziuni-diferite-asupra-repertoriului-de-orga-in-romania-organistul-helmut-plattner-si-compozitorul-wilhelm-georg-berger","status":"publish","type":"product","link":"https:\/\/www.edituraunmb.ro\/?product=doua-viziuni-diferite-asupra-repertoriului-de-orga-in-romania-organistul-helmut-plattner-si-compozitorul-wilhelm-georg-berger","title":{"rendered":"Dou\u0103 viziuni diferite asupra repertoriului de org\u0103 \u00een Rom\u00e2nia: organistul Helmut Plattner \u0219i compozitorul Wilhelm Georg Berger"},"content":{"rendered":"<h6>\u00cen acest volum (dedicat unui \u201edublet\u201d de muzicieni) se poate observa seriozitatea cercet\u0103rii, stilul riguros de exprimare \u0219i de redactare, modul temeinic \u0219i responsabil de a lucra cu arhivele \u0219i informa\u021biile delicate con\u021binute \u00een ele. De altminteri, profilul autoarei \u00een contextul tinerei genera\u021bii de muzicologi rom\u00e2ni este deja bine definit: pasionat\u0103 de lucrul meticulos al redactorului de carte, implicat\u0103 \u00een numeroase proiecte de cercetare na\u021bionale \u0219i interna\u021bionale, precum \u0219i \u00een ob\u021binerea unor specializ\u0103ri antreprenoriale.<\/h6>\n<h6><strong>Valentina Sandu-Dediu<\/strong><\/h6>\n","protected":false},"excerpt":{"rendered":"<p>\u00cen acest volum (dedicat unui \u201edublet\u201d de muzicieni) se poate observa seriozitatea cercet\u0103rii, stilul riguros de exprimare \u0219i de redactare, modul temeinic \u0219i responsabil de a lucra cu arhivele \u0219i informa\u021biile delicate con\u021binute \u00een ele. De altminteri, profilul autoarei \u00een &hellip; <a href=\"https:\/\/www.edituraunmb.ro\/?product=doua-viziuni-diferite-asupra-repertoriului-de-orga-in-romania-organistul-helmut-plattner-si-compozitorul-wilhelm-georg-berger\" style=\"padding-left:10px;\">Mai multe detalii<\/a><\/p>\n","protected":false},"featured_media":2209,"comment_status":"closed","ping_status":"closed","template":"","meta":{"_acf_changed":false},"product_brand":[],"product_cat":[1004],"product_tag":[707,877,176],"class_list":{"0":"post-2207","1":"product","2":"type-product","3":"status-publish","4":"has-post-thumbnail","6":"product_cat-1004","7":"product_tag-analiza-muzicala","8":"product_tag-compozitie","9":"product_tag-orga","10":"p_author-benedicta-pavel","11":"t_lucrare-carte","13":"first","14":"instock","15":"shipping-taxable","16":"product-type-simple"},"acf":[],"_links":{"self":[{"href":"https:\/\/www.edituraunmb.ro\/index.php?rest_route=\/wp\/v2\/product\/2207","targetHints":{"allow":["GET"]}}],"collection":[{"href":"https:\/\/www.edituraunmb.ro\/index.php?rest_route=\/wp\/v2\/product"}],"about":[{"href":"https:\/\/www.edituraunmb.ro\/index.php?rest_route=\/wp\/v2\/types\/product"}],"replies":[{"embeddable":true,"href":"https:\/\/www.edituraunmb.ro\/index.php?rest_route=%2Fwp%2Fv2%2Fcomments&post=2207"}],"wp:featuredmedia":[{"embeddable":true,"href":"https:\/\/www.edituraunmb.ro\/index.php?rest_route=\/wp\/v2\/media\/2209"}],"wp:attachment":[{"href":"https:\/\/www.edituraunmb.ro\/index.php?rest_route=%2Fwp%2Fv2%2Fmedia&parent=2207"}],"wp:term":[{"taxonomy":"product_brand","embeddable":true,"href":"https:\/\/www.edituraunmb.ro\/index.php?rest_route=%2Fwp%2Fv2%2Fproduct_brand&post=2207"},{"taxonomy":"product_cat","embeddable":true,"href":"https:\/\/www.edituraunmb.ro\/index.php?rest_route=%2Fwp%2Fv2%2Fproduct_cat&post=2207"},{"taxonomy":"product_tag","embeddable":true,"href":"https:\/\/www.edituraunmb.ro\/index.php?rest_route=%2Fwp%2Fv2%2Fproduct_tag&post=2207"}],"curies":[{"name":"wp","href":"https:\/\/api.w.org\/{rel}","templated":true}]}}