{"id":2210,"date":"2024-02-03T12:26:49","date_gmt":"2024-02-03T09:26:49","guid":{"rendered":"http:\/\/www.edituraunmb.ro\/?post_type=product&#038;p=2210"},"modified":"2025-06-03T15:57:34","modified_gmt":"2025-06-03T12:57:34","slug":"muzica-simfonica-romaneasca-intre-1950-2020","status":"publish","type":"product","link":"https:\/\/www.edituraunmb.ro\/?product=muzica-simfonica-romaneasca-intre-1950-2020","title":{"rendered":"Muzica simfonic\u0103 rom\u00e2neasc\u0103 \u00eentre 1950-2020"},"content":{"rendered":"<h6>\u00cen 2023, proiectul <em>Arhiva rom\u00e2n\u0103 a muzicii simfonice<\/em> (<em>Romanian Archive of Symphonic Music<\/em>) al Universit\u0103\u021bii Na\u021bionale de Muzic\u0103 din Bucure\u0219ti \u2014 sus\u021binut de CNFIS prin Fondul de Dezvoltare Institu\u021bional\u0103 \u2014 a deschis un important tronson \u00een direc\u021bia recuper\u0103rii, cunoa\u0219terii \u0219i aprofund\u0103rii muzicii rom\u00e2ne\u0219ti de dup\u0103 1950. Abordarea domeniului simfonic a fost o continuare fireasc\u0103 \u0219i absolut necesar\u0103 a demersului ini\u021biat \u00een 2021 prin proiectul <em>Romanian Archive of the Musical Avantgarde<\/em>, urmat de o prim\u0103 cartografiere, \u00een 2022, a unui gen muzical de anvergur\u0103 \u00een crea\u021bia autohton\u0103, cel concertant, \u00een proiectul <em>Romanian Archive of Concertos<\/em>.<\/h6>\n<h6>Conceput \u0219i publicat sub egida actualului proiect, volumul &#8211; al treilea din aceast\u0103 serie \u2014 reune\u0219te nou\u0103 cercet\u0103ri, \u00eentreprinse din unghiuri \u0219i perspective diferite: de la investigarea unor genuri simfonice la analiza c\u00e2torva partituri de referin\u021b\u0103. Printre autori se reg\u0103sesc deopotriv\u0103 nume prestigioase ale compozi\u021biei \u0219i muzicologiei din Rom\u00e2nia \u0219i tineri cercet\u0103tori cu rezultate remarcabile.<\/h6>\n<h6><strong>Florinela Popa<\/strong><\/h6>\n<p>&nbsp;<\/p>\n","protected":false},"excerpt":{"rendered":"<p>Edi\u021bie \u00eengrijit\u0103 de Florinela Popa <a href=\"https:\/\/www.edituraunmb.ro\/?product=muzica-simfonica-romaneasca-intre-1950-2020\" style=\"padding-left:10px;\">Mai multe detalii<\/a><\/p>\n","protected":false},"featured_media":2212,"comment_status":"closed","ping_status":"closed","template":"","meta":{"_acf_changed":false},"product_brand":[],"product_cat":[830],"product_tag":[707,835,760,712,779],"class_list":{"0":"post-2210","1":"product","2":"type-product","3":"status-publish","4":"has-post-thumbnail","6":"product_cat-830","7":"product_tag-analiza-muzicala","8":"product_tag-muzica-contemporana","9":"product_tag-muzica-moderna","10":"product_tag-muzicologie","11":"product_tag-simfonie","12":"p_author-catalin-cretu","13":"p_author-dan-dediu","14":"p_author-diana-rotaru","15":"p_author-gabriela-bejan","16":"p_author-george-ioan-pais","17":"p_author-irinel-anghel","18":"p_author-olguta-lupu","19":"p_author-valentina-sandu-dediu","20":"p_author-vlad-ghinea","21":"t_lucrare-carte","23":"first","24":"instock","25":"featured","26":"shipping-taxable","27":"product-type-simple"},"acf":[],"_links":{"self":[{"href":"https:\/\/www.edituraunmb.ro\/index.php?rest_route=\/wp\/v2\/product\/2210","targetHints":{"allow":["GET"]}}],"collection":[{"href":"https:\/\/www.edituraunmb.ro\/index.php?rest_route=\/wp\/v2\/product"}],"about":[{"href":"https:\/\/www.edituraunmb.ro\/index.php?rest_route=\/wp\/v2\/types\/product"}],"replies":[{"embeddable":true,"href":"https:\/\/www.edituraunmb.ro\/index.php?rest_route=%2Fwp%2Fv2%2Fcomments&post=2210"}],"wp:featuredmedia":[{"embeddable":true,"href":"https:\/\/www.edituraunmb.ro\/index.php?rest_route=\/wp\/v2\/media\/2212"}],"wp:attachment":[{"href":"https:\/\/www.edituraunmb.ro\/index.php?rest_route=%2Fwp%2Fv2%2Fmedia&parent=2210"}],"wp:term":[{"taxonomy":"product_brand","embeddable":true,"href":"https:\/\/www.edituraunmb.ro\/index.php?rest_route=%2Fwp%2Fv2%2Fproduct_brand&post=2210"},{"taxonomy":"product_cat","embeddable":true,"href":"https:\/\/www.edituraunmb.ro\/index.php?rest_route=%2Fwp%2Fv2%2Fproduct_cat&post=2210"},{"taxonomy":"product_tag","embeddable":true,"href":"https:\/\/www.edituraunmb.ro\/index.php?rest_route=%2Fwp%2Fv2%2Fproduct_tag&post=2210"}],"curies":[{"name":"wp","href":"https:\/\/api.w.org\/{rel}","templated":true}]}}