{"id":2213,"date":"2024-03-03T12:35:07","date_gmt":"2024-03-03T09:35:07","guid":{"rendered":"http:\/\/www.edituraunmb.ro\/?post_type=product&#038;p=2213"},"modified":"2025-06-03T12:50:47","modified_gmt":"2025-06-03T09:50:47","slug":"memorial-pentru-orchestra-1990","status":"publish","type":"product","link":"https:\/\/www.edituraunmb.ro\/?product=memorial-pentru-orchestra-1990","title":{"rendered":"Memorial pentru orchestr\u0103 (1990)"},"content":{"rendered":"<h5>Piesa <em>Memorial<\/em> (1990) folose\u0219te o orchestr\u0103 \u201enormal\u0103\u201c; \u00een\u021beleg prin aceasta o forma\u021bie nu prea mare de felul celei folosite de clasicii vienezi; ce-i drept, \u00een loc de al doilea flaut avem un flaut piccolo \u0219i \u00een loc de al doilea oboi \u2014 un corn englez. Singurul instrumentist la percu\u021bie folose\u015fte \u00een loc de timpani tam-tamul, toba mare \u015fi maracasul. Muzica, desigur, nu sun\u0103 mozartian \u015fi asta nu at\u00e2t datorit\u0103 orchestra\u021biei c\u00e2t discursului muzical propriu-zis, datorit\u0103 structurilor melodice \u015fi armonice. Piesa are o anumit\u0103 duritate a expresiei care vine, cred, din contrastarea st\u0103rilor afective; ele alterneaz\u0103 reculegerea cu izbucnirile bru\u0219te, nostalgia cu senza\u021bia de teroare; un fel de transfocare \u00een timp, de la aburul evenimentelor \u00eendep\u0103rtate \u00een trecut la o actualizare brutal\u0103, \u00een fine, o amalgamare de st\u0103ri pe care muzica le poate lega cu logica ei oniric\u0103.<\/h5>\n<h5><strong>Anatol Vieru<\/strong><\/h5>\n<p>&nbsp;<\/p>\n<h6>Dedicat\u0103 victimelor Holocaustului, <em>Memorial<\/em> pentru orchestr\u0103 propune o muzic\u0103 deopotriv\u0103 dramatic\u0103 \u015fi evocatoare, ad\u00e2nc\u0103 \u015fi sensibil\u0103. Cele patru sec\u021biuni ale lucr\u0103rii se articuleaz\u0103 \u00eentr-un discurs f\u0103r\u0103 \u00eentrerupere, dar pauze generale diverse puncteaz\u0103 anumite opriri expresive, suspend\u0103ri temporale simbolice ale fluxului sonor.<\/h6>\n<h6><strong>Dan Dediu<\/strong><\/h6>\n","protected":false},"excerpt":{"rendered":"<p>Edi\u021bie \u00eengrijit\u0103 de Dan Dediu <a href=\"https:\/\/www.edituraunmb.ro\/?product=memorial-pentru-orchestra-1990\" style=\"padding-left:10px;\">Mai multe detalii<\/a><\/p>\n","protected":false},"featured_media":2214,"comment_status":"closed","ping_status":"closed","template":"","meta":{"_acf_changed":false},"product_brand":[],"product_cat":[830],"product_tag":[952,579],"class_list":{"0":"post-2213","1":"product","2":"type-product","3":"status-publish","4":"has-post-thumbnail","6":"product_cat-830","7":"product_tag-orchestra","8":"product_tag-partitura","9":"p_author-anatol-vieru","10":"t_lucrare-partitura","12":"first","13":"instock","14":"shipping-taxable","15":"product-type-simple"},"acf":[],"_links":{"self":[{"href":"https:\/\/www.edituraunmb.ro\/index.php?rest_route=\/wp\/v2\/product\/2213","targetHints":{"allow":["GET"]}}],"collection":[{"href":"https:\/\/www.edituraunmb.ro\/index.php?rest_route=\/wp\/v2\/product"}],"about":[{"href":"https:\/\/www.edituraunmb.ro\/index.php?rest_route=\/wp\/v2\/types\/product"}],"replies":[{"embeddable":true,"href":"https:\/\/www.edituraunmb.ro\/index.php?rest_route=%2Fwp%2Fv2%2Fcomments&post=2213"}],"wp:featuredmedia":[{"embeddable":true,"href":"https:\/\/www.edituraunmb.ro\/index.php?rest_route=\/wp\/v2\/media\/2214"}],"wp:attachment":[{"href":"https:\/\/www.edituraunmb.ro\/index.php?rest_route=%2Fwp%2Fv2%2Fmedia&parent=2213"}],"wp:term":[{"taxonomy":"product_brand","embeddable":true,"href":"https:\/\/www.edituraunmb.ro\/index.php?rest_route=%2Fwp%2Fv2%2Fproduct_brand&post=2213"},{"taxonomy":"product_cat","embeddable":true,"href":"https:\/\/www.edituraunmb.ro\/index.php?rest_route=%2Fwp%2Fv2%2Fproduct_cat&post=2213"},{"taxonomy":"product_tag","embeddable":true,"href":"https:\/\/www.edituraunmb.ro\/index.php?rest_route=%2Fwp%2Fv2%2Fproduct_tag&post=2213"}],"curies":[{"name":"wp","href":"https:\/\/api.w.org\/{rel}","templated":true}]}}