{"id":2216,"date":"2024-03-03T12:51:42","date_gmt":"2024-03-03T09:51:42","guid":{"rendered":"http:\/\/www.edituraunmb.ro\/?post_type=product&#038;p=2216"},"modified":"2025-06-09T10:09:41","modified_gmt":"2025-06-09T07:09:41","slug":"simfonia-a-iv-a-deisis","status":"publish","type":"product","link":"https:\/\/www.edituraunmb.ro\/?product=simfonia-a-iv-a-deisis","title":{"rendered":"Simfonia a IV-a. Deisis (1994-1995)"},"content":{"rendered":"<h6>Simfonia a IV-a \u201eDeisis\u201d a fost scris\u0103 \u00een 1994 \u0219i debutul lui 1995. Partitura poate fi interpretat\u0103, la alegere, de c\u0103tre dou\u0103 forma\u021biuni instrumentale ce difer\u0103 \u00eentre ele doar ca volum sonor: varianta 1) pentru 21 de soli\u0219ti (3 flau\u021bi, oboi, 3 clarine\u021bi, fagot, corn, trompet\u0103, trombon, tub\u0103, celest\u0103, 3 percu\u021bioni\u0219ti, vioara I, vioara II, viol\u0103, violoncel, contrabas) \u0219i varianta 2) pentru orchestr\u0103 (\u00een care doar corzile din prima variant\u0103 se multiplic\u0103 p\u00e2n\u0103 la 8 sau 10 viori I, 8 sau 10 viori II, 6 sau 8 viole, 6 sau 8 violoncele, 4 sau 6 contraba\u0219i, restul instrumentelor r\u0103m\u00e2n\u00e2nd neschimbat). Varianta pentru 21 de soli\u0219ti a fost scris\u0103 la solicitarea ansamblului KlangForum din Viena, pentru festivalul din aprilie 1995, dedicat s\u0103rb\u0103toririi a 10 ani de la \u00eenfiin\u021barea acestei forma\u021biuni specializate \u00een crea\u021bia muzical\u0103 contemporan\u0103. Comand\u0103 a casei de concerte din Viena, lucrarea a fost interpretat\u0103 la 2 aprilie de KlangForum sub conducerea lui Friedrich Cerha. \u201eDeisis\u201d (cuv\u00e2nt care \u00eenseamn\u0103 rug\u0103ciune) este asemenea lucr\u0103rilor mele din ultimii ani, o invoca\u021bie, o suplica\u021bie sau, \u00een cele din urm\u0103, o speran\u021b\u0103, r\u0103s\u0103rit\u0103 paradoxal din abisul dezn\u0103dejdii. \u201eDeisis\u201d este dedicat\u0103 so\u021biei mele.<\/h6>\n<h6><strong>\u0218tefan Niculescu<\/strong><\/h6>\n","protected":false},"excerpt":{"rendered":"<p>Edi\u021bie \u00eengrijit\u0103 de Dan Dediu <a href=\"https:\/\/www.edituraunmb.ro\/?product=simfonia-a-iv-a-deisis\" style=\"padding-left:10px;\">Mai multe detalii<\/a><\/p>\n","protected":false},"featured_media":2217,"comment_status":"closed","ping_status":"closed","template":"","meta":{"_acf_changed":false},"product_brand":[],"product_cat":[830],"product_tag":[952,579],"class_list":{"0":"post-2216","1":"product","2":"type-product","3":"status-publish","4":"has-post-thumbnail","6":"product_cat-830","7":"product_tag-orchestra","8":"product_tag-partitura","9":"p_author-stefan-niculescu","10":"t_lucrare-partitura","12":"first","13":"instock","14":"shipping-taxable","15":"product-type-simple"},"acf":[],"_links":{"self":[{"href":"https:\/\/www.edituraunmb.ro\/index.php?rest_route=\/wp\/v2\/product\/2216","targetHints":{"allow":["GET"]}}],"collection":[{"href":"https:\/\/www.edituraunmb.ro\/index.php?rest_route=\/wp\/v2\/product"}],"about":[{"href":"https:\/\/www.edituraunmb.ro\/index.php?rest_route=\/wp\/v2\/types\/product"}],"replies":[{"embeddable":true,"href":"https:\/\/www.edituraunmb.ro\/index.php?rest_route=%2Fwp%2Fv2%2Fcomments&post=2216"}],"wp:featuredmedia":[{"embeddable":true,"href":"https:\/\/www.edituraunmb.ro\/index.php?rest_route=\/wp\/v2\/media\/2217"}],"wp:attachment":[{"href":"https:\/\/www.edituraunmb.ro\/index.php?rest_route=%2Fwp%2Fv2%2Fmedia&parent=2216"}],"wp:term":[{"taxonomy":"product_brand","embeddable":true,"href":"https:\/\/www.edituraunmb.ro\/index.php?rest_route=%2Fwp%2Fv2%2Fproduct_brand&post=2216"},{"taxonomy":"product_cat","embeddable":true,"href":"https:\/\/www.edituraunmb.ro\/index.php?rest_route=%2Fwp%2Fv2%2Fproduct_cat&post=2216"},{"taxonomy":"product_tag","embeddable":true,"href":"https:\/\/www.edituraunmb.ro\/index.php?rest_route=%2Fwp%2Fv2%2Fproduct_tag&post=2216"}],"curies":[{"name":"wp","href":"https:\/\/api.w.org\/{rel}","templated":true}]}}