{"id":2236,"date":"2025-06-16T10:03:26","date_gmt":"2025-06-16T07:03:26","guid":{"rendered":"http:\/\/www.edituraunmb.ro\/?post_type=product&#038;p=2236"},"modified":"2026-03-05T18:01:50","modified_gmt":"2026-03-05T15:01:50","slug":"simfonismul-cinematografic-aspecte-stilistice-culturale-si-fenomenologice","status":"publish","type":"product","link":"https:\/\/www.edituraunmb.ro\/?product=simfonismul-cinematografic-aspecte-stilistice-culturale-si-fenomenologice","title":{"rendered":"Simfonismul cinematografic. Aspecte stilistice, culturale \u0219i fenomenologice"},"content":{"rendered":"<p>Suntem \u00een fa\u021ba unui volum memorabil \u0219i impresionant. Autorul, Ionu\u021b Pascu, este un hermeneut atent al fenomenului cinematografic, dar \u00een acela\u0219i timp e \u0219i un muzician angajat \u00een miezul interpret\u0103rii muzicale, at\u00e2t vocale (prin cariera sa interna\u021bional\u0103 de bariton, care i-a \u0219i permis accesul la surse de documentare altminteri imposibil de consultat), c\u00e2t \u0219i dirijorale (prin studiile universitare realizate \u0219i concertele sus\u021binute).<\/p>\n<h6>Sagacitatea autorului \u00een abordarea temei <em>simfonismului cinematografic<\/em>, pasiunea acestuia pentru muzica de film, precum \u0219i capacitatea sa de analiz\u0103 \u0219i sintez\u0103 depun m\u0103rturie pentru seriozitatea trat\u0103rii subiectului ales. Aceste \u00eensu\u0219iri se remarc\u0103 pe tot parcursul volumului, fiind completate de o rigoare muzicologic\u0103 \u0219i de o onestitate intelectual\u0103 demne de admira\u021bie.<\/h6>\n<h6><strong>Dan Dediu<\/strong><\/h6>\n","protected":false},"excerpt":{"rendered":"<p>Suntem \u00een fa\u021ba unui volum memorabil \u0219i impresionant. Autorul, Ionu\u021b Pascu, este un hermeneut atent al fenomenului cinematografic, dar \u00een acela\u0219i timp e \u0219i un muzician angajat \u00een miezul interpret\u0103rii muzicale, at\u00e2t vocale (prin cariera sa interna\u021bional\u0103 de bariton, care &hellip; <a href=\"https:\/\/www.edituraunmb.ro\/?product=simfonismul-cinematografic-aspecte-stilistice-culturale-si-fenomenologice\" style=\"padding-left:10px;\">Mai multe detalii<\/a><\/p>\n","protected":false},"featured_media":2238,"comment_status":"closed","ping_status":"closed","template":"","meta":{"_acf_changed":false},"product_brand":[],"product_cat":[1004],"product_tag":[1036,1037,1035,603],"class_list":{"0":"post-2236","1":"product","2":"type-product","3":"status-publish","4":"has-post-thumbnail","6":"product_cat-1004","7":"product_tag-cinematografie","8":"product_tag-fenomenologie","9":"product_tag-simfonism","10":"product_tag-stilistica","11":"p_author-ionut-pascu","12":"t_lucrare-carte","14":"first","15":"instock","16":"shipping-taxable","17":"product-type-simple"},"acf":[],"_links":{"self":[{"href":"https:\/\/www.edituraunmb.ro\/index.php?rest_route=\/wp\/v2\/product\/2236","targetHints":{"allow":["GET"]}}],"collection":[{"href":"https:\/\/www.edituraunmb.ro\/index.php?rest_route=\/wp\/v2\/product"}],"about":[{"href":"https:\/\/www.edituraunmb.ro\/index.php?rest_route=\/wp\/v2\/types\/product"}],"replies":[{"embeddable":true,"href":"https:\/\/www.edituraunmb.ro\/index.php?rest_route=%2Fwp%2Fv2%2Fcomments&post=2236"}],"wp:featuredmedia":[{"embeddable":true,"href":"https:\/\/www.edituraunmb.ro\/index.php?rest_route=\/wp\/v2\/media\/2238"}],"wp:attachment":[{"href":"https:\/\/www.edituraunmb.ro\/index.php?rest_route=%2Fwp%2Fv2%2Fmedia&parent=2236"}],"wp:term":[{"taxonomy":"product_brand","embeddable":true,"href":"https:\/\/www.edituraunmb.ro\/index.php?rest_route=%2Fwp%2Fv2%2Fproduct_brand&post=2236"},{"taxonomy":"product_cat","embeddable":true,"href":"https:\/\/www.edituraunmb.ro\/index.php?rest_route=%2Fwp%2Fv2%2Fproduct_cat&post=2236"},{"taxonomy":"product_tag","embeddable":true,"href":"https:\/\/www.edituraunmb.ro\/index.php?rest_route=%2Fwp%2Fv2%2Fproduct_tag&post=2236"}],"curies":[{"name":"wp","href":"https:\/\/api.w.org\/{rel}","templated":true}]}}