{"id":2251,"date":"2025-09-23T11:40:54","date_gmt":"2025-09-23T08:40:54","guid":{"rendered":"http:\/\/www.edituraunmb.ro\/?post_type=product&#038;p=2251"},"modified":"2025-09-23T11:42:36","modified_gmt":"2025-09-23T08:42:36","slug":"in-memoriam-valentin-gheorghiu","status":"publish","type":"product","link":"https:\/\/www.edituraunmb.ro\/?product=in-memoriam-valentin-gheorghiu","title":{"rendered":"In memoriam Valentin Gheorghiu"},"content":{"rendered":"<h6 class=\"p1\">A\u0219a cum e conceput, volumul de fa\u021b\u0103 \u00ee\u0219i \u00eempline\u0219te misiunea de a deveni o oglind\u0103 a vie\u021bii muzicale rom\u00e2ne\u0219ti, traversate de firul ro\u0219u Valentin Gheorghiu; mai mult, reflect\u0103 repere ale pedagogiei, \u00een frunte cu Constan\u021ba Erbiceanu, sau ale scrierilor muzicale care au sesizat cu acurate\u021be \u2013 cel pu\u021bin astfel se reflect\u0103 din articolele incluse aici \u2013 esen\u021ba pianisticii \u0219i personalit\u0103\u021bii interpretului.<\/h6>\n<h6 class=\"p1\">Vorbind despre Valentin Gheorghiu, epitetele superlative abund\u0103 la tot pasul. Nici eu nu pot proceda altfel, m\u0103rturisind \u00een final admira\u021bia pe care i-am purtat-o \u0219i de departe, dinspre public, \u0219i din apropiere, atunci c\u00e2nd ne-am \u00eemprietenit. V\u0103 invit, dragi cititori, s\u0103 ave\u021bi aceea\u0219i experien\u021b\u0103 cu a mea: odat\u0103 deschis\u0103, cartea de fa\u021b\u0103 te prinde, te pasioneaz\u0103, te amuz\u0103 \u0219i permanent te mi\u0219c\u0103.<\/h6>\n<h6><strong>Valentina Sandu-Dediu<\/strong><\/h6>\n<p>&nbsp;<\/p>\n<h6 class=\"p1\"><span class=\"s1\">D<\/span>espre arta pianistic\u0103 a lui Valentin Gheorghiu s-a scris f\u0103r\u0103 a se face economie de superlative. Fapt deloc neobi\u0219nuit pentru genera\u021biile de spectatori care au asociat \u00eentotdeauna apari\u021biile \u00een concerte \u0219i recitaluri ale marelui nostru pianist cu excelen\u021ba \u00een art\u0103. Rafinamentul inexprimabil al unor interpret\u0103ri proprii marilor figuri ale scenei muzicale s-a suprapus, la Valentin Gheorghiu, cu profunzimea \u0219i sinceritatea comunic\u0103rii, iar statura lui \u2013 cea artistic\u0103, deopotriv\u0103 cu cea moral\u0103 \u2013 a dominat stagiunile rom\u00e2ne\u0219ti timp de aproape \u0219apte decenii, travers\u00e2nd epocile cu aceea\u0219i verticalitate, r\u0103sp\u00e2ndind dragoste pentru muzic\u0103 \u0219i public. A r\u0103mas \u00een Rom\u00e2nia nu pentru c\u0103 nu ar fi avut oferte pentru a se stabili \u00een Europa Occidental\u0103 sau \u00een Statele Unite ale Americii. Nu pentru c\u0103 valoarea lui nu s-ar fi situat la cote comparabile cu cele ale marilor arti\u0219ti ai pianului de prin alte p\u0103r\u021bi ale planetei. Ci pentru c\u0103 a dorit s\u0103 r\u0103m\u00e2n\u0103 dedicat publicului rom\u00e2nesc, c\u0103ruia i-a ar\u0103tat aceea\u0219i grij\u0103 \u0219i c\u0103ldur\u0103 ca \u0219i iubitei sale familii.<\/h6>\n<h6><strong>Monica Lup<\/strong><\/h6>\n","protected":false},"excerpt":{"rendered":"<div>\n<p class=\"noindent\">Cu o prefa\u021b\u0103 de Valentina Sandu-Dediu<br \/>\nVolum \u00eengrijit de Monica Lup \u0219i \u0218tefan Costache<\/p>\n<\/div>\n<p> <a href=\"https:\/\/www.edituraunmb.ro\/?product=in-memoriam-valentin-gheorghiu\" style=\"padding-left:10px;\">Mai multe detalii<\/a><\/p>\n","protected":false},"featured_media":2253,"comment_status":"closed","ping_status":"closed","template":"","meta":{"_acf_changed":false},"product_brand":[],"product_cat":[1004],"product_tag":[863,923,924,93],"class_list":{"0":"post-2251","1":"product","2":"type-product","3":"status-publish","4":"has-post-thumbnail","6":"product_cat-1004","7":"product_tag-interpretare","8":"product_tag-interviu","9":"product_tag-memorii","10":"product_tag-pian","11":"p_author-alfred-hoffman","12":"p_author-ana-diaconu","13":"p_author-anca-ioana-andriescu","14":"p_author-andreea-kiseleff-ignat","15":"p_author-ariadna-ene-iliescu","16":"p_author-carmen-manea","17":"p_author-cristina-garbea","18":"p_author-dan-dediu","19":"p_author-florin-dellatola","20":"p_author-george-andrei-butca","21":"p_author-grigore-constantinescu","22":"p_author-ioana-marghita","23":"p_author-larisa-clempus","24":"p_author-liliana-staicu","25":"p_author-maria-monica-bojin","26":"p_author-marina-nedelcu","27":"p_author-mihai-cojocaru","28":"p_author-monica-lup","29":"p_author-petre-fugaciu","30":"p_author-roxana-gheorghiu","31":"p_author-stefan-costache","32":"p_author-valentin-gheorghiu","33":"p_author-valentina-sandu-dediu","34":"p_author-viniciu-moroianu","35":"t_lucrare-carte","37":"first","38":"instock","39":"shipping-taxable","40":"product-type-simple"},"acf":[],"_links":{"self":[{"href":"https:\/\/www.edituraunmb.ro\/index.php?rest_route=\/wp\/v2\/product\/2251","targetHints":{"allow":["GET"]}}],"collection":[{"href":"https:\/\/www.edituraunmb.ro\/index.php?rest_route=\/wp\/v2\/product"}],"about":[{"href":"https:\/\/www.edituraunmb.ro\/index.php?rest_route=\/wp\/v2\/types\/product"}],"replies":[{"embeddable":true,"href":"https:\/\/www.edituraunmb.ro\/index.php?rest_route=%2Fwp%2Fv2%2Fcomments&post=2251"}],"wp:featuredmedia":[{"embeddable":true,"href":"https:\/\/www.edituraunmb.ro\/index.php?rest_route=\/wp\/v2\/media\/2253"}],"wp:attachment":[{"href":"https:\/\/www.edituraunmb.ro\/index.php?rest_route=%2Fwp%2Fv2%2Fmedia&parent=2251"}],"wp:term":[{"taxonomy":"product_brand","embeddable":true,"href":"https:\/\/www.edituraunmb.ro\/index.php?rest_route=%2Fwp%2Fv2%2Fproduct_brand&post=2251"},{"taxonomy":"product_cat","embeddable":true,"href":"https:\/\/www.edituraunmb.ro\/index.php?rest_route=%2Fwp%2Fv2%2Fproduct_cat&post=2251"},{"taxonomy":"product_tag","embeddable":true,"href":"https:\/\/www.edituraunmb.ro\/index.php?rest_route=%2Fwp%2Fv2%2Fproduct_tag&post=2251"}],"curies":[{"name":"wp","href":"https:\/\/api.w.org\/{rel}","templated":true}]}}