{"id":2288,"date":"2025-01-24T14:18:55","date_gmt":"2025-01-24T11:18:55","guid":{"rendered":"http:\/\/www.edituraunmb.ro\/?post_type=product&#038;p=2288"},"modified":"2025-09-25T15:20:18","modified_gmt":"2025-09-25T12:20:18","slug":"musicology-today-volume-15-jan-dec-2024","status":"publish","type":"product","link":"https:\/\/www.edituraunmb.ro\/?product=musicology-today-volume-15-jan-dec-2024","title":{"rendered":"Musicology Today, Volume 15 (Jan-Dec 2024)"},"content":{"rendered":"<p class=\"noindent\">Volume 15. Issues 57-60, January-December 2024. Coord. Florinela Popa and Vlad V\u0103idean<\/p>\n<p class=\"noindent\">Studies by: Daniel Dasc\u0103lu, Alina Bottez, Joseph Cadagin, Vlad V\u0103idean, Oana Kariotoglou-Popescu, S\u00e1ra Aksza Grosz, Irina Ni\u021bu, Olgu\u021ba Lupu, Kevin Bartig, Harry White, Valentina Sandu-Dediu, Florinela Popa, Nicolae Gheorghi\u021b\u0103, Nick Poulakis, C\u0103t\u0103lin Cern\u0103tescu, Olgu\u021ba Lupu, Antigona R\u0103dulescu, Costin Moisil.<br \/>\nBook reviews by: Gabriela Bejan.<br \/>\nThoughts by: Andreea Butnaru.<\/p>\n","protected":false},"excerpt":{"rendered":"<p>Volume 15. Issues 57-60, January-December 2024. Coord. Florinela Popa and Vlad V\u0103idean Studies by: Daniel Dasc\u0103lu, Alina Bottez, Joseph Cadagin, Vlad V\u0103idean, Oana Kariotoglou-Popescu, S\u00e1ra Aksza Grosz, Irina Ni\u021bu, Olgu\u021ba Lupu, Kevin Bartig, Harry White, Valentina Sandu-Dediu, Florinela Popa, Nicolae &hellip; <a href=\"https:\/\/www.edituraunmb.ro\/?product=musicology-today-volume-15-jan-dec-2024\" style=\"padding-left:10px;\">Mai multe detalii<\/a><\/p>\n","protected":false},"featured_media":2289,"comment_status":"closed","ping_status":"closed","template":"","meta":{"_acf_changed":false},"product_brand":[],"product_cat":[1038],"product_tag":[712,711,710],"class_list":{"0":"post-2288","1":"product","2":"type-product","3":"status-publish","4":"has-post-thumbnail","6":"product_cat-1038","7":"product_tag-muzicologie","8":"product_tag-periodic","9":"product_tag-revista","10":"p_author-volum-colectiv","11":"t_lucrare-musicology-today","12":"t_lucrare-publicatie-periodica","14":"first","15":"instock","16":"shipping-taxable","17":"product-type-simple"},"acf":[],"_links":{"self":[{"href":"https:\/\/www.edituraunmb.ro\/index.php?rest_route=\/wp\/v2\/product\/2288","targetHints":{"allow":["GET"]}}],"collection":[{"href":"https:\/\/www.edituraunmb.ro\/index.php?rest_route=\/wp\/v2\/product"}],"about":[{"href":"https:\/\/www.edituraunmb.ro\/index.php?rest_route=\/wp\/v2\/types\/product"}],"replies":[{"embeddable":true,"href":"https:\/\/www.edituraunmb.ro\/index.php?rest_route=%2Fwp%2Fv2%2Fcomments&post=2288"}],"wp:featuredmedia":[{"embeddable":true,"href":"https:\/\/www.edituraunmb.ro\/index.php?rest_route=\/wp\/v2\/media\/2289"}],"wp:attachment":[{"href":"https:\/\/www.edituraunmb.ro\/index.php?rest_route=%2Fwp%2Fv2%2Fmedia&parent=2288"}],"wp:term":[{"taxonomy":"product_brand","embeddable":true,"href":"https:\/\/www.edituraunmb.ro\/index.php?rest_route=%2Fwp%2Fv2%2Fproduct_brand&post=2288"},{"taxonomy":"product_cat","embeddable":true,"href":"https:\/\/www.edituraunmb.ro\/index.php?rest_route=%2Fwp%2Fv2%2Fproduct_cat&post=2288"},{"taxonomy":"product_tag","embeddable":true,"href":"https:\/\/www.edituraunmb.ro\/index.php?rest_route=%2Fwp%2Fv2%2Fproduct_tag&post=2288"}],"curies":[{"name":"wp","href":"https:\/\/api.w.org\/{rel}","templated":true}]}}