{"id":233,"date":"2015-08-05T09:28:12","date_gmt":"2015-08-05T09:28:12","guid":{"rendered":"http:\/\/www.edituraunmb.ro\/?post_type=product&#038;p=233"},"modified":"2015-08-11T09:10:20","modified_gmt":"2015-08-11T09:10:20","slug":"akademusica-10-ilustre-figuri-de-dascali-ai-conservatorului-bucurestean","status":"publish","type":"product","link":"https:\/\/www.edituraunmb.ro\/?product=akademusica-10-ilustre-figuri-de-dascali-ai-conservatorului-bucurestean","title":{"rendered":"AkadeMusica 10. Ilustre figuri de dasc\u0103li ai Conservatorului bucure\u0219tean"},"content":{"rendered":"<p>&#8222;Aniversarea \u00een 2014 a 150 de ani de la \u00eenfiin\u021barea Conservatorului bucure\u0219tean a constituit un prilej de omagiere a unor personalit\u0103\u021bi \u0219i de rememorare a unor evenimente care au contribuit \u00een mod hot\u0103r\u00e2tor la progresul \u00eenv\u0103\u021b\u0103m\u00e2ntului muzical rom\u00e2nesc. \u00cen acest context, publicarea unor portrete de mae\u0219tri, care \u0219i-au dedicat talentul \u0219i \u00eentreaga activitate muzicii \u0219i preg\u0103tirii temeinice a studen\u021bilor, ni se pare nu doar necesar\u0103, ci \u0219i foarte instructiv\u0103. Ace\u0219ti mae\u0219tri au l\u0103sat \u00een urm\u0103 o impresionant\u0103 mo\u0219tenire sub forma numeroaselor articole \u0219i studii, cursuri, monografii \u0219i tratate, compozi\u021bii valoroase, precum \u0219i \u00eenregistr\u0103ri care stau m\u0103rturie pentru nivelul \u00eenalt al artei lor interpretative. \u00een plus, prin exemplul lor de profesionalism \u0219i de \u00eenalt\u0103 moralitate, au constribuit la modelarea personalit\u0103\u021bii tinerilor muzicieni. Editarea prezentului volum AkadeMusica, le prilejuie\u0219te cititorilor ocazia de a examina, a configura, a descoperi date noi \u0219i a formula opinii despre contribu\u021bii prestigioase din cadrul pedagogiei, muzicologiei \u0219i al artei interpretative rom\u00e2ne\u0219ti, precum \u0219i de a cunoa\u0219te evenimente importante din istoria institu\u021biei bucure\u0219tene.&#8221; (Carmen Manea)<\/p>\n","protected":false},"excerpt":{"rendered":"<p>Volum alc\u0103tuit \u0219i \u00eengrijit de Carmen Manea \u0219i Tatiana Noia. Con\u021bine comunic\u0103ri \u0219tiin\u021bifice de la simpozioanele Departamentului de dirijat \u0219i instrumente complementare \u0219i aleDepartamentului de instrumente de orchestr\u0103 ale UNMB \u00een peiorada 2011-2014. <a href=\"https:\/\/www.edituraunmb.ro\/?product=akademusica-10-ilustre-figuri-de-dascali-ai-conservatorului-bucurestean\" style=\"padding-left:10px;\">Mai multe detalii<\/a><\/p>\n","protected":false},"featured_media":234,"comment_status":"open","ping_status":"closed","template":"","meta":{"_acf_changed":false},"product_brand":[],"product_cat":[30],"product_tag":[61,62],"class_list":{"0":"post-233","1":"product","2":"type-product","3":"status-publish","4":"has-post-thumbnail","6":"product_cat-30","7":"product_tag-akademusica","8":"product_tag-istoria-conservatorului","9":"p_author-daniela-craciun","10":"p_author-grigore-constantinescu","11":"p_author-marcel-frandes","12":"p_author-oana-velcovici-radulescu","13":"p_author-olguta-lupu","14":"p_author-tatiana-noia","15":"t_lucrare-carte","17":"first","18":"instock","19":"shipping-taxable","20":"product-type-simple"},"acf":[],"_links":{"self":[{"href":"https:\/\/www.edituraunmb.ro\/index.php?rest_route=\/wp\/v2\/product\/233","targetHints":{"allow":["GET"]}}],"collection":[{"href":"https:\/\/www.edituraunmb.ro\/index.php?rest_route=\/wp\/v2\/product"}],"about":[{"href":"https:\/\/www.edituraunmb.ro\/index.php?rest_route=\/wp\/v2\/types\/product"}],"replies":[{"embeddable":true,"href":"https:\/\/www.edituraunmb.ro\/index.php?rest_route=%2Fwp%2Fv2%2Fcomments&post=233"}],"wp:featuredmedia":[{"embeddable":true,"href":"https:\/\/www.edituraunmb.ro\/index.php?rest_route=\/wp\/v2\/media\/234"}],"wp:attachment":[{"href":"https:\/\/www.edituraunmb.ro\/index.php?rest_route=%2Fwp%2Fv2%2Fmedia&parent=233"}],"wp:term":[{"taxonomy":"product_brand","embeddable":true,"href":"https:\/\/www.edituraunmb.ro\/index.php?rest_route=%2Fwp%2Fv2%2Fproduct_brand&post=233"},{"taxonomy":"product_cat","embeddable":true,"href":"https:\/\/www.edituraunmb.ro\/index.php?rest_route=%2Fwp%2Fv2%2Fproduct_cat&post=233"},{"taxonomy":"product_tag","embeddable":true,"href":"https:\/\/www.edituraunmb.ro\/index.php?rest_route=%2Fwp%2Fv2%2Fproduct_tag&post=233"}],"curies":[{"name":"wp","href":"https:\/\/api.w.org\/{rel}","templated":true}]}}