{"id":2381,"date":"2026-04-22T16:03:12","date_gmt":"2026-04-22T13:03:12","guid":{"rendered":"https:\/\/www.edituraunmb.ro\/?post_type=product&#038;p=2381"},"modified":"2026-04-24T10:52:13","modified_gmt":"2026-04-24T07:52:13","slug":"dinu-lipatti-prezentul-unei-legende","status":"publish","type":"product","link":"https:\/\/www.edituraunmb.ro\/?product=dinu-lipatti-prezentul-unei-legende","title":{"rendered":"Dinu Lipatti. Prezentul unei legende"},"content":{"rendered":"<h6>Figura lui Dinu Lipatti continu\u0103 s\u0103 reprezinte, la 75 de ani de la dispari\u021bia sa prematur\u0103, un reper de perfec\u021biune artistic\u0103<br \/>\ncare dep\u0103\u0219e\u0219te grani\u021bele timpului \u0219i ale contextelor culturale. \u00centr-un peisaj muzical ce a reevaluat constant contribu\u021biile pianistului rom\u00e2n la arta interpret\u0103rii, dar a ad\u0103ugat \u0219i noi perspective asupra compozi\u021biilor sale, se impune aducerea la zi a unor aspecte biografice \u0219i hermeneutice, bazate pe documente recent descoperite \u0219i pe abord\u0103ri analitice actuale. Volumul Dinu Lipatti. Prezentul unei legende reune\u0219te contribu\u021bii semnate de cercet\u0103tori \u0219i muzicologi care propun, fiecare dintr-un unghi propriu, o privire critic asupra mo\u0219tenirii artistului, aduc\u00e2nd \u00een prim-plan nu doar aura simbolic\u0103 a personalit\u0103\u021bii sale, ci \u0219i realitatea complex\u0103 a destinului uman \u0219i profesional al unuia dintre cei mai importan\u021bi piani\u0219ti ai<br \/>\nsecolului XX.<\/h6>\n<h6><strong>Monica Lup<\/strong><\/h6>\n","protected":false},"excerpt":{"rendered":"<p>Volum coordonat de Monica Lup <a href=\"https:\/\/www.edituraunmb.ro\/?product=dinu-lipatti-prezentul-unei-legende\" style=\"padding-left:10px;\">Mai multe detalii<\/a><\/p>\n","protected":false},"featured_media":2383,"comment_status":"closed","ping_status":"closed","template":"","meta":{"_acf_changed":false},"product_brand":[],"product_cat":[1038],"product_tag":[707,1026,863,93],"class_list":{"0":"post-2381","1":"product","2":"type-product","3":"status-publish","4":"has-post-thumbnail","6":"product_cat-1038","7":"product_tag-analiza-muzicala","8":"product_tag-arhiva","9":"product_tag-interpretare","10":"product_tag-pian","11":"p_author-cristina-garbea","12":"p_author-ioana-voicu-arnautoiu","13":"p_author-maria-monica-bojin","14":"p_author-mark-ainley","15":"p_author-monica-lup","16":"p_author-stefan-costache","17":"p_author-tutu-georgescu","18":"t_lucrare-carte","20":"first","21":"instock","22":"shipping-taxable","23":"product-type-simple"},"acf":[],"_links":{"self":[{"href":"https:\/\/www.edituraunmb.ro\/index.php?rest_route=\/wp\/v2\/product\/2381","targetHints":{"allow":["GET"]}}],"collection":[{"href":"https:\/\/www.edituraunmb.ro\/index.php?rest_route=\/wp\/v2\/product"}],"about":[{"href":"https:\/\/www.edituraunmb.ro\/index.php?rest_route=\/wp\/v2\/types\/product"}],"replies":[{"embeddable":true,"href":"https:\/\/www.edituraunmb.ro\/index.php?rest_route=%2Fwp%2Fv2%2Fcomments&post=2381"}],"wp:featuredmedia":[{"embeddable":true,"href":"https:\/\/www.edituraunmb.ro\/index.php?rest_route=\/wp\/v2\/media\/2383"}],"wp:attachment":[{"href":"https:\/\/www.edituraunmb.ro\/index.php?rest_route=%2Fwp%2Fv2%2Fmedia&parent=2381"}],"wp:term":[{"taxonomy":"product_brand","embeddable":true,"href":"https:\/\/www.edituraunmb.ro\/index.php?rest_route=%2Fwp%2Fv2%2Fproduct_brand&post=2381"},{"taxonomy":"product_cat","embeddable":true,"href":"https:\/\/www.edituraunmb.ro\/index.php?rest_route=%2Fwp%2Fv2%2Fproduct_cat&post=2381"},{"taxonomy":"product_tag","embeddable":true,"href":"https:\/\/www.edituraunmb.ro\/index.php?rest_route=%2Fwp%2Fv2%2Fproduct_tag&post=2381"}],"curies":[{"name":"wp","href":"https:\/\/api.w.org\/{rel}","templated":true}]}}