{"id":2394,"date":"2025-09-05T18:55:41","date_gmt":"2025-09-05T15:55:41","guid":{"rendered":"https:\/\/www.edituraunmb.ro\/?post_type=product&#038;p=2394"},"modified":"2026-03-09T16:38:06","modified_gmt":"2026-03-09T13:38:06","slug":"jokers-pentru-flaut-sau-clarinet-violoncel-si-pian","status":"publish","type":"product","link":"https:\/\/www.edituraunmb.ro\/?product=jokers-pentru-flaut-sau-clarinet-violoncel-si-pian","title":{"rendered":"Jokers pentru flaut (sau clarinet), violoncel \u0219i pian (2020)"},"content":{"rendered":"<h6>Scris\u0103 cu energie \u0219i vivacitate \u00eentr-o form\u0103 de quasi-rondo, <em>Jokers<\/em> alterneaz\u0103 trei tipuri de structuri muzicale: una dinamic\u0103, una lini\u0219tit\u0103 \u015fi una ritmic\u0103, toate trei fiind interpretate de fiecare dintre cele trei instrumente. Economia materialului muzical, bazat \u00een mod liber pe moduri \u0219i dezvoltat cu limpezime, este contrapus\u0103 r\u00e2sului maniacal, homeric \u0219i beckettian din final, care arunc\u0103 lucrarea \u00eentr-o dimensiune a absurdului \u0219i a teatralului. Jokerii devin astfel figuri ambigue, fantomatice, vaporoase \u015fi inter\u0219anjabile, la grani\u0163a dintre clovn, nebun \u0219i bufon.<\/h6>\n<h6><strong>C\u0103lin Ioachimescu<\/strong><\/h6>\n<h2 class=\"noindent\"><\/h2>\n","protected":false},"excerpt":{"rendered":"<p>Scris\u0103 cu energie \u0219i vivacitate \u00eentr-o form\u0103 de quasi-rondo, Jokers alterneaz\u0103 trei tipuri de structuri muzicale: una dinamic\u0103, una lini\u0219tit\u0103 \u015fi una ritmic\u0103, toate trei fiind interpretate de fiecare dintre cele trei instrumente. Economia materialului muzical, bazat \u00een mod liber &hellip; <a href=\"https:\/\/www.edituraunmb.ro\/?product=jokers-pentru-flaut-sau-clarinet-violoncel-si-pian\" style=\"padding-left:10px;\">Mai multe detalii<\/a><\/p>\n","protected":false},"featured_media":2395,"comment_status":"closed","ping_status":"closed","template":"","meta":{"_acf_changed":false},"product_brand":[],"product_cat":[1004],"product_tag":[89,579],"class_list":{"0":"post-2394","1":"product","2":"type-product","3":"status-publish","4":"has-post-thumbnail","6":"product_cat-1004","7":"product_tag-muzica-de-camera","8":"product_tag-partitura","9":"p_author-calin-ioachimescu","10":"t_lucrare-partitura","12":"first","13":"instock","14":"shipping-taxable","15":"product-type-simple"},"acf":[],"_links":{"self":[{"href":"https:\/\/www.edituraunmb.ro\/index.php?rest_route=\/wp\/v2\/product\/2394","targetHints":{"allow":["GET"]}}],"collection":[{"href":"https:\/\/www.edituraunmb.ro\/index.php?rest_route=\/wp\/v2\/product"}],"about":[{"href":"https:\/\/www.edituraunmb.ro\/index.php?rest_route=\/wp\/v2\/types\/product"}],"replies":[{"embeddable":true,"href":"https:\/\/www.edituraunmb.ro\/index.php?rest_route=%2Fwp%2Fv2%2Fcomments&post=2394"}],"wp:featuredmedia":[{"embeddable":true,"href":"https:\/\/www.edituraunmb.ro\/index.php?rest_route=\/wp\/v2\/media\/2395"}],"wp:attachment":[{"href":"https:\/\/www.edituraunmb.ro\/index.php?rest_route=%2Fwp%2Fv2%2Fmedia&parent=2394"}],"wp:term":[{"taxonomy":"product_brand","embeddable":true,"href":"https:\/\/www.edituraunmb.ro\/index.php?rest_route=%2Fwp%2Fv2%2Fproduct_brand&post=2394"},{"taxonomy":"product_cat","embeddable":true,"href":"https:\/\/www.edituraunmb.ro\/index.php?rest_route=%2Fwp%2Fv2%2Fproduct_cat&post=2394"},{"taxonomy":"product_tag","embeddable":true,"href":"https:\/\/www.edituraunmb.ro\/index.php?rest_route=%2Fwp%2Fv2%2Fproduct_tag&post=2394"}],"curies":[{"name":"wp","href":"https:\/\/api.w.org\/{rel}","templated":true}]}}