{"id":2398,"date":"2025-09-05T19:15:12","date_gmt":"2025-09-05T16:15:12","guid":{"rendered":"https:\/\/www.edituraunmb.ro\/?post_type=product&#038;p=2398"},"modified":"2026-03-09T16:36:56","modified_gmt":"2026-03-09T13:36:56","slug":"cvartet-de-coarde-nr-2-1983","status":"publish","type":"product","link":"https:\/\/www.edituraunmb.ro\/?product=cvartet-de-coarde-nr-2-1983","title":{"rendered":"Cvartet de coarde nr. 2 (1983)"},"content":{"rendered":"<h6>Scris\u0103 \u00een 1983, lucrarea reprezint\u0103 prin con\u0163inut \u0219i form\u0103 o experien\u0163\u0103 inedit\u0103 \u00een crea\u021bia proprie \u015fi \u00een cea rom\u00e2neasc\u0103, \u00eensemn\u00e2nd startul unei noi direc\u021bii: postmodernismul. Ceea ce define\u015fte sub raport stilistic travaliul componistic este mixtura realizat\u0103 \u00eentre minimalismul sistemului intona\u021bional \u0219i ritmic, pe de o parte, \u015fi travaliul evolutiv, transforma\u0163ional, efectuat la nivelul configura\u021biei, pe de alt\u0103 parte. Materialul sonor utilizat se reduce la patru sunete netranspozabile (<em>mi, fa diez, sol, si<\/em>), iar \u00eentreaga desf\u0103\u0219urare ritmic\u0103 se bazeaz\u0103 pe folosirea diferitelor aspect\u0103ri ale unei formule de sextolet. Prin contrast cu economia de mijloace la stadiul microstructural, la cel macrostructural se remarc\u0103 efortul pentru ob\u0163inerea unit\u0103\u0163ii formale \u0219i a densit\u0103\u021bii sugestive.<\/h6>\n<h6><strong>Adrian Iorgulescu<\/strong><\/h6>\n","protected":false},"excerpt":{"rendered":"<p>Scris\u0103 \u00een 1983, lucrarea reprezint\u0103 prin con\u0163inut \u0219i form\u0103 o experien\u0163\u0103 inedit\u0103 \u00een crea\u021bia proprie \u015fi \u00een cea rom\u00e2neasc\u0103, \u00eensemn\u00e2nd startul unei noi direc\u021bii: postmodernismul. Ceea ce define\u015fte sub raport stilistic travaliul componistic este mixtura realizat\u0103 \u00eentre minimalismul sistemului intona\u021bional &hellip; <a href=\"https:\/\/www.edituraunmb.ro\/?product=cvartet-de-coarde-nr-2-1983\" style=\"padding-left:10px;\">Mai multe detalii<\/a><\/p>\n","protected":false},"featured_media":2399,"comment_status":"closed","ping_status":"closed","template":"","meta":{"_acf_changed":false},"product_brand":[],"product_cat":[1004],"product_tag":[89,579],"class_list":{"0":"post-2398","1":"product","2":"type-product","3":"status-publish","4":"has-post-thumbnail","6":"product_cat-1004","7":"product_tag-muzica-de-camera","8":"product_tag-partitura","9":"p_author-adrian-iorgulescu","10":"t_lucrare-partitura","12":"first","13":"instock","14":"shipping-taxable","15":"product-type-simple"},"acf":[],"_links":{"self":[{"href":"https:\/\/www.edituraunmb.ro\/index.php?rest_route=\/wp\/v2\/product\/2398","targetHints":{"allow":["GET"]}}],"collection":[{"href":"https:\/\/www.edituraunmb.ro\/index.php?rest_route=\/wp\/v2\/product"}],"about":[{"href":"https:\/\/www.edituraunmb.ro\/index.php?rest_route=\/wp\/v2\/types\/product"}],"replies":[{"embeddable":true,"href":"https:\/\/www.edituraunmb.ro\/index.php?rest_route=%2Fwp%2Fv2%2Fcomments&post=2398"}],"wp:featuredmedia":[{"embeddable":true,"href":"https:\/\/www.edituraunmb.ro\/index.php?rest_route=\/wp\/v2\/media\/2399"}],"wp:attachment":[{"href":"https:\/\/www.edituraunmb.ro\/index.php?rest_route=%2Fwp%2Fv2%2Fmedia&parent=2398"}],"wp:term":[{"taxonomy":"product_brand","embeddable":true,"href":"https:\/\/www.edituraunmb.ro\/index.php?rest_route=%2Fwp%2Fv2%2Fproduct_brand&post=2398"},{"taxonomy":"product_cat","embeddable":true,"href":"https:\/\/www.edituraunmb.ro\/index.php?rest_route=%2Fwp%2Fv2%2Fproduct_cat&post=2398"},{"taxonomy":"product_tag","embeddable":true,"href":"https:\/\/www.edituraunmb.ro\/index.php?rest_route=%2Fwp%2Fv2%2Fproduct_tag&post=2398"}],"curies":[{"name":"wp","href":"https:\/\/api.w.org\/{rel}","templated":true}]}}