{"id":2401,"date":"2025-09-05T19:25:24","date_gmt":"2025-09-05T16:25:24","guid":{"rendered":"https:\/\/www.edituraunmb.ro\/?post_type=product&#038;p=2401"},"modified":"2026-03-09T16:31:53","modified_gmt":"2026-03-09T13:31:53","slug":"il-pianto-del-ghiaccio-2016","status":"publish","type":"product","link":"https:\/\/www.edituraunmb.ro\/?product=il-pianto-del-ghiaccio-2016","title":{"rendered":"Il Pianto del Ghiaccio (2016)"},"content":{"rendered":"<h6>Lucrarea <em>Il Pianto del Ghiaccio<\/em> (<em>Plansetul ghe\u021bii<\/em>) pentru patru flaute a fost scrisa in 2016 pentru cvartetul de flaute elve\u021bian <em>Tetrafl\u00fbtes<\/em>, ca o comanda pentru proiectul lor artistic intitulat ,,Recviem pentru ghe\u021bari&#8221;. Prima audi\u021bie a acestei lucr\u0103ri a avut loc \u00een pe\u0219tera de ghea\u021b\u0103 cu numele Allalin, aflata la 3500 m \u00een\u0103l\u021bime, in localitatea SaasFee, pe cel mai \u00eenalt munte elve\u021bian, Matterhorn.<\/h6>\n<h6><em>Il Pianto del Ghiaccio<\/em> nu este o muzica descriptiv\u0103, e mai mult un comentariu care exprima \u0219i sugereaz\u0103 triste\u021bea pentru fenomenul natural \u00een sine cauzat de \u00eenc\u0103lzirea globala, dar \u0219i pentru neputin\u021ba de a-i stopa. Atmosfera glacial\u0103 de la \u00eenceput se transforma treptat \u00een pl\u00e2nset pentru topirea \u0219i c\u0103derea ghe\u021barilor. Durerea se transforma \u00een revolt\u0103, care apoi e absorbit\u0103 treptat \u00eentr-o resemnare trista unde \u00ee\u0219i g\u0103se\u0219te loc un citat scurt din Mozart, ca expresie pura a ,,frumuse\u021bii dureroase&#8221;.<\/h6>\n<h6><strong>Doina Rotaru<\/strong><\/h6>\n","protected":false},"excerpt":{"rendered":"<p>Lucrarea Il Pianto del Ghiaccio (Plansetul ghe\u021bii) pentru patru flaute a fost scrisa in 2016 pentru cvartetul de flaute elve\u021bian Tetrafl\u00fbtes, ca o comanda pentru proiectul lor artistic intitulat ,,Recviem pentru ghe\u021bari&#8221;. Prima audi\u021bie a acestei lucr\u0103ri a avut loc &hellip; <a href=\"https:\/\/www.edituraunmb.ro\/?product=il-pianto-del-ghiaccio-2016\" style=\"padding-left:10px;\">Mai multe detalii<\/a><\/p>\n","protected":false},"featured_media":2402,"comment_status":"closed","ping_status":"closed","template":"","meta":{"_acf_changed":false},"product_brand":[],"product_cat":[1004],"product_tag":[89,579],"class_list":{"0":"post-2401","1":"product","2":"type-product","3":"status-publish","4":"has-post-thumbnail","6":"product_cat-1004","7":"product_tag-muzica-de-camera","8":"product_tag-partitura","9":"p_author-doina-rotaru","10":"t_lucrare-partitura","12":"first","13":"instock","14":"shipping-taxable","15":"product-type-simple"},"acf":[],"_links":{"self":[{"href":"https:\/\/www.edituraunmb.ro\/index.php?rest_route=\/wp\/v2\/product\/2401","targetHints":{"allow":["GET"]}}],"collection":[{"href":"https:\/\/www.edituraunmb.ro\/index.php?rest_route=\/wp\/v2\/product"}],"about":[{"href":"https:\/\/www.edituraunmb.ro\/index.php?rest_route=\/wp\/v2\/types\/product"}],"replies":[{"embeddable":true,"href":"https:\/\/www.edituraunmb.ro\/index.php?rest_route=%2Fwp%2Fv2%2Fcomments&post=2401"}],"wp:featuredmedia":[{"embeddable":true,"href":"https:\/\/www.edituraunmb.ro\/index.php?rest_route=\/wp\/v2\/media\/2402"}],"wp:attachment":[{"href":"https:\/\/www.edituraunmb.ro\/index.php?rest_route=%2Fwp%2Fv2%2Fmedia&parent=2401"}],"wp:term":[{"taxonomy":"product_brand","embeddable":true,"href":"https:\/\/www.edituraunmb.ro\/index.php?rest_route=%2Fwp%2Fv2%2Fproduct_brand&post=2401"},{"taxonomy":"product_cat","embeddable":true,"href":"https:\/\/www.edituraunmb.ro\/index.php?rest_route=%2Fwp%2Fv2%2Fproduct_cat&post=2401"},{"taxonomy":"product_tag","embeddable":true,"href":"https:\/\/www.edituraunmb.ro\/index.php?rest_route=%2Fwp%2Fv2%2Fproduct_tag&post=2401"}],"curies":[{"name":"wp","href":"https:\/\/api.w.org\/{rel}","templated":true}]}}