{"id":2403,"date":"2025-09-05T18:47:04","date_gmt":"2025-09-05T15:47:04","guid":{"rendered":"https:\/\/www.edituraunmb.ro\/?post_type=product&#038;p=2403"},"modified":"2026-03-09T16:42:34","modified_gmt":"2026-03-09T13:42:34","slug":"elegia-i-1998","status":"publish","type":"product","link":"https:\/\/www.edituraunmb.ro\/?product=elegia-i-1998","title":{"rendered":"Elegia I (1998)"},"content":{"rendered":"<h6>Miniatura cameral\u0103 stranie \u0219i re\u021binut\u0103 ca expresie, de\u0219i clocotitoare \u0219i dramatic\u0103 \u00een str\u0103funduri, <em>Elegia I<\/em> a fost scris\u0103 de Anatol Vieru dupa moartea \u0219ocant\u0103 a lui Myriam Marbe, \u00een ziua de Cr\u0103ciun a anului 1997. Formula instrumental\u0103 aleas\u0103 saxofon alto \u00een mi bemol, orga \u0219i percu\u021bie este una neobi\u0219nuit\u0103, dar e foarte eficient\u0103 din doua motive: 1. are avantajul ambitusului enorm al orgii, acoperind toate sunetele din extremul grav p\u00e2n\u0103 \u00een extremul acut, c\u0103ruia i se adaug\u0103 incandescentul saxofon alto, instrument melodic de o mare intensitate timbral\u0103, precum \u0219i c\u00e2teva efecte de per\u00adcu\u021bie alese cu parcimonie (3 gonguri, vibrafon, bici, 5 bongosuri, 5 wood-blocks, crotale); 2. se adreseaz\u0103 unui ansamblu deja existent \u0219i experimentat, consacratul Trio Contraste de la Timi\u0219oara, compus pe atunci din remarcabilii muzicieni Emil \u0218ein (saxofon alto), Sorin Petrescu (orga), Doru Roman (percu\u021bie), care, de altfel, au \u0219i interpretat opusul \u00een cadrul Festivalului ,,George Enescu&#8221;, \u00een 11 septembrie 1998, chiar cu c\u00e2teva s\u0103pt\u0103m\u00e2ni \u00eenainte de moartea lui Vieru.<\/h6>\n<h6><strong>Dan Dediu<\/strong><\/h6>\n","protected":false},"excerpt":{"rendered":"<p>Miniatura cameral\u0103 stranie \u0219i re\u021binut\u0103 ca expresie, de\u0219i clocotitoare \u0219i dramatic\u0103 \u00een str\u0103funduri, Elegia I a fost scris\u0103 de Anatol Vieru dupa moartea \u0219ocant\u0103 a lui Myriam Marbe, \u00een ziua de Cr\u0103ciun a anului 1997. Formula instrumental\u0103 aleas\u0103 saxofon alto &hellip; <a href=\"https:\/\/www.edituraunmb.ro\/?product=elegia-i-1998\" style=\"padding-left:10px;\">Mai multe detalii<\/a><\/p>\n","protected":false},"featured_media":2404,"comment_status":"closed","ping_status":"closed","template":"","meta":{"_acf_changed":false},"product_brand":[],"product_cat":[1004],"product_tag":[89,579],"class_list":{"0":"post-2403","1":"product","2":"type-product","3":"status-publish","4":"has-post-thumbnail","6":"product_cat-1004","7":"product_tag-muzica-de-camera","8":"product_tag-partitura","9":"p_author-anatol-vieru","10":"t_lucrare-partitura","12":"first","13":"instock","14":"shipping-taxable","15":"product-type-simple"},"acf":[],"_links":{"self":[{"href":"https:\/\/www.edituraunmb.ro\/index.php?rest_route=\/wp\/v2\/product\/2403","targetHints":{"allow":["GET"]}}],"collection":[{"href":"https:\/\/www.edituraunmb.ro\/index.php?rest_route=\/wp\/v2\/product"}],"about":[{"href":"https:\/\/www.edituraunmb.ro\/index.php?rest_route=\/wp\/v2\/types\/product"}],"replies":[{"embeddable":true,"href":"https:\/\/www.edituraunmb.ro\/index.php?rest_route=%2Fwp%2Fv2%2Fcomments&post=2403"}],"wp:featuredmedia":[{"embeddable":true,"href":"https:\/\/www.edituraunmb.ro\/index.php?rest_route=\/wp\/v2\/media\/2404"}],"wp:attachment":[{"href":"https:\/\/www.edituraunmb.ro\/index.php?rest_route=%2Fwp%2Fv2%2Fmedia&parent=2403"}],"wp:term":[{"taxonomy":"product_brand","embeddable":true,"href":"https:\/\/www.edituraunmb.ro\/index.php?rest_route=%2Fwp%2Fv2%2Fproduct_brand&post=2403"},{"taxonomy":"product_cat","embeddable":true,"href":"https:\/\/www.edituraunmb.ro\/index.php?rest_route=%2Fwp%2Fv2%2Fproduct_cat&post=2403"},{"taxonomy":"product_tag","embeddable":true,"href":"https:\/\/www.edituraunmb.ro\/index.php?rest_route=%2Fwp%2Fv2%2Fproduct_tag&post=2403"}],"curies":[{"name":"wp","href":"https:\/\/api.w.org\/{rel}","templated":true}]}}