{"id":2405,"date":"2025-09-05T19:57:18","date_gmt":"2025-09-05T16:57:18","guid":{"rendered":"https:\/\/www.edituraunmb.ro\/?post_type=product&#038;p=2405"},"modified":"2026-03-09T16:28:03","modified_gmt":"2026-03-09T13:28:03","slug":"fur-ulisse-2020","status":"publish","type":"product","link":"https:\/\/www.edituraunmb.ro\/?product=fur-ulisse-2020","title":{"rendered":"F\u00fcr Ulisse (2020)"},"content":{"rendered":"<h6>Ideea compunerii Cvartetului de coarde nr. 7 a ap\u0103rut la ini\u021biativa Radio Rom\u00e2\u00adnia Muzical, \u00een colaborare cu Rotary Club Pipera, pentru un eveniment ce marca cei 250 de ani de la na\u0219terea lui Ludwig van Beethoven. Am scris lucrarea \u00een 2020, \u00een tim\u00adpul pandemiei de coronavirus, pentru admirabilul cvartet <em>Arcadia<\/em> \u0219i am intitulat-o <em>F\u00fcr Ulisse<\/em> (<em>Beethoven-\u00c9tudes<\/em>)&#8211;Cvartet de coarde nr. 7 op. 17.<\/h6>\n<h6>Titlul, care parafrazeaz\u0103 cu o ocheada titlul celebrei bagatele <em>F\u00fcr Elise<\/em>, dar \u00eenchina paginile cvartetului ve\u0219nic-c\u0103ut\u0103torului Ulise, constituie totodata \u0219i un simbol al peregrin\u0103rii mele interioare prin m\u0103runtaiele muzicii lui Beethoven. Cele cinci p\u0103r\u021bi ale lucr\u0103rii sunt concepute ca tot at\u00e2tea studii de caz ce adopta aceea\u0219i atitudine de pornire: c\u0103l\u0103toria \u00een posibil, in virtualul explor\u0103rii unor cai de acces spre cotloane bizare ale muzicii lui Beethoven, pe care le preiau \u0219i le transform \u00een ex\u00adpresie proprie. Mijloacele pe care le folosesc sunt invers\u0103rile melodice, recuren\u021bele \u0219i combina\u021biile ritmice, dialogul instrumental, precum \u0219i fuziunile \u0219i deform\u0103rile structurale.<\/h6>\n<h6><strong>Dan Dediu<\/strong><\/h6>\n","protected":false},"excerpt":{"rendered":"<p>Ideea compunerii Cvartetului de coarde nr. 7 a ap\u0103rut la ini\u021biativa Radio Rom\u00e2\u00adnia Muzical, \u00een colaborare cu Rotary Club Pipera, pentru un eveniment ce marca cei 250 de ani de la na\u0219terea lui Ludwig van Beethoven. Am scris lucrarea \u00een &hellip; <a href=\"https:\/\/www.edituraunmb.ro\/?product=fur-ulisse-2020\" style=\"padding-left:10px;\">Mai multe detalii<\/a><\/p>\n","protected":false},"featured_media":2406,"comment_status":"closed","ping_status":"closed","template":"","meta":{"_acf_changed":false},"product_brand":[],"product_cat":[1004],"product_tag":[89,579],"class_list":{"0":"post-2405","1":"product","2":"type-product","3":"status-publish","4":"has-post-thumbnail","6":"product_cat-1004","7":"product_tag-muzica-de-camera","8":"product_tag-partitura","9":"p_author-dan-dediu","10":"t_lucrare-partitura","12":"first","13":"instock","14":"shipping-taxable","15":"product-type-simple"},"acf":[],"_links":{"self":[{"href":"https:\/\/www.edituraunmb.ro\/index.php?rest_route=\/wp\/v2\/product\/2405","targetHints":{"allow":["GET"]}}],"collection":[{"href":"https:\/\/www.edituraunmb.ro\/index.php?rest_route=\/wp\/v2\/product"}],"about":[{"href":"https:\/\/www.edituraunmb.ro\/index.php?rest_route=\/wp\/v2\/types\/product"}],"replies":[{"embeddable":true,"href":"https:\/\/www.edituraunmb.ro\/index.php?rest_route=%2Fwp%2Fv2%2Fcomments&post=2405"}],"wp:featuredmedia":[{"embeddable":true,"href":"https:\/\/www.edituraunmb.ro\/index.php?rest_route=\/wp\/v2\/media\/2406"}],"wp:attachment":[{"href":"https:\/\/www.edituraunmb.ro\/index.php?rest_route=%2Fwp%2Fv2%2Fmedia&parent=2405"}],"wp:term":[{"taxonomy":"product_brand","embeddable":true,"href":"https:\/\/www.edituraunmb.ro\/index.php?rest_route=%2Fwp%2Fv2%2Fproduct_brand&post=2405"},{"taxonomy":"product_cat","embeddable":true,"href":"https:\/\/www.edituraunmb.ro\/index.php?rest_route=%2Fwp%2Fv2%2Fproduct_cat&post=2405"},{"taxonomy":"product_tag","embeddable":true,"href":"https:\/\/www.edituraunmb.ro\/index.php?rest_route=%2Fwp%2Fv2%2Fproduct_tag&post=2405"}],"curies":[{"name":"wp","href":"https:\/\/api.w.org\/{rel}","templated":true}]}}