{"id":2416,"date":"2024-04-22T14:10:15","date_gmt":"2024-04-22T11:10:15","guid":{"rendered":"https:\/\/www.edituraunmb.ro\/?post_type=product&#038;p=2416"},"modified":"2026-04-22T14:38:27","modified_gmt":"2026-04-22T11:38:27","slug":"evolutia-gandirii-componistice-in-creatia-concertanta-a-compozitorului-aurel-stroe","status":"publish","type":"product","link":"https:\/\/www.edituraunmb.ro\/?product=evolutia-gandirii-componistice-in-creatia-concertanta-a-compozitorului-aurel-stroe","title":{"rendered":"Evolu\u021bia g\u00e2ndirii componistice \u00een crea\u021bia concertant\u0103 a compozitorului Aurel Stroe"},"content":{"rendered":"<h5>Volumul de fa\u021b\u0103 reprezint\u0103 concretizarea cercet\u0103rii mele din timpul studiilor doctorale, finalizate prin sus\u021binerea tezei de doctorat intitulat\u0103 <em>Evolu\u021bia g\u00e2ndirii componistice \u00een crea\u021bia concertant\u0103 a compozitorului Aurel Stroe<\/em>. Aurel Stroe reprezint\u0103 unul dintre pilonii centrali ai genera\u021biei de aur a muzicii rom\u00e2ne\u0219ti, ce se diferen\u021biaz\u0103 de ceilal\u021bi colegi de breasl\u0103, contemporani cu el, prin g\u00e2ndirea muzical\u0103 complex\u0103 \u00eentre\u021besut\u0103 cu concepte din domenii \u0219tiin\u021bifice (matematic\u0103, fizic\u0103, sociologie, lingvistic\u0103 etc.). Aceast\u0103 dimensiune interdisciplinar\u0103 asumat\u0103 \u00een actul componistic este deplin sus\u021binut\u0103 de o cunoa\u0219tere enciclopedic\u0103 \u0219i o exigen\u021b\u0103 intelectual\u0103 de o acribie nemai\u00eent\u00e2lnit\u0103.<\/h5>\n<h5>(Florin Cristian Neagoe)<\/h5>\n","protected":false},"excerpt":{"rendered":"<p>Volumul de fa\u021b\u0103 reprezint\u0103 concretizarea cercet\u0103rii mele din timpul studiilor doctorale, finalizate prin sus\u021binerea tezei de doctorat intitulat\u0103 Evolu\u021bia g\u00e2ndirii componistice \u00een crea\u021bia concertant\u0103 a compozitorului Aurel Stroe. Aurel Stroe reprezint\u0103 unul dintre pilonii centrali ai genera\u021biei de aur a &hellip; <a href=\"https:\/\/www.edituraunmb.ro\/?product=evolutia-gandirii-componistice-in-creatia-concertanta-a-compozitorului-aurel-stroe\" style=\"padding-left:10px;\">Mai multe detalii<\/a><\/p>\n","protected":false},"featured_media":2419,"comment_status":"closed","ping_status":"closed","template":"","meta":{"_acf_changed":false},"product_brand":[],"product_cat":[830],"product_tag":[707,835,760],"class_list":{"0":"post-2416","1":"product","2":"type-product","3":"status-publish","4":"has-post-thumbnail","6":"product_cat-830","7":"product_tag-analiza-muzicala","8":"product_tag-muzica-contemporana","9":"product_tag-muzica-moderna","10":"p_author-florin-cristian-neagoe","11":"t_lucrare-carte","13":"first","14":"instock","15":"shipping-taxable","16":"product-type-simple"},"acf":[],"_links":{"self":[{"href":"https:\/\/www.edituraunmb.ro\/index.php?rest_route=\/wp\/v2\/product\/2416","targetHints":{"allow":["GET"]}}],"collection":[{"href":"https:\/\/www.edituraunmb.ro\/index.php?rest_route=\/wp\/v2\/product"}],"about":[{"href":"https:\/\/www.edituraunmb.ro\/index.php?rest_route=\/wp\/v2\/types\/product"}],"replies":[{"embeddable":true,"href":"https:\/\/www.edituraunmb.ro\/index.php?rest_route=%2Fwp%2Fv2%2Fcomments&post=2416"}],"wp:featuredmedia":[{"embeddable":true,"href":"https:\/\/www.edituraunmb.ro\/index.php?rest_route=\/wp\/v2\/media\/2419"}],"wp:attachment":[{"href":"https:\/\/www.edituraunmb.ro\/index.php?rest_route=%2Fwp%2Fv2%2Fmedia&parent=2416"}],"wp:term":[{"taxonomy":"product_brand","embeddable":true,"href":"https:\/\/www.edituraunmb.ro\/index.php?rest_route=%2Fwp%2Fv2%2Fproduct_brand&post=2416"},{"taxonomy":"product_cat","embeddable":true,"href":"https:\/\/www.edituraunmb.ro\/index.php?rest_route=%2Fwp%2Fv2%2Fproduct_cat&post=2416"},{"taxonomy":"product_tag","embeddable":true,"href":"https:\/\/www.edituraunmb.ro\/index.php?rest_route=%2Fwp%2Fv2%2Fproduct_tag&post=2416"}],"curies":[{"name":"wp","href":"https:\/\/api.w.org\/{rel}","templated":true}]}}