{"id":2424,"date":"2023-04-22T16:23:43","date_gmt":"2023-04-22T13:23:43","guid":{"rendered":"https:\/\/www.edituraunmb.ro\/?post_type=product&#038;p=2424"},"modified":"2026-04-22T16:30:11","modified_gmt":"2026-04-22T13:30:11","slug":"muzica-in-adolescenta","status":"publish","type":"product","link":"https:\/\/www.edituraunmb.ro\/?product=muzica-in-adolescenta","title":{"rendered":"Muzica \u00een adolescen\u021b\u0103"},"content":{"rendered":"<p>Numeroasele studii despre efectele muzicii asupra omului se concentreaz\u0103 asupra v\u00e2rstelor mici. Av\u00e2nd \u00een vedere faptul c\u0103 adolescen\u021ba este o perioad\u0103 sensibil\u0103, marcat\u0103 de evenimente esen\u021biale pentru devenirea unei persoane, acum f\u0103c\u00e2ndu-se trecerea c\u0103tre v\u00e2rsta adult\u0103, se impune un interes mai mare din partea speciali\u0219tilor fa\u021b\u0103 de acest subiect. S\u0103 nu uit\u0103m c\u0103 activit\u0103\u021bile muzicale ajung s\u0103 ocupe o pondere mult crescut\u0103 \u00een preocup\u0103rile adolescen\u021bilor \u00een raport cu cele ale persoanelor aflate la alte v\u00e2rste. Muzica poate fi considerat\u0103 o adev\u0103rat\u0103 hran\u0103 pentru spiritul uman, nutritiv\u0103 sau, dimpotriv\u0103, toxic\u0103, \u00een func\u021bie de calitatea sa \u0219i de condi\u021biile \u00een care ea este consumat\u0103. Odat\u0103 cu autonomizarea artelor, dimensiunea moral\u0103 \u0219i educativ\u0103 a muzicii p\u0103le\u0219te \u00een fa\u021ba celei estetice, \u201earta aflat\u0103 \u00een slujba omului\u201d se transform\u0103 treptat \u00een \u201earta pentru art\u0103\u201d. Cum preg\u0103tim genera\u021bia t\u00e2n\u0103r\u0103 s\u0103 fac\u0103 fa\u021b\u0103 repercusiunilor acestei schimb\u0103ri de paradigm\u0103? (Mirela-Larisa Matei)<\/p>\n","protected":false},"excerpt":{"rendered":"<p>Numeroasele studii despre efectele muzicii asupra omului se concentreaz\u0103 asupra v\u00e2rstelor mici. Av\u00e2nd \u00een vedere faptul c\u0103 adolescen\u021ba este o perioad\u0103 sensibil\u0103, marcat\u0103 de evenimente esen\u021biale pentru devenirea unei persoane, acum f\u0103c\u00e2ndu-se trecerea c\u0103tre v\u00e2rsta adult\u0103, se impune un interes &hellip; <a href=\"https:\/\/www.edituraunmb.ro\/?product=muzica-in-adolescenta\" style=\"padding-left:10px;\">Mai multe detalii<\/a><\/p>\n","protected":false},"featured_media":2426,"comment_status":"closed","ping_status":"closed","template":"","meta":{"_acf_changed":false},"product_brand":[],"product_cat":[830],"product_tag":[1083,1082],"class_list":{"0":"post-2424","1":"product","2":"type-product","3":"status-publish","4":"has-post-thumbnail","6":"product_cat-830","7":"product_tag-adoloscenta","8":"product_tag-psihologie","9":"p_author-mirela-larisa-matei","10":"t_lucrare-carte","12":"first","13":"instock","14":"shipping-taxable","15":"product-type-simple"},"acf":[],"_links":{"self":[{"href":"https:\/\/www.edituraunmb.ro\/index.php?rest_route=\/wp\/v2\/product\/2424","targetHints":{"allow":["GET"]}}],"collection":[{"href":"https:\/\/www.edituraunmb.ro\/index.php?rest_route=\/wp\/v2\/product"}],"about":[{"href":"https:\/\/www.edituraunmb.ro\/index.php?rest_route=\/wp\/v2\/types\/product"}],"replies":[{"embeddable":true,"href":"https:\/\/www.edituraunmb.ro\/index.php?rest_route=%2Fwp%2Fv2%2Fcomments&post=2424"}],"wp:featuredmedia":[{"embeddable":true,"href":"https:\/\/www.edituraunmb.ro\/index.php?rest_route=\/wp\/v2\/media\/2426"}],"wp:attachment":[{"href":"https:\/\/www.edituraunmb.ro\/index.php?rest_route=%2Fwp%2Fv2%2Fmedia&parent=2424"}],"wp:term":[{"taxonomy":"product_brand","embeddable":true,"href":"https:\/\/www.edituraunmb.ro\/index.php?rest_route=%2Fwp%2Fv2%2Fproduct_brand&post=2424"},{"taxonomy":"product_cat","embeddable":true,"href":"https:\/\/www.edituraunmb.ro\/index.php?rest_route=%2Fwp%2Fv2%2Fproduct_cat&post=2424"},{"taxonomy":"product_tag","embeddable":true,"href":"https:\/\/www.edituraunmb.ro\/index.php?rest_route=%2Fwp%2Fv2%2Fproduct_tag&post=2424"}],"curies":[{"name":"wp","href":"https:\/\/api.w.org\/{rel}","templated":true}]}}