{"id":2428,"date":"2026-04-22T16:42:36","date_gmt":"2026-04-22T13:42:36","guid":{"rendered":"https:\/\/www.edituraunmb.ro\/?post_type=product&#038;p=2428"},"modified":"2026-04-22T16:42:36","modified_gmt":"2026-04-22T13:42:36","slug":"metamorfoze-ale-expresiei-corporale-in-spectacolul-contemporan","status":"publish","type":"product","link":"https:\/\/www.edituraunmb.ro\/?product=metamorfoze-ale-expresiei-corporale-in-spectacolul-contemporan","title":{"rendered":"Metamorfoze ale expresiei corporale \u00een spectacolul contemporan"},"content":{"rendered":"<h6>Ini\u021bial, g\u00e2ndisem aceast\u0103 expunere introductiv\u0103 ca fi ind un discurs centrat exclusiv pe ideea de Art\u0103 performativ\u0103 \u0219i Spectacol, discurs despre importan\u021ba adaptabilit\u0103\u021bii universului spectacular \u0219i a metamorfoz\u0103rii produsului artistic \u00een raport cu ritmul social impus de secolul \u00een care tr\u0103im. Am realizat c\u0103 trebuie s\u0103 m\u0103 abat pu\u021bin de la traseul propus pentru a vorbi despre climatul cultural rom\u00e2nesc \u0219i condi\u021biile \u00een care artistul rom\u00e2n creaz\u0103 \u0219i exist\u0103, nu cu scopul de a dezv\u0103lui \u00een termeni critici pu\u021bin\u0103tatea culturii \u00een peisajul cultural rom\u00e2nesc contemporan ci din nevoia de a restitui subiectul acestei c\u0103r\u021bi prezentului c\u0103ruia \u00eei apar\u021bine.<\/h6>\n<h6>(Andreea Du\u021b\u0103)<\/h6>\n","protected":false},"excerpt":{"rendered":"<p>Ini\u021bial, g\u00e2ndisem aceast\u0103 expunere introductiv\u0103 ca fi ind un discurs centrat exclusiv pe ideea de Art\u0103 performativ\u0103 \u0219i Spectacol, discurs despre importan\u021ba adaptabilit\u0103\u021bii universului spectacular \u0219i a metamorfoz\u0103rii produsului artistic \u00een raport cu ritmul social impus de secolul \u00een care &hellip; <a href=\"https:\/\/www.edituraunmb.ro\/?product=metamorfoze-ale-expresiei-corporale-in-spectacolul-contemporan\" style=\"padding-left:10px;\">Mai multe detalii<\/a><\/p>\n","protected":false},"featured_media":2430,"comment_status":"closed","ping_status":"closed","template":"","meta":{"_acf_changed":false},"product_brand":[],"product_cat":[1085],"product_tag":[1086],"class_list":{"0":"post-2428","1":"product","2":"type-product","3":"status-publish","4":"has-post-thumbnail","6":"product_cat-1085","7":"product_tag-dans","8":"p_author-andreea-duta","9":"t_lucrare-carte","11":"first","12":"instock","13":"shipping-taxable","14":"product-type-simple"},"acf":[],"_links":{"self":[{"href":"https:\/\/www.edituraunmb.ro\/index.php?rest_route=\/wp\/v2\/product\/2428","targetHints":{"allow":["GET"]}}],"collection":[{"href":"https:\/\/www.edituraunmb.ro\/index.php?rest_route=\/wp\/v2\/product"}],"about":[{"href":"https:\/\/www.edituraunmb.ro\/index.php?rest_route=\/wp\/v2\/types\/product"}],"replies":[{"embeddable":true,"href":"https:\/\/www.edituraunmb.ro\/index.php?rest_route=%2Fwp%2Fv2%2Fcomments&post=2428"}],"wp:featuredmedia":[{"embeddable":true,"href":"https:\/\/www.edituraunmb.ro\/index.php?rest_route=\/wp\/v2\/media\/2430"}],"wp:attachment":[{"href":"https:\/\/www.edituraunmb.ro\/index.php?rest_route=%2Fwp%2Fv2%2Fmedia&parent=2428"}],"wp:term":[{"taxonomy":"product_brand","embeddable":true,"href":"https:\/\/www.edituraunmb.ro\/index.php?rest_route=%2Fwp%2Fv2%2Fproduct_brand&post=2428"},{"taxonomy":"product_cat","embeddable":true,"href":"https:\/\/www.edituraunmb.ro\/index.php?rest_route=%2Fwp%2Fv2%2Fproduct_cat&post=2428"},{"taxonomy":"product_tag","embeddable":true,"href":"https:\/\/www.edituraunmb.ro\/index.php?rest_route=%2Fwp%2Fv2%2Fproduct_tag&post=2428"}],"curies":[{"name":"wp","href":"https:\/\/api.w.org\/{rel}","templated":true}]}}