{"id":2432,"date":"2026-01-24T14:22:34","date_gmt":"2026-01-24T11:22:34","guid":{"rendered":"https:\/\/www.edituraunmb.ro\/?post_type=product&#038;p=2432"},"modified":"2026-04-24T10:52:39","modified_gmt":"2026-04-24T07:52:39","slug":"friends-encore","status":"publish","type":"product","link":"https:\/\/www.edituraunmb.ro\/?product=friends-encore","title":{"rendered":"Friends. Encore"},"content":{"rendered":"<p class=\"noindent\">Dup\u0103 succesul primei edi\u021bii, turneul european FRIENDS. ENCORE revine \u00een 2025 cu o serie de concerte dedicate bisurilor contemporane rom\u00e2ne\u0219ti \u2013 acele miniaturi muzicale pline de farmec, oferite publicului la finalul recitalurilor ca gest de apropiere \u0219i dialog \u00eentre scen\u0103 \u0219i sal\u0103. \u00cen aceast\u0103 edi\u021bie, patru piani\u0219ti de renume \u2013 Adriana Toacsen, Horia Maxim, Loreta Porumbescu \u0219i Oana Zamfir \u2013 vor purta publicul din Viena, Chi\u0219in\u0103u \u0219i Bruxelles \u00eentr-o c\u0103l\u0103torie sonor\u0103 inedit\u0103, prezent\u00e2nd opt lucr\u0103ri de bis \u00een prim\u0103 audi\u021bie, semnate de compozitori rom\u00e2ni contemporani. (<a href=\"http:\/\/encoremusic.ro\">http:\/\/encoremusic.ro<\/a>)<\/p>\n<h6>Sebastian Androne-Nakanishi, <em>Lip of fate<\/em><br \/>\nCristian Bence-Muk, <em>Schizophrenia<\/em><br \/>\nC\u0103t\u0103lin Cre\u021bu, <em>Mechanism 4.<\/em> <em>Pendulum<\/em><br \/>\nDan Dediu, <em>Le vent de Transylvanie<\/em><br \/>\nGabriel M\u0103l\u0103ncioiu, <em>Typoncello<\/em><br \/>\n\u015eerban Marcu, <em>Mirror spiders<\/em><br \/>\nGeorge-loan P\u0103i\u0219, <em>Interfon stricat<\/em><br \/>\nIrina Pernes, <em>Old Women Falling Out<\/em><br \/>\nAndrei Petrache, <em>Vertij<\/em><br \/>\nAndrei Virgil Popescu, <em>Allemande \u00e0 la Chopin<\/em><br \/>\nDiana Rotaru, <em>Debumessquisse<\/em><br \/>\nRubin Szab\u00f3 B\u00e1zsa Lov\u00e1sz, <em>Malneirophrenia<\/em><br \/>\nSabina Ulubeanu, <em>Sturm und Drang<\/em><br \/>\nOana Vardianu, <em>Danse orientale<\/em><\/h6>\n","protected":false},"excerpt":{"rendered":"<p>Edi\u021bie \u00eengrijit\u0103 de Adriana Toacsen-Ponta<\/p>\n<p class=\"noindent\"><a href=\"http:\/\/encoremusic.ro\">http:\/\/encoremusic.ro<\/a><\/p>\n<p> <a href=\"https:\/\/www.edituraunmb.ro\/?product=friends-encore\" style=\"padding-left:10px;\">Mai multe detalii<\/a><\/p>\n","protected":false},"featured_media":2434,"comment_status":"closed","ping_status":"closed","template":"","meta":{"_acf_changed":false},"product_brand":[],"product_cat":[1038],"product_tag":[938,835,93],"class_list":{"0":"post-2432","1":"product","2":"type-product","3":"status-publish","4":"has-post-thumbnail","6":"product_cat-1038","7":"product_tag-bis","8":"product_tag-muzica-contemporana","9":"product_tag-pian","10":"p_author-andrei-petrache","11":"p_author-andrei-virgil-popescu","12":"p_author-catalin-cretu","13":"p_author-cristian-bence-muk","14":"p_author-dan-dediu","15":"p_author-diana-rotaru","16":"p_author-gabriel-malancioiu","17":"p_author-george-ioan-pais","18":"p_author-irina-pernes","19":"p_author-oana-vardianu","20":"p_author-rubin-szabo-bazsa-lovasz","21":"p_author-sabina-ulubeanu","22":"p_author-sebastian-androne-nakanishi","23":"p_author-serban-marcu","24":"t_lucrare-partitura","26":"first","27":"instock","28":"shipping-taxable","29":"product-type-simple"},"acf":[],"_links":{"self":[{"href":"https:\/\/www.edituraunmb.ro\/index.php?rest_route=\/wp\/v2\/product\/2432","targetHints":{"allow":["GET"]}}],"collection":[{"href":"https:\/\/www.edituraunmb.ro\/index.php?rest_route=\/wp\/v2\/product"}],"about":[{"href":"https:\/\/www.edituraunmb.ro\/index.php?rest_route=\/wp\/v2\/types\/product"}],"replies":[{"embeddable":true,"href":"https:\/\/www.edituraunmb.ro\/index.php?rest_route=%2Fwp%2Fv2%2Fcomments&post=2432"}],"wp:featuredmedia":[{"embeddable":true,"href":"https:\/\/www.edituraunmb.ro\/index.php?rest_route=\/wp\/v2\/media\/2434"}],"wp:attachment":[{"href":"https:\/\/www.edituraunmb.ro\/index.php?rest_route=%2Fwp%2Fv2%2Fmedia&parent=2432"}],"wp:term":[{"taxonomy":"product_brand","embeddable":true,"href":"https:\/\/www.edituraunmb.ro\/index.php?rest_route=%2Fwp%2Fv2%2Fproduct_brand&post=2432"},{"taxonomy":"product_cat","embeddable":true,"href":"https:\/\/www.edituraunmb.ro\/index.php?rest_route=%2Fwp%2Fv2%2Fproduct_cat&post=2432"},{"taxonomy":"product_tag","embeddable":true,"href":"https:\/\/www.edituraunmb.ro\/index.php?rest_route=%2Fwp%2Fv2%2Fproduct_tag&post=2432"}],"curies":[{"name":"wp","href":"https:\/\/api.w.org\/{rel}","templated":true}]}}