{"id":2438,"date":"2024-12-22T10:08:38","date_gmt":"2024-12-22T07:08:38","guid":{"rendered":"https:\/\/www.edituraunmb.ro\/?post_type=product&#038;p=2438"},"modified":"2026-04-24T10:49:47","modified_gmt":"2026-04-24T07:49:47","slug":"noul-doxastar-i-2","status":"publish","type":"product","link":"https:\/\/www.edituraunmb.ro\/?product=noul-doxastar-i-2","title":{"rendered":"Noul Doxastar (I)"},"content":{"rendered":"<h6>Cu aceast\u0103 nou\u0103 edi\u021bie este \u00eencredin\u021bat tiparului <em>Noul Doxastar, pref\u0103cut \u00een rom\u00e2ne\u0219te dup\u0103 metodul vechi al Serdarului Dionisie Fotino<\/em>, tip\u0103rit de Anton Pann la Bucure\u0219ti, \u00een trei volume, ap\u0103rute la doisprezece ani distan\u021b\u0103 (primul \u00een 1841 \u0219i celelalte dou\u0103 \u00een 1853).<\/h6>\n<h6><em>Doxastarul<\/em> reprezint\u0103 o prelungire \u0219i o deriva\u021bie relativ nou\u0103 a <em>Stihirarului<\/em>, care s-a impus \u00een r\u00e2ndul c\u0103r\u021bilor de c\u00e2nt\u0103ri bizantine ale Bisericii Ortodoxe t\u00e2rziu, doar de la \u00eenceputul sec. al XIX-lea, dup\u0103 Reforma Noii Metode. Numele generic dat stihirilor cuprinse \u00een acest tip codicologic, <em>\u0394\u03bf\u03be\u03b1\u03c3\u03c4\u03b9\u03ba\u03cc\u03bd<\/em>, deriv\u0103 de la <em>\u0394\u03cc\u03be\u03b1 \u03a0\u03b1\u03c4\u03c1\u1f76 \u03ba\u03b1\u1f76 \u03a5\u1f31\u1ff7 \u03ba\u03b1\u1f76 \u1f09\u03b3\u03af\u1ff3 \u03a0\u03bd\u03b5\u03cd\u03bc\u03b1\u03c4\u03b9<\/em> (<em>Slav\u0103 Tat\u0103lui \u0219i Fiului \u0219i Sf\u00e2ntului Duh<\/em>). Acestea sunt grupate de obicei \u00eemperecheat cu stihiri care sunt precedate de <em>\u039a\u03b1\u1f76 \u03bd\u1fe6\u03bd \u03ba\u03b1\u1f76 \u1f00\u03b5\u1f76 \u03ba\u03b1\u1f76 \u03b5\u1f30\u03c2 \u03c4\u03bf\u1f7a\u03c2 \u03b1\u1f30\u1ff6\u03bd\u03b1\u03c2 \u03c4\u1ff6\u03bd \u03b1\u1f30\u03ce\u03bd\u03c9\u03bd. \u1f08\u03bc\u03ae\u03bd <\/em>(<em>\u0218i acum \u0219i pururea \u0219i \u00een vecii vecilor. Amin<\/em>) \u0219i semnific\u0103 situarea acestora la sf\u00e2r\u0219itul seriilor de stihiri din momentele importante ale Vecerniei, Utreniei sau ale Dumnezeie\u0219tii Liturghii. \u00cent\u00e2lnim, \u00een acest context, Slave la Vecernie, la Litie, la Stihoavn\u0103, la Laude, la Fericiri. Imnografia bizantin\u0103 a acordat semnifica\u021bii teologice deosebite acestor stihiri care sunt adresate fie Sfintei Treimi (Triadikon), fie \u00cenvierii (Apolytikia anastasima) fie Maicii Domnului (Theotokion \u0219i\/sau Dogmatikon) sau Sfintei Cruci. Aceste stihiri, numite \u0219i automele (<em>\u03b1\u1f50\u03c4\u03cc\u03bc\u03b5\u03bb\u03bf\u03bd<\/em>), idiomele (<em>\u1f30\u03b4\u03b9\u03cc\u03bc\u03b5\u03bb\u03bf\u03bd<\/em>) sau prosomii (<em>\u03c0\u03c1\u03bf\u03c3\u03cc\u03bc\u03b9\u03bf\u03bd<\/em>), reprezint\u0103 melodii tip \u0219i sunt piese independente compuse \u00een toate ehurile. Doxastarul urmeaz\u0103 \u00eentocmai structura imnografic\u0103 a Stihirarului, respect\u00e2nd ordonarea c\u00e2nt\u0103rilor \u00een func\u021bie de cronologia anului liturgic, \u00eencep\u00e2nd cu 1 septembrie; dou\u0103 sec\u021biuni aparte sunt dedicate celor dou\u0103 perioade fundamentale pentru cultul Bisericii Ortodoxe, legate de Sfintele Pa\u0219ti: perioada Triodului \u0219i cea a Penticostarului.<\/h6>\n<h6>(Dr. Constantin Secar\u0103)<\/h6>\n","protected":false},"excerpt":{"rendered":"<h5>Exighisit, rom\u00e2nit \u0219i ad\u0103ugit de Anton Pann<\/h5>\n<h5><\/h5>\n<h5>\u00cengrijire edi\u021bie:<\/h5>\n<h5>prof. univ. dr. habil. Nicolae Gheorghi\u021b\u0103<\/h5>\n<h5>cs III dr. C\u0103t\u0103lin Cern\u0103tescu<\/h5>\n<p> <a href=\"https:\/\/www.edituraunmb.ro\/?product=noul-doxastar-i-2\" style=\"padding-left:10px;\">Mai multe detalii<\/a><\/p>\n","protected":false},"featured_media":2439,"comment_status":"closed","ping_status":"closed","template":"","meta":{"_acf_changed":false},"product_brand":[],"product_cat":[1004],"product_tag":[839,629],"class_list":{"0":"post-2438","1":"product","2":"type-product","3":"status-publish","4":"has-post-thumbnail","6":"product_cat-1004","7":"product_tag-bizantinologie","8":"product_tag-muzica-bisericeasca","9":"p_author-dionisie-fotino","10":"t_lucrare-partitura","12":"first","13":"instock","14":"shipping-taxable","15":"product-type-simple"},"acf":[],"_links":{"self":[{"href":"https:\/\/www.edituraunmb.ro\/index.php?rest_route=\/wp\/v2\/product\/2438","targetHints":{"allow":["GET"]}}],"collection":[{"href":"https:\/\/www.edituraunmb.ro\/index.php?rest_route=\/wp\/v2\/product"}],"about":[{"href":"https:\/\/www.edituraunmb.ro\/index.php?rest_route=\/wp\/v2\/types\/product"}],"replies":[{"embeddable":true,"href":"https:\/\/www.edituraunmb.ro\/index.php?rest_route=%2Fwp%2Fv2%2Fcomments&post=2438"}],"wp:featuredmedia":[{"embeddable":true,"href":"https:\/\/www.edituraunmb.ro\/index.php?rest_route=\/wp\/v2\/media\/2439"}],"wp:attachment":[{"href":"https:\/\/www.edituraunmb.ro\/index.php?rest_route=%2Fwp%2Fv2%2Fmedia&parent=2438"}],"wp:term":[{"taxonomy":"product_brand","embeddable":true,"href":"https:\/\/www.edituraunmb.ro\/index.php?rest_route=%2Fwp%2Fv2%2Fproduct_brand&post=2438"},{"taxonomy":"product_cat","embeddable":true,"href":"https:\/\/www.edituraunmb.ro\/index.php?rest_route=%2Fwp%2Fv2%2Fproduct_cat&post=2438"},{"taxonomy":"product_tag","embeddable":true,"href":"https:\/\/www.edituraunmb.ro\/index.php?rest_route=%2Fwp%2Fv2%2Fproduct_tag&post=2438"}],"curies":[{"name":"wp","href":"https:\/\/api.w.org\/{rel}","templated":true}]}}