{"id":2441,"date":"2025-12-22T10:26:46","date_gmt":"2025-12-22T07:26:46","guid":{"rendered":"https:\/\/www.edituraunmb.ro\/?post_type=product&#038;p=2441"},"modified":"2026-04-24T10:37:33","modified_gmt":"2026-04-24T07:37:33","slug":"calofonicon-cules-si-adaugit-de-athanasie-iordanescu","status":"publish","type":"product","link":"https:\/\/www.edituraunmb.ro\/?product=calofonicon-cules-si-adaugit-de-athanasie-iordanescu","title":{"rendered":"Calofonicon, cules \u0219i ad\u0103ugit de Athanasie Iord\u0103nescu"},"content":{"rendered":"<h6>Definitivat in 1833 la M\u0103n\u0103stirea Neam\u021b,<em>lrmologhionul Calofonicon<\/em>, tradus pentru prima dat\u0103 \u00een limba rom\u00e2n\u0103 \u0219i augmentat cu compozi\u021bii proprii de Cuviosul Macarie Protopsaltul (1763-1836), a suscitat interesul multor cunosc\u0103tori ai muzicii de tradi\u021bie bizantina \u00een ultimele doua veacuri. Unul dintre ace\u0219tia este psaltul Athanasie Iordanescu (1871-1937), devenit ulterior ieromonahul Amfilohie. Fascina\u021bia sa pentru irmoasele calofonice s-a conturat \u00eenca din 1890, t\u00e2n\u0103rul Athanasie manifest\u00e2ndu-\u0219i precoce pasiunea pentru transcrierea \u0219i compunerea repertoriilor de muzica sacr\u0103.<\/h6>\n<h6>Lucrarea de fa\u021b\u0103 vede lumina tiparului, \u00een premier\u0103, \u00een cadrul proiectului ECOU (<em>Experien\u021be concertistice pentru ochi \u0219i urechi<\/em>), derulat de Asocia\u021bia REVIVART \u00een parteneriat cu Universitatea Na\u021bional\u0103 de Muzic\u0103 din Bucure\u0219ti \u0219i Centre for Nineteenth-Century Music Studies (CNCMS), cu sprijinul Administra\u021biei Fondului Cultural Na\u021bional (AFCN).<\/h6>\n<h6>(C\u0103t\u0103lin Cern\u0103tescu)<\/h6>\n","protected":false},"excerpt":{"rendered":"<h5>Cules \u015fi ad\u0103ugit de Athanasie Iord\u0103nescu<\/h5>\n<p>&nbsp;<\/p>\n<h5><\/h5>\n<h5>\u00cengrijire edi\u021bie<\/h5>\n<h5>prof. univ. dr. habil. Nicolae Gheorghi\u021b\u0103<\/h5>\n<h5>cs III dr. C\u0103t\u0103lin Cern\u0103tescu<\/h5>\n<p> <a href=\"https:\/\/www.edituraunmb.ro\/?product=calofonicon-cules-si-adaugit-de-athanasie-iordanescu\" style=\"padding-left:10px;\">Mai multe detalii<\/a><\/p>\n","protected":false},"featured_media":2443,"comment_status":"closed","ping_status":"closed","template":"","meta":{"_acf_changed":false},"product_brand":[],"product_cat":[1038],"product_tag":[839,629],"class_list":{"0":"post-2441","1":"product","2":"type-product","3":"status-publish","4":"has-post-thumbnail","6":"product_cat-1038","7":"product_tag-bizantinologie","8":"product_tag-muzica-bisericeasca","9":"p_author-macarie-ieromonahul","10":"t_lucrare-partitura","12":"first","13":"instock","14":"shipping-taxable","15":"product-type-simple"},"acf":[],"_links":{"self":[{"href":"https:\/\/www.edituraunmb.ro\/index.php?rest_route=\/wp\/v2\/product\/2441","targetHints":{"allow":["GET"]}}],"collection":[{"href":"https:\/\/www.edituraunmb.ro\/index.php?rest_route=\/wp\/v2\/product"}],"about":[{"href":"https:\/\/www.edituraunmb.ro\/index.php?rest_route=\/wp\/v2\/types\/product"}],"replies":[{"embeddable":true,"href":"https:\/\/www.edituraunmb.ro\/index.php?rest_route=%2Fwp%2Fv2%2Fcomments&post=2441"}],"wp:featuredmedia":[{"embeddable":true,"href":"https:\/\/www.edituraunmb.ro\/index.php?rest_route=\/wp\/v2\/media\/2443"}],"wp:attachment":[{"href":"https:\/\/www.edituraunmb.ro\/index.php?rest_route=%2Fwp%2Fv2%2Fmedia&parent=2441"}],"wp:term":[{"taxonomy":"product_brand","embeddable":true,"href":"https:\/\/www.edituraunmb.ro\/index.php?rest_route=%2Fwp%2Fv2%2Fproduct_brand&post=2441"},{"taxonomy":"product_cat","embeddable":true,"href":"https:\/\/www.edituraunmb.ro\/index.php?rest_route=%2Fwp%2Fv2%2Fproduct_cat&post=2441"},{"taxonomy":"product_tag","embeddable":true,"href":"https:\/\/www.edituraunmb.ro\/index.php?rest_route=%2Fwp%2Fv2%2Fproduct_tag&post=2441"}],"curies":[{"name":"wp","href":"https:\/\/api.w.org\/{rel}","templated":true}]}}