{"id":2444,"date":"2024-12-22T10:40:28","date_gmt":"2024-12-22T07:40:28","guid":{"rendered":"https:\/\/www.edituraunmb.ro\/?post_type=product&#038;p=2444"},"modified":"2026-04-24T10:47:39","modified_gmt":"2026-04-24T07:47:39","slug":"cantece-de-stea","status":"publish","type":"product","link":"https:\/\/www.edituraunmb.ro\/?product=cantece-de-stea","title":{"rendered":"C\u00e2ntece de stea"},"content":{"rendered":"<p>Comemorarea a 170 de ani de la moartea lui Anton Pann (1796\/7-1854) a fost marcat\u0103 de Editura Universit\u0103\u021bii Na\u021bionale de Muzic\u0103 din Bucure\u0219ti prin reeditarea a dou\u0103 volume cu nota\u021bie bizantin\u0103, publicate pentru prima dat\u0103 la Bucure\u0219ti, de celebrul protopsalt, \u00een prima jum\u0103tate a secolului al XIX-lea. \u00cen octombrie 2024 a fost retip\u0103rit \u00een condi\u021bii grafice excelente, \u00een cadrul proiectului cultural <em>PSALT<\/em> (<em>Psalmodie \u0219i sisteme alternative limbajului tonal<\/em>), tomul \u00eent\u00e2i al <em>Noului Doxastar<\/em> tradus de Pann dup\u0103 Dionisie Fotino (1777-1821). Culegerea de c\u00e2ntece de stea a protopsaltului vede \u0219i ea lumina tiparului \u00eentr-o nou\u0103 form\u0103, realiz\u00e2ndu-se astfel o ini\u021biativ\u0103 mai veche a editorilor acestei c\u0103r\u021bi.<\/p>\n","protected":false},"excerpt":{"rendered":"<h6 class=\"p1\">\u00cengrijire edi\u021bie<\/h6>\n<h6 class=\"p1\">Pr. Antonie Adrian OLAREAN<\/h6>\n<h6 class=\"p1\">Cercet\u0103tor \u0219tiin\u021bific III dr. C\u0103t\u0103lin CERN\u0102TESCU<\/h6>\n<p> <a href=\"https:\/\/www.edituraunmb.ro\/?product=cantece-de-stea\" style=\"padding-left:10px;\">Mai multe detalii<\/a><\/p>\n","protected":false},"featured_media":2445,"comment_status":"closed","ping_status":"closed","template":"","meta":{"_acf_changed":false},"product_brand":[],"product_cat":[1004],"product_tag":[839,629],"class_list":{"0":"post-2444","1":"product","2":"type-product","3":"status-publish","4":"has-post-thumbnail","6":"product_cat-1004","7":"product_tag-bizantinologie","8":"product_tag-muzica-bisericeasca","9":"p_author-anton-pann","10":"t_lucrare-partitura","12":"first","13":"instock","14":"shipping-taxable","15":"product-type-simple"},"acf":[],"_links":{"self":[{"href":"https:\/\/www.edituraunmb.ro\/index.php?rest_route=\/wp\/v2\/product\/2444","targetHints":{"allow":["GET"]}}],"collection":[{"href":"https:\/\/www.edituraunmb.ro\/index.php?rest_route=\/wp\/v2\/product"}],"about":[{"href":"https:\/\/www.edituraunmb.ro\/index.php?rest_route=\/wp\/v2\/types\/product"}],"replies":[{"embeddable":true,"href":"https:\/\/www.edituraunmb.ro\/index.php?rest_route=%2Fwp%2Fv2%2Fcomments&post=2444"}],"wp:featuredmedia":[{"embeddable":true,"href":"https:\/\/www.edituraunmb.ro\/index.php?rest_route=\/wp\/v2\/media\/2445"}],"wp:attachment":[{"href":"https:\/\/www.edituraunmb.ro\/index.php?rest_route=%2Fwp%2Fv2%2Fmedia&parent=2444"}],"wp:term":[{"taxonomy":"product_brand","embeddable":true,"href":"https:\/\/www.edituraunmb.ro\/index.php?rest_route=%2Fwp%2Fv2%2Fproduct_brand&post=2444"},{"taxonomy":"product_cat","embeddable":true,"href":"https:\/\/www.edituraunmb.ro\/index.php?rest_route=%2Fwp%2Fv2%2Fproduct_cat&post=2444"},{"taxonomy":"product_tag","embeddable":true,"href":"https:\/\/www.edituraunmb.ro\/index.php?rest_route=%2Fwp%2Fv2%2Fproduct_tag&post=2444"}],"curies":[{"name":"wp","href":"https:\/\/api.w.org\/{rel}","templated":true}]}}