{"id":257,"date":"2015-08-10T14:53:31","date_gmt":"2015-08-10T14:53:31","guid":{"rendered":"http:\/\/www.edituraunmb.ro\/?post_type=product&#038;p=257"},"modified":"2015-08-10T14:53:31","modified_gmt":"2015-08-10T14:53:31","slug":"simbioze-camerale-in-secolul-al-xx-lea","status":"publish","type":"product","link":"https:\/\/www.edituraunmb.ro\/?product=simbioze-camerale-in-secolul-al-xx-lea","title":{"rendered":"Simbioze camerale \u00een secolul al XX-lea"},"content":{"rendered":"<p>\u201eDintre Sonatele pentru pian \u015fi violoncel ale primei jum\u0103t\u0103\u0163i de secol XX, trei lucr\u0103ri sunt muzici drage mie; ele reprezint\u0103 deasemenea repere stilistice ale lumii muzicale din acea perioad\u0103. Impresionismul delicat al lui Claude Debussy, de o rar\u0103 frumuse\u0163e, ne introduce \u00eentr-o lume de basm pl\u0103smuit\u0103 prin sugestiile programatice ale fiec\u0103rei p\u0103r\u0163i. Viziunea artistic\u0103 a lui George Enescu despre ethos-ul muzical este descris\u0103 \u00een Sonata a doua pentru pian \u015fi violoncel. Reveria \u015fi dorul sunt elementele filozofice dominante, ca posibilit\u0103\u0163i virtuale de evadare din cotidian \u00eentr-un univers propriu sensibilit\u0103\u0163ii artistului. Bohusl\u00e0v Martin\u016f este un c\u0103l\u0103tor f\u0103r\u0103 grani\u0163e, un r\u0103t\u0103citor prin toate culturile Europei \u015fi Americii, cu ad\u00e2nci r\u0103d\u0103cini \u00een fondul muzical al folclorului ceh. Mozaicul artistic &#8211; muzical al primei Sonate pentru pian \u015fi violoncel descrie \u00een mod inspirat explozia de inedit, de nou \u00een lumea interioar\u0103 a artistului, generat\u0103 de combinarea ingenioas\u0103 a intona\u0163iilor europene \u015fi extra-europene.\u201d (Andreea Butnaru)<\/p>\n","protected":false},"excerpt":{"rendered":"<p>\u201eDintre Sonatele pentru pian \u015fi violoncel ale primei jum\u0103t\u0103\u0163i de secol XX, trei lucr\u0103ri sunt muzici drage mie; ele reprezint\u0103 deasemenea repere stilistice ale lumii muzicale din acea perioad\u0103. Impresionismul delicat al lui Claude Debussy, de o rar\u0103 frumuse\u0163e, ne &hellip; <a href=\"https:\/\/www.edituraunmb.ro\/?product=simbioze-camerale-in-secolul-al-xx-lea\" style=\"padding-left:10px;\">Mai multe detalii<\/a><\/p>\n","protected":false},"featured_media":258,"comment_status":"open","ping_status":"closed","template":"","meta":{"_acf_changed":false},"product_brand":[],"product_cat":[30],"product_tag":[92,91,90,89,93,94],"class_list":{"0":"post-257","1":"product","2":"type-product","3":"status-publish","4":"has-post-thumbnail","6":"product_cat-30","7":"product_tag-bohuslav-martinu","8":"product_tag-claude-debussy","9":"product_tag-george-enescu","10":"product_tag-muzica-de-camera","11":"product_tag-pian","12":"product_tag-violoncel","13":"p_author-andreea-butnaru","14":"t_lucrare-carte","16":"first","17":"instock","18":"shipping-taxable","19":"product-type-simple"},"acf":[],"_links":{"self":[{"href":"https:\/\/www.edituraunmb.ro\/index.php?rest_route=\/wp\/v2\/product\/257","targetHints":{"allow":["GET"]}}],"collection":[{"href":"https:\/\/www.edituraunmb.ro\/index.php?rest_route=\/wp\/v2\/product"}],"about":[{"href":"https:\/\/www.edituraunmb.ro\/index.php?rest_route=\/wp\/v2\/types\/product"}],"replies":[{"embeddable":true,"href":"https:\/\/www.edituraunmb.ro\/index.php?rest_route=%2Fwp%2Fv2%2Fcomments&post=257"}],"wp:featuredmedia":[{"embeddable":true,"href":"https:\/\/www.edituraunmb.ro\/index.php?rest_route=\/wp\/v2\/media\/258"}],"wp:attachment":[{"href":"https:\/\/www.edituraunmb.ro\/index.php?rest_route=%2Fwp%2Fv2%2Fmedia&parent=257"}],"wp:term":[{"taxonomy":"product_brand","embeddable":true,"href":"https:\/\/www.edituraunmb.ro\/index.php?rest_route=%2Fwp%2Fv2%2Fproduct_brand&post=257"},{"taxonomy":"product_cat","embeddable":true,"href":"https:\/\/www.edituraunmb.ro\/index.php?rest_route=%2Fwp%2Fv2%2Fproduct_cat&post=257"},{"taxonomy":"product_tag","embeddable":true,"href":"https:\/\/www.edituraunmb.ro\/index.php?rest_route=%2Fwp%2Fv2%2Fproduct_tag&post=257"}],"curies":[{"name":"wp","href":"https:\/\/api.w.org\/{rel}","templated":true}]}}