{"id":272,"date":"2015-08-10T14:52:02","date_gmt":"2015-08-10T14:52:02","guid":{"rendered":"http:\/\/www.edituraunmb.ro\/?post_type=product&#038;p=272"},"modified":"2015-08-10T14:52:02","modified_gmt":"2015-08-10T14:52:02","slug":"vrei-sa-fii-profesor-de-pian","status":"publish","type":"product","link":"https:\/\/www.edituraunmb.ro\/?product=vrei-sa-fii-profesor-de-pian","title":{"rendered":"Vrei s\u0103 fii profesor de pian?"},"content":{"rendered":"<p>\u201eDrag\u0103 prietene t\u00e2n\u0103r,<br \/>\nLa ora op\u0163iunii pentru carier\u0103 te afli \u00een fa\u0163a uneia dintre \u00eentreb\u0103rile grave din via\u0163a ta. Ai str\u0103b\u0103tut cel pu\u0163in 14 ani de studiu intens la pian. \u0162i-ai dorit sau \u00ee\u0163i dore\u015fti \u00een continuare s\u0103 devii un bun instrumentist concertist. Pe parcursul anilor de \u015fcoal\u0103 \u015fi de facultate ai avut ca sprijin \u015fi model pe profesorul sau profesoara ta de pian. \u00cen fiecare etap\u0103 a cre\u015fterii tale a\u0163i format o echip\u0103, preg\u0103tind \u00eempreun\u0103 examene, concerte, competi\u0163ii, momente de neuitat din anii de \u015fcoal\u0103. A\u0163i marcat \u00eempreun\u0103 succese \u015fi a\u0163i tr\u0103it e\u015fecuri din care v-a\u0163i ridicat printr-un efort de voin\u0163\u0103 comun. Ai absolvit sau e\u015fti pe cale s\u0103-\u0163i finalizezi studiile superioare muzicale. Te sim\u0163i atras c\u0103tre cariera de profesor? \u00ce\u0163i dore\u015fti cu adev\u0103rat s\u0103 lucrezi cu copiii, \u00eenv\u0103\u0163\u00e2ndu-i s\u0103 c\u00e2nte la pian \u015fi \u00een acela\u015fi timp ajut\u00e2ndu-i s\u0103 se formeze ca oameni? Crezi \u015fi sim\u0163i c\u0103 a venit momentul s\u0103 d\u0103rui \u015fi tu din timp, din energie, din via\u0163a ta pentru cei mici, a\u015fa cum au f\u0103cut mentorii pentru tine? Dac\u0103 g\u0103se\u015fti r\u0103spunsuri pozitive la toate acestea, dac\u0103 r\u0103spunsurile se \u00eempac\u0103 \u00eentr-un fel anume cu r\u0103spunsul general la \u00eentrebarea \u201eCe am de g\u00e2nd s\u0103 fac cu via\u0163a mea?\u201d, atunci apuc\u0103-te de lucru. \u00cen timpul studiilor universitare s-au pus bazele form\u0103rii tale ini\u0163iale ca profesor de instrument. De acum, angaj\u00e2ndu-te pe drumul \u015fcolii, te vei afla permanent \u00een situa\u0163ia de a \u00eenv\u0103\u0163a pentru autoperfec\u0163ionare. Practica zilnic\u0103 din clas\u0103, propria ta via\u0163\u0103 social\u0103 \u00ee\u0163i vor fi cel mai bun stimulent \u015fi \u00eenv\u0103\u0163\u0103tor. Practica aceasta va trebui s\u0103 fie mereu luminat\u0103 de cunoa\u015fterea teoretic\u0103, pentru a se \u00eemplini cu adev\u0103rat. Iat\u0103 de ce, cu g\u00e2ndul la nevoia ta de a te instrui mereu, am redactat aceast\u0103 carte, care s\u0103 te \u00eenso\u0163easc\u0103, fiindu-\u0163i prieten \u015fi consultant de specialitate. Reflecteaz\u0103 cu aten\u0163ie \u015fi seriozitate la toate cele prezentate aici, c\u0103ci sunt problemele de fond cu care te confrun\u0163i permanent. Dezbaterea lor \u00ee\u0163i va da sentimentul c\u0103 nu e\u015fti singur \u00een fa\u0163a greut\u0103\u0163ilor de tot felul. Explica\u0163iile, solu\u0163iile, op\u0163iunile pe care \u0163i le prezint vin din sinteza unei experien\u0163e de multe zeci de ani, a mea \u015fi a colegilor mei, membri ai comunit\u0103\u0163ii profesorilor de pian. S-ar putea ca tu, cu sufletul \u015fi mintea tinere, s\u0103 g\u0103se\u015fti solu\u0163ii mai potrivite pentru una sau alta dintre probleme. Nu te sfii, aplic\u0103-le cu \u00eencredere \u015fi fii m\u00e2ndru de tine dac\u0103 au fost \u00eencununate de succes. \u00ce\u0163i doresc reu\u015fit\u0103 deplin\u0103. De asemenea \u00ee\u0163i urez ca pe tot parcursul carierei tale s\u0103 tr\u0103ie\u015fti fericirea de a practica profesiunea pentru care te sim\u0163i chemat cu adev\u0103rat.\u201d (Lavinia Coman)<\/p>\n","protected":false},"excerpt":{"rendered":"<p>\u201eDrag\u0103 prietene t\u00e2n\u0103r, La ora op\u0163iunii pentru carier\u0103 te afli \u00een fa\u0163a uneia dintre \u00eentreb\u0103rile grave din via\u0163a ta. Ai str\u0103b\u0103tut cel pu\u0163in 14 ani de studiu intens la pian. \u0162i-ai dorit sau \u00ee\u0163i dore\u015fti \u00een continuare s\u0103 devii un &hellip; <a href=\"https:\/\/www.edituraunmb.ro\/?product=vrei-sa-fii-profesor-de-pian\" style=\"padding-left:10px;\">Mai multe detalii<\/a><\/p>\n","protected":false},"featured_media":273,"comment_status":"open","ping_status":"closed","template":"","meta":{"_acf_changed":false},"product_brand":[],"product_cat":[102],"product_tag":[101,93,105],"class_list":{"0":"post-272","1":"product","2":"type-product","3":"status-publish","4":"has-post-thumbnail","6":"product_cat-102","7":"product_tag-pedagogie","8":"product_tag-pian","9":"product_tag-profesor-pian","10":"p_author-lavinia-coman","11":"t_lucrare-carte","13":"first","14":"instock","15":"shipping-taxable","16":"product-type-simple"},"acf":[],"_links":{"self":[{"href":"https:\/\/www.edituraunmb.ro\/index.php?rest_route=\/wp\/v2\/product\/272","targetHints":{"allow":["GET"]}}],"collection":[{"href":"https:\/\/www.edituraunmb.ro\/index.php?rest_route=\/wp\/v2\/product"}],"about":[{"href":"https:\/\/www.edituraunmb.ro\/index.php?rest_route=\/wp\/v2\/types\/product"}],"replies":[{"embeddable":true,"href":"https:\/\/www.edituraunmb.ro\/index.php?rest_route=%2Fwp%2Fv2%2Fcomments&post=272"}],"wp:featuredmedia":[{"embeddable":true,"href":"https:\/\/www.edituraunmb.ro\/index.php?rest_route=\/wp\/v2\/media\/273"}],"wp:attachment":[{"href":"https:\/\/www.edituraunmb.ro\/index.php?rest_route=%2Fwp%2Fv2%2Fmedia&parent=272"}],"wp:term":[{"taxonomy":"product_brand","embeddable":true,"href":"https:\/\/www.edituraunmb.ro\/index.php?rest_route=%2Fwp%2Fv2%2Fproduct_brand&post=272"},{"taxonomy":"product_cat","embeddable":true,"href":"https:\/\/www.edituraunmb.ro\/index.php?rest_route=%2Fwp%2Fv2%2Fproduct_cat&post=272"},{"taxonomy":"product_tag","embeddable":true,"href":"https:\/\/www.edituraunmb.ro\/index.php?rest_route=%2Fwp%2Fv2%2Fproduct_tag&post=272"}],"curies":[{"name":"wp","href":"https:\/\/api.w.org\/{rel}","templated":true}]}}