{"id":276,"date":"2015-08-10T14:51:45","date_gmt":"2015-08-10T14:51:45","guid":{"rendered":"http:\/\/www.edituraunmb.ro\/?post_type=product&#038;p=276"},"modified":"2015-08-10T14:51:45","modified_gmt":"2015-08-10T14:51:45","slug":"de-la-sunetul-sinus-la-anatomia-umbrei-perspective-tehnologice-in-muzica-noua","status":"publish","type":"product","link":"https:\/\/www.edituraunmb.ro\/?product=de-la-sunetul-sinus-la-anatomia-umbrei-perspective-tehnologice-in-muzica-noua","title":{"rendered":"De la sunetul sinus la anatomia umbrei. Perspective tehnologice \u00een muzica nou\u0103"},"content":{"rendered":"<p><em>\u201eDe la sunetul sinus la anatomia umbrei (Perspective tehnologice \u00een muzica nou\u0103)<\/em> de C\u0103t\u0103lin Cre\u021bu are ca tem\u0103 central\u0103 de interes implicarea noilor tehnologii \u00een muzic\u0103. Pornind de la modelul teoretic <em>perspective spa\u021biale \u00een g\u00e2ndirea muzical\u0103<\/em>, autorul prezint\u0103 pe \u00eentreg parcursul lucr\u0103rii \u2013 cu exemplific\u0103ri din propria crea\u021bie \u2013 diverse modalit\u0103\u021bi de abordare a fenomenelor muzicale contemporane din perspectiv\u0103 tehnologic\u0103: live electronics, compozi\u021bia algoritmic\u0103, procese generate prin intermediul senzorilor, interac\u021biuni audio-vizuale.\u201d (C\u0103t\u0103lin Cre\u021bu)<\/p>\n","protected":false},"excerpt":{"rendered":"<p>\u201eDe la sunetul sinus la anatomia umbrei (Perspective tehnologice \u00een muzica nou\u0103) de C\u0103t\u0103lin Cre\u021bu are ca tem\u0103 central\u0103 de interes implicarea noilor tehnologii \u00een muzic\u0103. Pornind de la modelul teoretic perspective spa\u021biale \u00een g\u00e2ndirea muzical\u0103, autorul prezint\u0103 pe \u00eentreg &hellip; <a href=\"https:\/\/www.edituraunmb.ro\/?product=de-la-sunetul-sinus-la-anatomia-umbrei-perspective-tehnologice-in-muzica-noua\" style=\"padding-left:10px;\">Mai multe detalii<\/a><\/p>\n","protected":false},"featured_media":280,"comment_status":"open","ping_status":"closed","template":"","meta":{"_acf_changed":false},"product_brand":[],"product_cat":[30],"product_tag":[],"class_list":{"0":"post-276","1":"product","2":"type-product","3":"status-publish","4":"has-post-thumbnail","6":"product_cat-30","7":"p_author-catalin-cretu","8":"t_lucrare-carte","10":"first","11":"instock","12":"shipping-taxable","13":"product-type-simple"},"acf":[],"_links":{"self":[{"href":"https:\/\/www.edituraunmb.ro\/index.php?rest_route=\/wp\/v2\/product\/276","targetHints":{"allow":["GET"]}}],"collection":[{"href":"https:\/\/www.edituraunmb.ro\/index.php?rest_route=\/wp\/v2\/product"}],"about":[{"href":"https:\/\/www.edituraunmb.ro\/index.php?rest_route=\/wp\/v2\/types\/product"}],"replies":[{"embeddable":true,"href":"https:\/\/www.edituraunmb.ro\/index.php?rest_route=%2Fwp%2Fv2%2Fcomments&post=276"}],"wp:featuredmedia":[{"embeddable":true,"href":"https:\/\/www.edituraunmb.ro\/index.php?rest_route=\/wp\/v2\/media\/280"}],"wp:attachment":[{"href":"https:\/\/www.edituraunmb.ro\/index.php?rest_route=%2Fwp%2Fv2%2Fmedia&parent=276"}],"wp:term":[{"taxonomy":"product_brand","embeddable":true,"href":"https:\/\/www.edituraunmb.ro\/index.php?rest_route=%2Fwp%2Fv2%2Fproduct_brand&post=276"},{"taxonomy":"product_cat","embeddable":true,"href":"https:\/\/www.edituraunmb.ro\/index.php?rest_route=%2Fwp%2Fv2%2Fproduct_cat&post=276"},{"taxonomy":"product_tag","embeddable":true,"href":"https:\/\/www.edituraunmb.ro\/index.php?rest_route=%2Fwp%2Fv2%2Fproduct_tag&post=276"}],"curies":[{"name":"wp","href":"https:\/\/api.w.org\/{rel}","templated":true}]}}