{"id":285,"date":"2015-08-06T17:39:07","date_gmt":"2015-08-06T17:39:07","guid":{"rendered":"http:\/\/www.edituraunmb.ro\/?post_type=product&#038;p=285"},"modified":"2015-08-10T14:51:10","modified_gmt":"2015-08-10T14:51:10","slug":"8-simfonii-si-un-poem","status":"publish","type":"product","link":"https:\/\/www.edituraunmb.ro\/?product=8-simfonii-si-un-poem","title":{"rendered":"8 Simfonii \u0219i un poem"},"content":{"rendered":"<p>\u201eCred c\u0103 grupul simfoniilor constituie partea cea mai substan\u0163ial\u0103 a produc\u0163iei mele muzicale. Pentru acest motiv am decis s\u0103 scriu un studiu asupra acestor lucr\u0103ri, un studiu care din c\u00e2nd \u00een c\u00e2nd va \u00eembr\u0103ca \u015fi caracterul de confesiune \u2013 de pild\u0103 asupra ideilor de con\u0163inut sau a circumstan\u0163elor elabor\u0103rii -, dar care \u2013 \u00een esen\u0163\u0103 \u2013 va \u00eencerca s\u0103 fie c\u00e2t se poate de obiectiv, ne-elud\u00e2nd punctele de vedere tehnice. B\u0103nuiesc chiar c\u0103, f\u0103r\u0103 detalierea acestora, ultimele mele 4-5 lucr\u0103ri \u00een acest gen risc\u0103 s\u0103 fie de ne\u00een\u0163eles.\u201d (Pascal Bentoiu)<\/p>\n","protected":false},"excerpt":{"rendered":"<p>\u201eCred c\u0103 grupul simfoniilor constituie partea cea mai substan\u0163ial\u0103 a produc\u0163iei mele muzicale. Pentru acest motiv am decis s\u0103 scriu un studiu asupra acestor lucr\u0103ri, un studiu care din c\u00e2nd \u00een c\u00e2nd va \u00eembr\u0103ca \u015fi caracterul de confesiune \u2013 de &hellip; <a href=\"https:\/\/www.edituraunmb.ro\/?product=8-simfonii-si-un-poem\" style=\"padding-left:10px;\">Mai multe detalii<\/a><\/p>\n","protected":false},"featured_media":286,"comment_status":"open","ping_status":"closed","template":"","meta":{"_acf_changed":false},"product_brand":[],"product_cat":[102],"product_tag":[113,110,112],"class_list":{"0":"post-285","1":"product","2":"type-product","3":"status-publish","4":"has-post-thumbnail","6":"product_cat-102","7":"product_tag-muzica-romaneasca","8":"product_tag-pascal-bentoiu","9":"product_tag-simfonii","10":"p_author-pascal-bentoiu","11":"t_lucrare-carte","13":"first","14":"instock","15":"shipping-taxable","16":"product-type-simple"},"acf":[],"_links":{"self":[{"href":"https:\/\/www.edituraunmb.ro\/index.php?rest_route=\/wp\/v2\/product\/285","targetHints":{"allow":["GET"]}}],"collection":[{"href":"https:\/\/www.edituraunmb.ro\/index.php?rest_route=\/wp\/v2\/product"}],"about":[{"href":"https:\/\/www.edituraunmb.ro\/index.php?rest_route=\/wp\/v2\/types\/product"}],"replies":[{"embeddable":true,"href":"https:\/\/www.edituraunmb.ro\/index.php?rest_route=%2Fwp%2Fv2%2Fcomments&post=285"}],"wp:featuredmedia":[{"embeddable":true,"href":"https:\/\/www.edituraunmb.ro\/index.php?rest_route=\/wp\/v2\/media\/286"}],"wp:attachment":[{"href":"https:\/\/www.edituraunmb.ro\/index.php?rest_route=%2Fwp%2Fv2%2Fmedia&parent=285"}],"wp:term":[{"taxonomy":"product_brand","embeddable":true,"href":"https:\/\/www.edituraunmb.ro\/index.php?rest_route=%2Fwp%2Fv2%2Fproduct_brand&post=285"},{"taxonomy":"product_cat","embeddable":true,"href":"https:\/\/www.edituraunmb.ro\/index.php?rest_route=%2Fwp%2Fv2%2Fproduct_cat&post=285"},{"taxonomy":"product_tag","embeddable":true,"href":"https:\/\/www.edituraunmb.ro\/index.php?rest_route=%2Fwp%2Fv2%2Fproduct_tag&post=285"}],"curies":[{"name":"wp","href":"https:\/\/api.w.org\/{rel}","templated":true}]}}