{"id":696,"date":"2015-08-10T14:50:23","date_gmt":"2015-08-10T14:50:23","guid":{"rendered":"http:\/\/www.edituraunmb.ro\/?post_type=product&#038;p=696"},"modified":"2017-04-10T13:08:52","modified_gmt":"2017-04-10T13:08:52","slug":"akademos-22009-sub-lupa-creativitatii-interpretative","status":"publish","type":"product","link":"https:\/\/www.edituraunmb.ro\/?product=akademos-22009-sub-lupa-creativitatii-interpretative","title":{"rendered":"Akademos 2\/2009. Sub lupa creativit\u0103\u021bii interpretative"},"content":{"rendered":"<p>&#8222;Num\u0103rul 2 al revistei Akademos prezint\u0103 \u00een paginile sale aspecte ale muncii de cercetare interpretativ\u0103 \u00eentreprinse de profesorii Facult\u0103\u021bii de Interpretare Muzical\u0103 din UNMB, munc\u0103 ce a fost dublu concretizat\u0103 \u00een recitalurile \u0219i comunic\u0103rile \u0219tiin\u021bifice sus\u021binute \u00een simpozionul\u00a0<em>Repere ale crea\u021biei cameral\u0103 din secolul 20<\/em> organizat de catedra de Muzic\u0103 de camer\u0103 \u00een 22 mai 2008 \u0219i \u00een simpozionul\u00a0<em>De la Haydn la compozitori rom\u00e2ni ai secolului XX &#8211; pericplu \u0219tiin\u021bific \u0219i interpretativ <\/em>organizat de catedra de Instrumente de coarde \u00een 15 ianuarie 2009.&#8221; (Tatiana Noia)<\/p>\n","protected":false},"excerpt":{"rendered":"<p>Coord. Tatiana Noia. Volumul con\u021bine comunic\u0103ri \u0219tiin\u021bifice sus\u021binute la simpozioanele catedrelor de muzic\u0103 de camer\u0103 \u0219i vioar\u0103 din 22 mai 2008 \u0219i 15 ianuarie 2009 <a href=\"https:\/\/www.edituraunmb.ro\/?product=akademos-22009-sub-lupa-creativitatii-interpretative\" style=\"padding-left:10px;\">Mai multe detalii<\/a><\/p>\n","protected":false},"featured_media":407,"comment_status":"open","ping_status":"closed","template":"","meta":{"_acf_changed":false},"product_brand":[],"product_cat":[114],"product_tag":[],"class_list":{"0":"post-696","1":"product","2":"type-product","3":"status-publish","4":"has-post-thumbnail","6":"product_cat-114","7":"p_author-andreea-butnaru","8":"p_author-ioana-croitoru","9":"p_author-luminita-virginia-burca","10":"p_author-manuela-giosa","11":"p_author-marcel-frandes","12":"p_author-octavian-ratiu","13":"p_author-ovidiu-cucu","14":"p_author-raluca-voicu","15":"p_author-tatiana-noia","16":"p_author-vasile-tugui","17":"t_lucrare-akademos","19":"first","20":"instock","21":"shipping-taxable","22":"product-type-simple"},"acf":[],"_links":{"self":[{"href":"https:\/\/www.edituraunmb.ro\/index.php?rest_route=\/wp\/v2\/product\/696","targetHints":{"allow":["GET"]}}],"collection":[{"href":"https:\/\/www.edituraunmb.ro\/index.php?rest_route=\/wp\/v2\/product"}],"about":[{"href":"https:\/\/www.edituraunmb.ro\/index.php?rest_route=\/wp\/v2\/types\/product"}],"replies":[{"embeddable":true,"href":"https:\/\/www.edituraunmb.ro\/index.php?rest_route=%2Fwp%2Fv2%2Fcomments&post=696"}],"wp:featuredmedia":[{"embeddable":true,"href":"https:\/\/www.edituraunmb.ro\/index.php?rest_route=\/wp\/v2\/media\/407"}],"wp:attachment":[{"href":"https:\/\/www.edituraunmb.ro\/index.php?rest_route=%2Fwp%2Fv2%2Fmedia&parent=696"}],"wp:term":[{"taxonomy":"product_brand","embeddable":true,"href":"https:\/\/www.edituraunmb.ro\/index.php?rest_route=%2Fwp%2Fv2%2Fproduct_brand&post=696"},{"taxonomy":"product_cat","embeddable":true,"href":"https:\/\/www.edituraunmb.ro\/index.php?rest_route=%2Fwp%2Fv2%2Fproduct_cat&post=696"},{"taxonomy":"product_tag","embeddable":true,"href":"https:\/\/www.edituraunmb.ro\/index.php?rest_route=%2Fwp%2Fv2%2Fproduct_tag&post=696"}],"curies":[{"name":"wp","href":"https:\/\/api.w.org\/{rel}","templated":true}]}}